{"id":727,"date":"2020-06-30T15:14:54","date_gmt":"2020-06-30T13:14:54","guid":{"rendered":"https:\/\/deroorarebooks.com\/product\/la-nourriture-de-lame-ou-recueil-de-prieres-pour-tous-les-jours-de-la-semaine-pour-les-principales-fetes-de-lannee-et-sur-differens-sujets-interessans-tant-pour-les-personnes-qui-sont-en-sante-q\/"},"modified":"2025-12-01T18:20:49","modified_gmt":"2025-12-01T17:20:49","slug":"la-nourriture-de-lame-ou-recueil-de-prieres-pour-tous-les-jours-de-la-semaine-pour-les-principales-fetes-de-lannee-et-sur-differens-sujets-interessans-tant-pour-les-personnes-qui-sont-en-sante-q","status":"publish","type":"product","link":"https:\/\/deroorarebooks.com\/zh\/product\/la-nourriture-de-lame-ou-recueil-de-prieres-pour-tous-les-jours-de-la-semaine-pour-les-principales-fetes-de-lannee-et-sur-differens-sujets-interessans-tant-pour-les-personnes-qui-sont-en-sante-q\/","title":{"rendered":"La Nourriture de l&#8217;Ame, ou Recueil de Prieres pour tous les Jours de la Semaine, pour les Principales Fetes de l&#8217;Ann\u00e9e et sur Differens Sujets Int\u00e9ressans. Tant pour les Personnes qui sont en Sant\u00e9, que pour celles qui sont visit\u00e9es par la maladie, on qui se vo\u00efent aux portes de la mort. On trouvera aussi une Harmonie de la Passion, qui renferme les Lectures Convenables pour Chacun des Jours de la Semaine Sainte. Le tout pr\u00e9c\u00e9d\u00e9 d&#8217;un Petit Trait\u00e9 de la Priere.Cinquieme Edition."},"content":{"rendered":"<p>(22) 62 (4), 504 (8) p. Origineel half Leer, 8&deg;<\/p>","protected":false},"excerpt":{"rendered":"<p>(22) 62 (4), 504 (8) p. Origineel half Leer, 8&deg;<\/p>","protected":false},"featured_media":728,"template":"","meta":[],"product_brand":[],"product_cat":[18],"product_tag":[],"class_list":{"0":"post-727","1":"product","2":"type-product","3":"status-publish","4":"has-post-thumbnail","6":"product_cat-religion","7":"pa_author-2-osterwald-jean-rodolphe","8":"pa_publisher-halle-et-leipzig-daniel-blanc","10":"first","11":"instock","12":"purchasable","13":"product-type-simple"},"yoast_head":"<!-- This site is optimized with the Yoast SEO Premium plugin v22.1 (Yoast SEO v26.0) - https:\/\/yoast.com\/wordpress\/plugins\/seo\/ -->\n<title>La Nourriture de l&#039;Ame, ou Recueil de Prieres pour tous les Jours de la Semaine, pour les Principales Fetes de l&#039;Ann\u00e9e et sur Differens Sujets Int\u00e9ressans. Tant pour les Personnes qui sont en Sant\u00e9, que pour celles qui sont visit\u00e9es par la maladie, on qui se vo\u00efent aux portes de la mort. On trouvera aussi une Harmonie de la Passion, qui renferme les Lectures Convenables pour Chacun des Jours de la Semaine Sainte. Le tout pr\u00e9c\u00e9d\u00e9 d&#039;un Petit Trait\u00e9 de la Priere.Cinquieme Edition. - Antiquariaat De Roo<\/title>\n<meta name=\"robots\" content=\"index, follow, max-snippet:-1, max-image-preview:large, max-video-preview:-1\" \/>\n<link rel=\"canonical\" href=\"https:\/\/deroorarebooks.com\/zh\/product\/la-nourriture-de-lame-ou-recueil-de-prieres-pour-tous-les-jours-de-la-semaine-pour-les-principales-fetes-de-lannee-et-sur-differens-sujets-interessans-tant-pour-les-personnes-qui-sont-en-sante-q\/\" \/>\n<meta property=\"og:locale\" content=\"zh_CN\" \/>\n<meta property=\"og:type\" content=\"article\" \/>\n<meta property=\"og:title\" content=\"La Nourriture de l&#039;Ame, ou Recueil de Prieres pour tous les Jours de la Semaine, pour les Principales Fetes de l&#039;Ann\u00e9e et sur Differens Sujets Int\u00e9ressans. Tant pour les Personnes qui sont en Sant\u00e9, que pour celles qui sont visit\u00e9es par la maladie, on qui se vo\u00efent aux portes de la mort. On trouvera aussi une Harmonie de la Passion, qui renferme les Lectures Convenables pour Chacun des Jours de la Semaine Sainte. Le tout pr\u00e9c\u00e9d\u00e9 d&#039;un Petit Trait\u00e9 de la Priere.Cinquieme Edition.\" \/>\n<meta property=\"og:description\" content=\"(22) 62 (4), 504 (8) p. Origineel half Leer, 8&deg;\" \/>\n<meta property=\"og:url\" content=\"https:\/\/deroorarebooks.com\/zh\/product\/la-nourriture-de-lame-ou-recueil-de-prieres-pour-tous-les-jours-de-la-semaine-pour-les-principales-fetes-de-lannee-et-sur-differens-sujets-interessans-tant-pour-les-personnes-qui-sont-en-sante-q\/\" \/>\n<meta property=\"og:site_name\" content=\"Antiquariaat De Roo\" \/>\n<meta property=\"article:modified_time\" content=\"2025-12-01T17:20:49+00:00\" \/>\n<meta property=\"og:image\" content=\"https:\/\/deroorarebooks.com\/wp-content\/uploads\/2020\/06\/IMG_9857_1.jpg\" \/>\n\t<meta property=\"og:image:width\" content=\"480\" \/>\n\t<meta property=\"og:image:height\" content=\"640\" \/>\n\t<meta property=\"og:image:type\" content=\"image\/jpeg\" \/>\n<meta name=\"twitter:card\" content=\"summary_large_image\" \/>\n<script type=\"application\/ld+json\" class=\"yoast-schema-graph\">{\"@context\":\"https:\/\/schema.org\",\"@graph\":[{\"@type\":\"WebPage\",\"@id\":\"https:\/\/deroorarebooks.com\/product\/la-nourriture-de-lame-ou-recueil-de-prieres-pour-tous-les-jours-de-la-semaine-pour-les-principales-fetes-de-lannee-et-sur-differens-sujets-interessans-tant-pour-les-personnes-qui-sont-en-sante-q\/\",\"url\":\"https:\/\/deroorarebooks.com\/product\/la-nourriture-de-lame-ou-recueil-de-prieres-pour-tous-les-jours-de-la-semaine-pour-les-principales-fetes-de-lannee-et-sur-differens-sujets-interessans-tant-pour-les-personnes-qui-sont-en-sante-q\/\",\"name\":\"La Nourriture de l'Ame, ou Recueil de Prieres pour tous les Jours de la Semaine, pour les Principales Fetes de l'Ann\u00e9e et sur Differens Sujets Int\u00e9ressans. Tant pour les Personnes qui sont en Sant\u00e9, que pour celles qui sont visit\u00e9es par la maladie, on qui se vo\u00efent aux portes de la mort. On trouvera aussi une Harmonie de la Passion, qui renferme les Lectures Convenables pour Chacun des Jours de la Semaine Sainte. Le tout pr\u00e9c\u00e9d\u00e9 d'un Petit Trait\u00e9 de la Priere.Cinquieme Edition. - Antiquariaat De Roo\",\"isPartOf\":{\"@id\":\"https:\/\/deroorarebooks.com\/es\/#website\"},\"primaryImageOfPage\":{\"@id\":\"https:\/\/deroorarebooks.com\/product\/la-nourriture-de-lame-ou-recueil-de-prieres-pour-tous-les-jours-de-la-semaine-pour-les-principales-fetes-de-lannee-et-sur-differens-sujets-interessans-tant-pour-les-personnes-qui-sont-en-sante-q\/#primaryimage\"},\"image\":{\"@id\":\"https:\/\/deroorarebooks.com\/product\/la-nourriture-de-lame-ou-recueil-de-prieres-pour-tous-les-jours-de-la-semaine-pour-les-principales-fetes-de-lannee-et-sur-differens-sujets-interessans-tant-pour-les-personnes-qui-sont-en-sante-q\/#primaryimage\"},\"thumbnailUrl\":\"https:\/\/deroorarebooks.com\/wp-content\/uploads\/2020\/06\/IMG_9857_1.jpg\",\"datePublished\":\"2020-06-30T13:14:54+00:00\",\"dateModified\":\"2025-12-01T17:20:49+00:00\",\"breadcrumb\":{\"@id\":\"https:\/\/deroorarebooks.com\/product\/la-nourriture-de-lame-ou-recueil-de-prieres-pour-tous-les-jours-de-la-semaine-pour-les-principales-fetes-de-lannee-et-sur-differens-sujets-interessans-tant-pour-les-personnes-qui-sont-en-sante-q\/#breadcrumb\"},\"inLanguage\":\"zh-CN\",\"potentialAction\":[{\"@type\":\"ReadAction\",\"target\":[\"https:\/\/deroorarebooks.com\/product\/la-nourriture-de-lame-ou-recueil-de-prieres-pour-tous-les-jours-de-la-semaine-pour-les-principales-fetes-de-lannee-et-sur-differens-sujets-interessans-tant-pour-les-personnes-qui-sont-en-sante-q\/\"]}]},{\"@type\":\"ImageObject\",\"inLanguage\":\"zh-CN\",\"@id\":\"https:\/\/deroorarebooks.com\/product\/la-nourriture-de-lame-ou-recueil-de-prieres-pour-tous-les-jours-de-la-semaine-pour-les-principales-fetes-de-lannee-et-sur-differens-sujets-interessans-tant-pour-les-personnes-qui-sont-en-sante-q\/#primaryimage\",\"url\":\"https:\/\/deroorarebooks.com\/wp-content\/uploads\/2020\/06\/IMG_9857_1.jpg\",\"contentUrl\":\"https:\/\/deroorarebooks.com\/wp-content\/uploads\/2020\/06\/IMG_9857_1.jpg\",\"width\":480,\"height\":640},{\"@type\":\"BreadcrumbList\",\"@id\":\"https:\/\/deroorarebooks.com\/product\/la-nourriture-de-lame-ou-recueil-de-prieres-pour-tous-les-jours-de-la-semaine-pour-les-principales-fetes-de-lannee-et-sur-differens-sujets-interessans-tant-pour-les-personnes-qui-sont-en-sante-q\/#breadcrumb\",\"itemListElement\":[{\"@type\":\"ListItem\",\"position\":1,\"name\":\"Home\",\"item\":\"https:\/\/deroorarebooks.com\/\"},{\"@type\":\"ListItem\",\"position\":2,\"name\":\"Shop\",\"item\":\"https:\/\/deroorarebooks.com\/shop\/\"},{\"@type\":\"ListItem\",\"position\":3,\"name\":\"La Nourriture de l'Ame, ou Recueil de Prieres pour tous les Jours de la Semaine, pour les Principales Fetes de l'Ann\u00e9e et sur Differens Sujets Int\u00e9ressans. Tant pour les Personnes qui sont en Sant\u00e9, que pour celles qui sont visit\u00e9es par la maladie, on qui se vo\u00efent aux portes de la mort. On trouvera aussi une Harmonie de la Passion, qui renferme les Lectures Convenables pour Chacun des Jours de la Semaine Sainte. Le tout pr\u00e9c\u00e9d\u00e9 d'un Petit Trait\u00e9 de la Priere.Cinquieme Edition.\"}]},{\"@type\":\"WebSite\",\"@id\":\"https:\/\/deroorarebooks.com\/es\/#website\",\"url\":\"https:\/\/deroorarebooks.com\/es\/\",\"name\":\"Antiquariaat De Roo\",\"description\":\"Fine bindings, Theology, (Church) History, Hand-coloured works, Globes\",\"publisher\":{\"@id\":\"https:\/\/deroorarebooks.com\/es\/#organization\"},\"potentialAction\":[{\"@type\":\"SearchAction\",\"target\":{\"@type\":\"EntryPoint\",\"urlTemplate\":\"https:\/\/deroorarebooks.com\/es\/?s={search_term_string}\"},\"query-input\":{\"@type\":\"PropertyValueSpecification\",\"valueRequired\":true,\"valueName\":\"search_term_string\"}}],\"inLanguage\":\"zh-CN\"},{\"@type\":\"Organization\",\"@id\":\"https:\/\/deroorarebooks.com\/es\/#organization\",\"name\":\"Antiquariaat De Roo\",\"url\":\"https:\/\/deroorarebooks.com\/es\/\",\"logo\":{\"@type\":\"ImageObject\",\"inLanguage\":\"zh-CN\",\"@id\":\"https:\/\/deroorarebooks.com\/es\/#\/schema\/logo\/image\/\",\"url\":\"https:\/\/deroorarebooks.com\/wp-content\/uploads\/2020\/07\/Logo_Zwart_rood_750.png\",\"contentUrl\":\"https:\/\/deroorarebooks.com\/wp-content\/uploads\/2020\/07\/Logo_Zwart_rood_750.png\",\"width\":750,\"height\":221,\"caption\":\"Antiquariaat De Roo\"},\"image\":{\"@id\":\"https:\/\/deroorarebooks.com\/es\/#\/schema\/logo\/image\/\"}}]}<\/script>\n<!-- \/ Yoast SEO Premium plugin. -->","yoast_head_json":{"title":"La Nourriture de l'Ame, ou Recueil de Prieres pour tous les Jours de la Semaine, pour les Principales Fetes de l'Ann\u00e9e et sur Differens Sujets Int\u00e9ressans. Tant pour les Personnes qui sont en Sant\u00e9, que pour celles qui sont visit\u00e9es par la maladie, on qui se vo\u00efent aux portes de la mort. On trouvera aussi une Harmonie de la Passion, qui renferme les Lectures Convenables pour Chacun des Jours de la Semaine Sainte. Le tout pr\u00e9c\u00e9d\u00e9 d'un Petit Trait\u00e9 de la Priere.Cinquieme Edition. - Antiquariaat De Roo","robots":{"index":"index","follow":"follow","max-snippet":"max-snippet:-1","max-image-preview":"max-image-preview:large","max-video-preview":"max-video-preview:-1"},"canonical":"https:\/\/deroorarebooks.com\/zh\/product\/la-nourriture-de-lame-ou-recueil-de-prieres-pour-tous-les-jours-de-la-semaine-pour-les-principales-fetes-de-lannee-et-sur-differens-sujets-interessans-tant-pour-les-personnes-qui-sont-en-sante-q\/","og_locale":"zh_CN","og_type":"article","og_title":"La Nourriture de l'Ame, ou Recueil de Prieres pour tous les Jours de la Semaine, pour les Principales Fetes de l'Ann\u00e9e et sur Differens Sujets Int\u00e9ressans. Tant pour les Personnes qui sont en Sant\u00e9, que pour celles qui sont visit\u00e9es par la maladie, on qui se vo\u00efent aux portes de la mort. On trouvera aussi une Harmonie de la Passion, qui renferme les Lectures Convenables pour Chacun des Jours de la Semaine Sainte. Le tout pr\u00e9c\u00e9d\u00e9 d'un Petit Trait\u00e9 de la Priere.Cinquieme Edition.","og_description":"(22) 62 (4), 504 (8) p. Origineel half Leer, 8&deg;","og_url":"https:\/\/deroorarebooks.com\/zh\/product\/la-nourriture-de-lame-ou-recueil-de-prieres-pour-tous-les-jours-de-la-semaine-pour-les-principales-fetes-de-lannee-et-sur-differens-sujets-interessans-tant-pour-les-personnes-qui-sont-en-sante-q\/","og_site_name":"Antiquariaat De Roo","article_modified_time":"2025-12-01T17:20:49+00:00","og_image":[{"width":480,"height":640,"url":"https:\/\/deroorarebooks.com\/wp-content\/uploads\/2020\/06\/IMG_9857_1.jpg","type":"image\/jpeg"}],"twitter_card":"summary_large_image","schema":{"@context":"https:\/\/schema.org","@graph":[{"@type":"WebPage","@id":"https:\/\/deroorarebooks.com\/product\/la-nourriture-de-lame-ou-recueil-de-prieres-pour-tous-les-jours-de-la-semaine-pour-les-principales-fetes-de-lannee-et-sur-differens-sujets-interessans-tant-pour-les-personnes-qui-sont-en-sante-q\/","url":"https:\/\/deroorarebooks.com\/product\/la-nourriture-de-lame-ou-recueil-de-prieres-pour-tous-les-jours-de-la-semaine-pour-les-principales-fetes-de-lannee-et-sur-differens-sujets-interessans-tant-pour-les-personnes-qui-sont-en-sante-q\/","name":"La Nourriture de l'Ame, ou Recueil de Prieres pour tous les Jours de la Semaine, pour les Principales Fetes de l'Ann\u00e9e et sur Differens Sujets Int\u00e9ressans. Tant pour les Personnes qui sont en Sant\u00e9, que pour celles qui sont visit\u00e9es par la maladie, on qui se vo\u00efent aux portes de la mort. On trouvera aussi une Harmonie de la Passion, qui renferme les Lectures Convenables pour Chacun des Jours de la Semaine Sainte. Le tout pr\u00e9c\u00e9d\u00e9 d'un Petit Trait\u00e9 de la Priere.Cinquieme Edition. - Antiquariaat De Roo","isPartOf":{"@id":"https:\/\/deroorarebooks.com\/es\/#website"},"primaryImageOfPage":{"@id":"https:\/\/deroorarebooks.com\/product\/la-nourriture-de-lame-ou-recueil-de-prieres-pour-tous-les-jours-de-la-semaine-pour-les-principales-fetes-de-lannee-et-sur-differens-sujets-interessans-tant-pour-les-personnes-qui-sont-en-sante-q\/#primaryimage"},"image":{"@id":"https:\/\/deroorarebooks.com\/product\/la-nourriture-de-lame-ou-recueil-de-prieres-pour-tous-les-jours-de-la-semaine-pour-les-principales-fetes-de-lannee-et-sur-differens-sujets-interessans-tant-pour-les-personnes-qui-sont-en-sante-q\/#primaryimage"},"thumbnailUrl":"https:\/\/deroorarebooks.com\/wp-content\/uploads\/2020\/06\/IMG_9857_1.jpg","datePublished":"2020-06-30T13:14:54+00:00","dateModified":"2025-12-01T17:20:49+00:00","breadcrumb":{"@id":"https:\/\/deroorarebooks.com\/product\/la-nourriture-de-lame-ou-recueil-de-prieres-pour-tous-les-jours-de-la-semaine-pour-les-principales-fetes-de-lannee-et-sur-differens-sujets-interessans-tant-pour-les-personnes-qui-sont-en-sante-q\/#breadcrumb"},"inLanguage":"zh-CN","potentialAction":[{"@type":"ReadAction","target":["https:\/\/deroorarebooks.com\/product\/la-nourriture-de-lame-ou-recueil-de-prieres-pour-tous-les-jours-de-la-semaine-pour-les-principales-fetes-de-lannee-et-sur-differens-sujets-interessans-tant-pour-les-personnes-qui-sont-en-sante-q\/"]}]},{"@type":"ImageObject","inLanguage":"zh-CN","@id":"https:\/\/deroorarebooks.com\/product\/la-nourriture-de-lame-ou-recueil-de-prieres-pour-tous-les-jours-de-la-semaine-pour-les-principales-fetes-de-lannee-et-sur-differens-sujets-interessans-tant-pour-les-personnes-qui-sont-en-sante-q\/#primaryimage","url":"https:\/\/deroorarebooks.com\/wp-content\/uploads\/2020\/06\/IMG_9857_1.jpg","contentUrl":"https:\/\/deroorarebooks.com\/wp-content\/uploads\/2020\/06\/IMG_9857_1.jpg","width":480,"height":640},{"@type":"BreadcrumbList","@id":"https:\/\/deroorarebooks.com\/product\/la-nourriture-de-lame-ou-recueil-de-prieres-pour-tous-les-jours-de-la-semaine-pour-les-principales-fetes-de-lannee-et-sur-differens-sujets-interessans-tant-pour-les-personnes-qui-sont-en-sante-q\/#breadcrumb","itemListElement":[{"@type":"ListItem","position":1,"name":"Home","item":"https:\/\/deroorarebooks.com\/"},{"@type":"ListItem","position":2,"name":"Shop","item":"https:\/\/deroorarebooks.com\/shop\/"},{"@type":"ListItem","position":3,"name":"La Nourriture de l'Ame, ou Recueil de Prieres pour tous les Jours de la Semaine, pour les Principales Fetes de l'Ann\u00e9e et sur Differens Sujets Int\u00e9ressans. Tant pour les Personnes qui sont en Sant\u00e9, que pour celles qui sont visit\u00e9es par la maladie, on qui se vo\u00efent aux portes de la mort. On trouvera aussi une Harmonie de la Passion, qui renferme les Lectures Convenables pour Chacun des Jours de la Semaine Sainte. Le tout pr\u00e9c\u00e9d\u00e9 d'un Petit Trait\u00e9 de la Priere.Cinquieme Edition."}]},{"@type":"WebSite","@id":"https:\/\/deroorarebooks.com\/es\/#website","url":"https:\/\/deroorarebooks.com\/es\/","name":"Antiquariaat De Roo","description":"Fine bindings, Theology, (Church) History, Hand-coloured works, Globes","publisher":{"@id":"https:\/\/deroorarebooks.com\/es\/#organization"},"potentialAction":[{"@type":"SearchAction","target":{"@type":"EntryPoint","urlTemplate":"https:\/\/deroorarebooks.com\/es\/?s={search_term_string}"},"query-input":{"@type":"PropertyValueSpecification","valueRequired":true,"valueName":"search_term_string"}}],"inLanguage":"zh-CN"},{"@type":"Organization","@id":"https:\/\/deroorarebooks.com\/es\/#organization","name":"Antiquariaat De Roo","url":"https:\/\/deroorarebooks.com\/es\/","logo":{"@type":"ImageObject","inLanguage":"zh-CN","@id":"https:\/\/deroorarebooks.com\/es\/#\/schema\/logo\/image\/","url":"https:\/\/deroorarebooks.com\/wp-content\/uploads\/2020\/07\/Logo_Zwart_rood_750.png","contentUrl":"https:\/\/deroorarebooks.com\/wp-content\/uploads\/2020\/07\/Logo_Zwart_rood_750.png","width":750,"height":221,"caption":"Antiquariaat De Roo"},"image":{"@id":"https:\/\/deroorarebooks.com\/es\/#\/schema\/logo\/image\/"}}]}},"_links":{"self":[{"href":"https:\/\/deroorarebooks.com\/zh\/wp-json\/wp\/v2\/product\/727","targetHints":{"allow":["GET"]}}],"collection":[{"href":"https:\/\/deroorarebooks.com\/zh\/wp-json\/wp\/v2\/product"}],"about":[{"href":"https:\/\/deroorarebooks.com\/zh\/wp-json\/wp\/v2\/types\/product"}],"wp:featuredmedia":[{"embeddable":true,"href":"https:\/\/deroorarebooks.com\/zh\/wp-json\/wp\/v2\/media\/728"}],"wp:attachment":[{"href":"https:\/\/deroorarebooks.com\/zh\/wp-json\/wp\/v2\/media?parent=727"}],"wp:term":[{"taxonomy":"product_brand","embeddable":true,"href":"https:\/\/deroorarebooks.com\/zh\/wp-json\/wp\/v2\/product_brand?post=727"},{"taxonomy":"product_cat","embeddable":true,"href":"https:\/\/deroorarebooks.com\/zh\/wp-json\/wp\/v2\/product_cat?post=727"},{"taxonomy":"product_tag","embeddable":true,"href":"https:\/\/deroorarebooks.com\/zh\/wp-json\/wp\/v2\/product_tag?post=727"}],"curies":[{"name":"wp","href":"https:\/\/api.w.org\/{rel}","templated":true}]}}