{"id":9581,"date":"2021-04-28T09:44:46","date_gmt":"2021-04-28T07:44:46","guid":{"rendered":"https:\/\/deroorarebooks.com\/?post_type=product&#038;p=9581"},"modified":"2025-11-13T17:15:59","modified_gmt":"2025-11-13T16:15:59","slug":"les-roses","status":"publish","type":"product","link":"https:\/\/deroorarebooks.com\/nl\/product\/les-roses\/","title":{"rendered":"Les Roses"},"content":{"rendered":"<p>4 delen, 156, 122, 125, 386 p. Opnieuw gebonden half Leer, groot Folio 56 x 37,5 cm. Een gelimiteerde herdruk van 510 exemplaren, met 169, fraaie, gekleurde platen, dit exemplaar is genummerd 106. Een volledige facsimile herdruk van de drie foliobanden van de oorspronkelijke uitgave 1817-1824, waaraan de uitgevers een vierde deel toevoegden in het Engels en Frans, met als inhoud: &#8211; Inleiding door Sir George Taylor. &#8211; Biografie\u00ebn en bilbiografie\u00ebn van Redout\u00e9 en Thory door Andr\u00e9 Lawalr\u00e9e. &#8211; Commentaar op de rozen van Redout\u00e9 met volledige synoniemen en kritische analyse door Gisele de la Roche. &#8211; Beknopte vertaling van Thory&#8217;s tekst en aanvullingen.<br \/>\nGeen enkele bloemenschilder heeft zijn naam en onsterfelijkheid zo in verband gebracht met \u00e9\u00e9n geslacht als Redout\u00e9 met de roos. Deze driedelige set is het beroemdste werk van Redout\u00e9. De 169 handgekleurde platen zijn de meest gereproduceerde van alle botanische afbeeldingen. Pierre Joseph Redout\u00e9 (1759-1840) kwam uit een Belgische schildersfamilie en diende zelf, onder verschillende titels, als tekenmeester voor de koninginnen en prinsessen van Frankrijk gedurende een halve eeuw. Koninklijk of aristocratisch mecenaat was essentieel voor de productie van zijn vele kostbare en rijkelijk ge\u00efllustreerde werken.<\/p>\n<p><em>4 volumes, 156, 122, 125, 386 p. Half leather, Large Folio 56 x 37,5 cm. A limited reprinted edition to 510 copies, with very fine 169 color plates, this copy numbered 106. A complete facsimile reprint of the three folio volumes of the original 1817-1824 edition, to which the publishers have added a matching fourth volume in English and French including: Introduction by Sir George Taylor. Biographies and bilbiographies of Redout\u00e9 and Thory by Andr\u00e9 Lawalr\u00e9e. Commentary on the Roses of Redout\u00e9 with full synonymy and critical analysis by Gisele de la Roche. Summary translation of Thory&#8217;s text and additional color plates of roses by Redout\u00e9. No flower painter has so linked his name and immortality with a single genus as has Redoute\u0301 with the rose. This three-volume set is Redoute\u0301 most famous work; its 169 hand-colored plates are the most frequently reproduced of all botanical images. Pierre Joseph Redoute\u0301 (1759-1840) was from a Belgian family of painters, and himself served, under various titles, as drawing master to the queens and princesses of France for half a century. Royal or aristocratic patronage was essential for the production of his many costly and lavishly illustrated works.<\/em><\/p>","protected":false},"excerpt":{"rendered":"<p>4 delen, 156, 122, 125, 386 p. Opnieuw gebonden half Leer, groot Folio 56 x 37,5 cm. Een gelimiteerde herdruk van 510 exemplaren, met 169, fraaie, gekleurde platen, dit exemplaar is genummerd 106. Een volledige facsimile herdruk van de drie foliobanden van de oorspronkelijke uitgave 1817-1824, waaraan de uitgevers een vierde deel toevoegden in het [&#8230;]","protected":false},"featured_media":9784,"template":"","meta":[],"product_brand":[],"product_cat":[3629,23,20],"product_tag":[3249],"class_list":{"0":"post-9581","1":"product","2":"type-product","3":"status-publish","4":"has-post-thumbnail","6":"product_cat-all-products","7":"product_cat-handcoloured","8":"product_cat-highlights","9":"product_tag-handcoloured","10":"pa_author-2-redoute-pierre-joseph","11":"pa_publisher-paris-imprimerie-de-firmin-didot-1817-24-antwerp-de-schutter","13":"first","14":"instock","15":"sale","16":"purchasable","17":"product-type-simple"},"yoast_head":"<!-- This site is optimized with the Yoast SEO Premium plugin v22.1 (Yoast SEO v26.0) - https:\/\/yoast.com\/wordpress\/plugins\/seo\/ -->\n<title>Les Roses - Antiquariaat De Roo<\/title>\n<meta name=\"robots\" content=\"index, follow, max-snippet:-1, max-image-preview:large, max-video-preview:-1\" \/>\n<link rel=\"canonical\" href=\"https:\/\/deroorarebooks.com\/nl\/product\/les-roses\/\" \/>\n<meta property=\"og:locale\" content=\"nl_NL\" \/>\n<meta property=\"og:type\" content=\"article\" \/>\n<meta property=\"og:title\" content=\"Les Roses\" \/>\n<meta property=\"og:description\" content=\"4 delen, 156, 122, 125, 386 p. Opnieuw gebonden half Leer, groot Folio 56 x 37,5 cm. Een gelimiteerde herdruk van 510 exemplaren, met 169, fraaie, gekleurde platen, dit exemplaar is genummerd 106. Een volledige facsimile herdruk van de drie foliobanden van de oorspronkelijke uitgave 1817-1824, waaraan de uitgevers een vierde deel toevoegden in het [...]\" \/>\n<meta property=\"og:url\" content=\"https:\/\/deroorarebooks.com\/nl\/product\/les-roses\/\" \/>\n<meta property=\"og:site_name\" content=\"Antiquariaat De Roo\" \/>\n<meta property=\"article:modified_time\" content=\"2025-11-13T16:15:59+00:00\" \/>\n<meta property=\"og:image\" content=\"https:\/\/deroorarebooks.com\/wp-content\/uploads\/2021\/04\/0421-les-roses-11.jpg\" \/>\n\t<meta property=\"og:image:width\" content=\"1164\" \/>\n\t<meta property=\"og:image:height\" content=\"1920\" \/>\n\t<meta property=\"og:image:type\" content=\"image\/jpeg\" \/>\n<meta name=\"twitter:card\" content=\"summary_large_image\" \/>\n<meta name=\"twitter:label1\" content=\"Geschatte leestijd\" \/>\n\t<meta name=\"twitter:data1\" content=\"2 minuten\" \/>\n<script type=\"application\/ld+json\" class=\"yoast-schema-graph\">{\"@context\":\"https:\/\/schema.org\",\"@graph\":[{\"@type\":\"WebPage\",\"@id\":\"https:\/\/deroorarebooks.com\/product\/les-roses\/\",\"url\":\"https:\/\/deroorarebooks.com\/product\/les-roses\/\",\"name\":\"Les Roses - Antiquariaat De Roo\",\"isPartOf\":{\"@id\":\"https:\/\/deroorarebooks.com\/es\/#website\"},\"primaryImageOfPage\":{\"@id\":\"https:\/\/deroorarebooks.com\/product\/les-roses\/#primaryimage\"},\"image\":{\"@id\":\"https:\/\/deroorarebooks.com\/product\/les-roses\/#primaryimage\"},\"thumbnailUrl\":\"https:\/\/deroorarebooks.com\/wp-content\/uploads\/2021\/04\/0421-les-roses-11.jpg\",\"datePublished\":\"2021-04-28T07:44:46+00:00\",\"dateModified\":\"2025-11-13T16:15:59+00:00\",\"breadcrumb\":{\"@id\":\"https:\/\/deroorarebooks.com\/product\/les-roses\/#breadcrumb\"},\"inLanguage\":\"nl-NL\",\"potentialAction\":[{\"@type\":\"ReadAction\",\"target\":[\"https:\/\/deroorarebooks.com\/product\/les-roses\/\"]}]},{\"@type\":\"ImageObject\",\"inLanguage\":\"nl-NL\",\"@id\":\"https:\/\/deroorarebooks.com\/product\/les-roses\/#primaryimage\",\"url\":\"https:\/\/deroorarebooks.com\/wp-content\/uploads\/2021\/04\/0421-les-roses-11.jpg\",\"contentUrl\":\"https:\/\/deroorarebooks.com\/wp-content\/uploads\/2021\/04\/0421-les-roses-11.jpg\",\"width\":1164,\"height\":1920},{\"@type\":\"BreadcrumbList\",\"@id\":\"https:\/\/deroorarebooks.com\/product\/les-roses\/#breadcrumb\",\"itemListElement\":[{\"@type\":\"ListItem\",\"position\":1,\"name\":\"Home\",\"item\":\"https:\/\/deroorarebooks.com\/\"},{\"@type\":\"ListItem\",\"position\":2,\"name\":\"Shop\",\"item\":\"https:\/\/deroorarebooks.com\/shop\/\"},{\"@type\":\"ListItem\",\"position\":3,\"name\":\"Les Roses\"}]},{\"@type\":\"WebSite\",\"@id\":\"https:\/\/deroorarebooks.com\/es\/#website\",\"url\":\"https:\/\/deroorarebooks.com\/es\/\",\"name\":\"Antiquariaat De Roo\",\"description\":\"Fine bindings, Theology, (Church) History, Hand-coloured works, Globes\",\"publisher\":{\"@id\":\"https:\/\/deroorarebooks.com\/es\/#organization\"},\"potentialAction\":[{\"@type\":\"SearchAction\",\"target\":{\"@type\":\"EntryPoint\",\"urlTemplate\":\"https:\/\/deroorarebooks.com\/es\/?s={search_term_string}\"},\"query-input\":{\"@type\":\"PropertyValueSpecification\",\"valueRequired\":true,\"valueName\":\"search_term_string\"}}],\"inLanguage\":\"nl-NL\"},{\"@type\":\"Organization\",\"@id\":\"https:\/\/deroorarebooks.com\/es\/#organization\",\"name\":\"Antiquariaat De Roo\",\"url\":\"https:\/\/deroorarebooks.com\/es\/\",\"logo\":{\"@type\":\"ImageObject\",\"inLanguage\":\"nl-NL\",\"@id\":\"https:\/\/deroorarebooks.com\/es\/#\/schema\/logo\/image\/\",\"url\":\"https:\/\/deroorarebooks.com\/wp-content\/uploads\/2020\/07\/Logo_Zwart_rood_750.png\",\"contentUrl\":\"https:\/\/deroorarebooks.com\/wp-content\/uploads\/2020\/07\/Logo_Zwart_rood_750.png\",\"width\":750,\"height\":221,\"caption\":\"Antiquariaat De Roo\"},\"image\":{\"@id\":\"https:\/\/deroorarebooks.com\/es\/#\/schema\/logo\/image\/\"}}]}<\/script>\n<!-- \/ Yoast SEO Premium plugin. -->","yoast_head_json":{"title":"Les Roses - Antiquariaat De Roo","robots":{"index":"index","follow":"follow","max-snippet":"max-snippet:-1","max-image-preview":"max-image-preview:large","max-video-preview":"max-video-preview:-1"},"canonical":"https:\/\/deroorarebooks.com\/nl\/product\/les-roses\/","og_locale":"nl_NL","og_type":"article","og_title":"Les Roses","og_description":"4 delen, 156, 122, 125, 386 p. Opnieuw gebonden half Leer, groot Folio 56 x 37,5 cm. Een gelimiteerde herdruk van 510 exemplaren, met 169, fraaie, gekleurde platen, dit exemplaar is genummerd 106. Een volledige facsimile herdruk van de drie foliobanden van de oorspronkelijke uitgave 1817-1824, waaraan de uitgevers een vierde deel toevoegden in het [...]","og_url":"https:\/\/deroorarebooks.com\/nl\/product\/les-roses\/","og_site_name":"Antiquariaat De Roo","article_modified_time":"2025-11-13T16:15:59+00:00","og_image":[{"width":1164,"height":1920,"url":"https:\/\/deroorarebooks.com\/wp-content\/uploads\/2021\/04\/0421-les-roses-11.jpg","type":"image\/jpeg"}],"twitter_card":"summary_large_image","twitter_misc":{"Geschatte leestijd":"2 minuten"},"schema":{"@context":"https:\/\/schema.org","@graph":[{"@type":"WebPage","@id":"https:\/\/deroorarebooks.com\/product\/les-roses\/","url":"https:\/\/deroorarebooks.com\/product\/les-roses\/","name":"Les Roses - Antiquariaat De Roo","isPartOf":{"@id":"https:\/\/deroorarebooks.com\/es\/#website"},"primaryImageOfPage":{"@id":"https:\/\/deroorarebooks.com\/product\/les-roses\/#primaryimage"},"image":{"@id":"https:\/\/deroorarebooks.com\/product\/les-roses\/#primaryimage"},"thumbnailUrl":"https:\/\/deroorarebooks.com\/wp-content\/uploads\/2021\/04\/0421-les-roses-11.jpg","datePublished":"2021-04-28T07:44:46+00:00","dateModified":"2025-11-13T16:15:59+00:00","breadcrumb":{"@id":"https:\/\/deroorarebooks.com\/product\/les-roses\/#breadcrumb"},"inLanguage":"nl-NL","potentialAction":[{"@type":"ReadAction","target":["https:\/\/deroorarebooks.com\/product\/les-roses\/"]}]},{"@type":"ImageObject","inLanguage":"nl-NL","@id":"https:\/\/deroorarebooks.com\/product\/les-roses\/#primaryimage","url":"https:\/\/deroorarebooks.com\/wp-content\/uploads\/2021\/04\/0421-les-roses-11.jpg","contentUrl":"https:\/\/deroorarebooks.com\/wp-content\/uploads\/2021\/04\/0421-les-roses-11.jpg","width":1164,"height":1920},{"@type":"BreadcrumbList","@id":"https:\/\/deroorarebooks.com\/product\/les-roses\/#breadcrumb","itemListElement":[{"@type":"ListItem","position":1,"name":"Home","item":"https:\/\/deroorarebooks.com\/"},{"@type":"ListItem","position":2,"name":"Shop","item":"https:\/\/deroorarebooks.com\/shop\/"},{"@type":"ListItem","position":3,"name":"Les Roses"}]},{"@type":"WebSite","@id":"https:\/\/deroorarebooks.com\/es\/#website","url":"https:\/\/deroorarebooks.com\/es\/","name":"Antiquariaat De Roo","description":"Fine bindings, Theology, (Church) History, Hand-coloured works, Globes","publisher":{"@id":"https:\/\/deroorarebooks.com\/es\/#organization"},"potentialAction":[{"@type":"SearchAction","target":{"@type":"EntryPoint","urlTemplate":"https:\/\/deroorarebooks.com\/es\/?s={search_term_string}"},"query-input":{"@type":"PropertyValueSpecification","valueRequired":true,"valueName":"search_term_string"}}],"inLanguage":"nl-NL"},{"@type":"Organization","@id":"https:\/\/deroorarebooks.com\/es\/#organization","name":"Antiquariaat De Roo","url":"https:\/\/deroorarebooks.com\/es\/","logo":{"@type":"ImageObject","inLanguage":"nl-NL","@id":"https:\/\/deroorarebooks.com\/es\/#\/schema\/logo\/image\/","url":"https:\/\/deroorarebooks.com\/wp-content\/uploads\/2020\/07\/Logo_Zwart_rood_750.png","contentUrl":"https:\/\/deroorarebooks.com\/wp-content\/uploads\/2020\/07\/Logo_Zwart_rood_750.png","width":750,"height":221,"caption":"Antiquariaat De Roo"},"image":{"@id":"https:\/\/deroorarebooks.com\/es\/#\/schema\/logo\/image\/"}}]}},"_links":{"self":[{"href":"https:\/\/deroorarebooks.com\/nl\/wp-json\/wp\/v2\/product\/9581","targetHints":{"allow":["GET"]}}],"collection":[{"href":"https:\/\/deroorarebooks.com\/nl\/wp-json\/wp\/v2\/product"}],"about":[{"href":"https:\/\/deroorarebooks.com\/nl\/wp-json\/wp\/v2\/types\/product"}],"wp:featuredmedia":[{"embeddable":true,"href":"https:\/\/deroorarebooks.com\/nl\/wp-json\/wp\/v2\/media\/9784"}],"wp:attachment":[{"href":"https:\/\/deroorarebooks.com\/nl\/wp-json\/wp\/v2\/media?parent=9581"}],"wp:term":[{"taxonomy":"product_brand","embeddable":true,"href":"https:\/\/deroorarebooks.com\/nl\/wp-json\/wp\/v2\/product_brand?post=9581"},{"taxonomy":"product_cat","embeddable":true,"href":"https:\/\/deroorarebooks.com\/nl\/wp-json\/wp\/v2\/product_cat?post=9581"},{"taxonomy":"product_tag","embeddable":true,"href":"https:\/\/deroorarebooks.com\/nl\/wp-json\/wp\/v2\/product_tag?post=9581"}],"curies":[{"name":"wp","href":"https:\/\/api.w.org\/{rel}","templated":true}]}}