{"id":10979,"date":"2021-08-25T08:40:29","date_gmt":"2021-08-25T06:40:29","guid":{"rendered":"https:\/\/deroorarebooks.com\/?post_type=product&#038;p=10979"},"modified":"2025-09-25T17:05:18","modified_gmt":"2025-09-25T15:05:18","slug":"eucologe-ou-livre-d-eglise-a-l-usage-de-paris-contenant-l-office-de-tous-les-dimanches-et-fetes-de-l-annee-nouvelle-edition","status":"publish","type":"product","link":"https:\/\/deroorarebooks.com\/nl\/product\/eucologe-ou-livre-d-eglise-a-l-usage-de-paris-contenant-l-office-de-tous-les-dimanches-et-fetes-de-l-annee-nouvelle-edition\/","title":{"rendered":"Finely bound in highly elaborate paneled plum morocco gilt by Corfmat"},"content":{"rendered":"<p>Eucologe ou Livre d&#8217; \u00c9glise a l&#8217; Usage de Paris,\u00a0contenant l&#8217; Office de Tous les Dimanches et F\u00eates de l&#8217; Ann\u00e9e. Nouvelle \u00c9dition.<\/p>\n<p>(10) 818 p. H. 15 x W. 8,5 x D. 4 cm. Finely bound in highly elaborate paneled plum morocco gilt by Corfmat incorporating red, tan, and green morocco onlays and monogram [?]&#8221;C.B.&#8221; stamped on covers, &#8220;Rel. Par. Corfmat&#8221; stamped in gilt on spine, doublures, red watered silk endpapers, gilt edges (upper inner hinges split, but silk cords holding, joints a little rubbed, minor old repairs at the head of spine). Provenance: old illegible inscription on front free endpaper. The British Library contains 7 bindings by Corfmat, which are part of the Charles Ramsden Collection of Signed Bindings. They appear in the catalogue with the following note: &#8220;According to the directories, J. Corfmat first appears at [Rue] St. Jacques 110 in 184,0, where he continued till 1843. His favourite decoration is \u00e0 la rocaille.<\/p>\n<p>Further, there is a number of other binders of the same name and approximate period, which it is difficult to place exactly. Thus, there is a second Corfmat in the 1842 Almanach at Galande 37; an E. Corfmat Jeune at St. S\u00e9v\u00e9rin 16 in 1847- 1849 and yet another at Zacharie 9 in 1849 (P. Culot, Relieurs et Reliures, 1995, p. 486; J. Fl\u00e9ty, Dictionnaire des Reliures Francais, p. 47 (Corfmat); C. Ramsden, French Bookbinders, p. 57, 226)&#8221; (B.L.).<\/p>","protected":false},"excerpt":{"rendered":"<p>Eucologe ou Livre d&#8217; \u00c9glise a l&#8217; Usage de Paris,\u00a0contenant l&#8217; Office de Tous les Dimanches et F\u00eates de l&#8217; Ann\u00e9e. Nouvelle \u00c9dition. (10) 818 p. H. 15 x W. 8,5 x D. 4 cm. Finely bound in highly elaborate paneled plum morocco gilt by Corfmat incorporating red, tan, and green morocco onlays and monogram [&#8230;]","protected":false},"featured_media":11158,"template":"","meta":[],"product_brand":[],"product_cat":[21,20],"product_tag":[3249],"class_list":{"0":"post-10979","1":"product","2":"type-product","3":"status-publish","4":"has-post-thumbnail","6":"product_cat-bibles","7":"product_cat-highlights","8":"product_tag-handcoloured","9":"pa_author-2-binding","10":"pa_author-2-corfmat","11":"pa_publisher-paris-aux-depens-des-libraires-associes-pour-les-usages-du-diocese","13":"first","14":"instock","15":"purchasable","16":"product-type-simple"},"yoast_head":"<!-- This site is optimized with the Yoast SEO Premium plugin v22.1 (Yoast SEO v26.0) - https:\/\/yoast.com\/wordpress\/plugins\/seo\/ -->\n<title>Finely bound in highly elaborate paneled plum morocco gilt by Corfmat - Antiquariaat De Roo<\/title>\n<meta name=\"robots\" content=\"index, follow, max-snippet:-1, max-image-preview:large, max-video-preview:-1\" \/>\n<link rel=\"canonical\" href=\"https:\/\/deroorarebooks.com\/nl\/product\/eucologe-ou-livre-d-eglise-a-l-usage-de-paris-contenant-l-office-de-tous-les-dimanches-et-fetes-de-l-annee-nouvelle-edition\/\" \/>\n<meta property=\"og:locale\" content=\"nl_NL\" \/>\n<meta property=\"og:type\" content=\"article\" \/>\n<meta property=\"og:title\" content=\"Finely bound in highly elaborate paneled plum morocco gilt by Corfmat\" \/>\n<meta property=\"og:description\" content=\"Eucologe ou Livre d&#8217; \u00c9glise a l&#8217; Usage de Paris,\u00a0contenant l&#8217; Office de Tous les Dimanches et F\u00eates de l&#8217; Ann\u00e9e. Nouvelle \u00c9dition. (10) 818 p. H. 15 x W. 8,5 x D. 4 cm. Finely bound in highly elaborate paneled plum morocco gilt by Corfmat incorporating red, tan, and green morocco onlays and monogram [...]\" \/>\n<meta property=\"og:url\" content=\"https:\/\/deroorarebooks.com\/nl\/product\/eucologe-ou-livre-d-eglise-a-l-usage-de-paris-contenant-l-office-de-tous-les-dimanches-et-fetes-de-l-annee-nouvelle-edition\/\" \/>\n<meta property=\"og:site_name\" content=\"Antiquariaat De Roo\" \/>\n<meta property=\"article:modified_time\" content=\"2025-09-25T15:05:18+00:00\" \/>\n<meta property=\"og:image\" content=\"https:\/\/deroorarebooks.com\/wp-content\/uploads\/2021\/08\/IMG_0129.jpg\" \/>\n\t<meta property=\"og:image:width\" content=\"1684\" \/>\n\t<meta property=\"og:image:height\" content=\"1920\" \/>\n\t<meta property=\"og:image:type\" content=\"image\/jpeg\" \/>\n<meta name=\"twitter:card\" content=\"summary_large_image\" \/>\n<meta name=\"twitter:label1\" content=\"Geschatte leestijd\" \/>\n\t<meta name=\"twitter:data1\" content=\"2 minuten\" \/>\n<script type=\"application\/ld+json\" class=\"yoast-schema-graph\">{\"@context\":\"https:\/\/schema.org\",\"@graph\":[{\"@type\":\"WebPage\",\"@id\":\"https:\/\/deroorarebooks.com\/product\/eucologe-ou-livre-d-eglise-a-l-usage-de-paris-contenant-l-office-de-tous-les-dimanches-et-fetes-de-l-annee-nouvelle-edition\/\",\"url\":\"https:\/\/deroorarebooks.com\/product\/eucologe-ou-livre-d-eglise-a-l-usage-de-paris-contenant-l-office-de-tous-les-dimanches-et-fetes-de-l-annee-nouvelle-edition\/\",\"name\":\"Finely bound in highly elaborate paneled plum morocco gilt by Corfmat - Antiquariaat De Roo\",\"isPartOf\":{\"@id\":\"https:\/\/deroorarebooks.com\/es\/#website\"},\"primaryImageOfPage\":{\"@id\":\"https:\/\/deroorarebooks.com\/product\/eucologe-ou-livre-d-eglise-a-l-usage-de-paris-contenant-l-office-de-tous-les-dimanches-et-fetes-de-l-annee-nouvelle-edition\/#primaryimage\"},\"image\":{\"@id\":\"https:\/\/deroorarebooks.com\/product\/eucologe-ou-livre-d-eglise-a-l-usage-de-paris-contenant-l-office-de-tous-les-dimanches-et-fetes-de-l-annee-nouvelle-edition\/#primaryimage\"},\"thumbnailUrl\":\"https:\/\/deroorarebooks.com\/wp-content\/uploads\/2021\/08\/IMG_0129.jpg\",\"datePublished\":\"2021-08-25T06:40:29+00:00\",\"dateModified\":\"2025-09-25T15:05:18+00:00\",\"breadcrumb\":{\"@id\":\"https:\/\/deroorarebooks.com\/product\/eucologe-ou-livre-d-eglise-a-l-usage-de-paris-contenant-l-office-de-tous-les-dimanches-et-fetes-de-l-annee-nouvelle-edition\/#breadcrumb\"},\"inLanguage\":\"nl-NL\",\"potentialAction\":[{\"@type\":\"ReadAction\",\"target\":[\"https:\/\/deroorarebooks.com\/product\/eucologe-ou-livre-d-eglise-a-l-usage-de-paris-contenant-l-office-de-tous-les-dimanches-et-fetes-de-l-annee-nouvelle-edition\/\"]}]},{\"@type\":\"ImageObject\",\"inLanguage\":\"nl-NL\",\"@id\":\"https:\/\/deroorarebooks.com\/product\/eucologe-ou-livre-d-eglise-a-l-usage-de-paris-contenant-l-office-de-tous-les-dimanches-et-fetes-de-l-annee-nouvelle-edition\/#primaryimage\",\"url\":\"https:\/\/deroorarebooks.com\/wp-content\/uploads\/2021\/08\/IMG_0129.jpg\",\"contentUrl\":\"https:\/\/deroorarebooks.com\/wp-content\/uploads\/2021\/08\/IMG_0129.jpg\",\"width\":1684,\"height\":1920},{\"@type\":\"BreadcrumbList\",\"@id\":\"https:\/\/deroorarebooks.com\/product\/eucologe-ou-livre-d-eglise-a-l-usage-de-paris-contenant-l-office-de-tous-les-dimanches-et-fetes-de-l-annee-nouvelle-edition\/#breadcrumb\",\"itemListElement\":[{\"@type\":\"ListItem\",\"position\":1,\"name\":\"Home\",\"item\":\"https:\/\/deroorarebooks.com\/\"},{\"@type\":\"ListItem\",\"position\":2,\"name\":\"Shop\",\"item\":\"https:\/\/deroorarebooks.com\/shop\/\"},{\"@type\":\"ListItem\",\"position\":3,\"name\":\"Finely bound in highly elaborate paneled plum morocco gilt by Corfmat\"}]},{\"@type\":\"WebSite\",\"@id\":\"https:\/\/deroorarebooks.com\/es\/#website\",\"url\":\"https:\/\/deroorarebooks.com\/es\/\",\"name\":\"Antiquariaat De Roo\",\"description\":\"Fine bindings, Theology, (Church) History, Hand-coloured works, Globes\",\"publisher\":{\"@id\":\"https:\/\/deroorarebooks.com\/es\/#organization\"},\"potentialAction\":[{\"@type\":\"SearchAction\",\"target\":{\"@type\":\"EntryPoint\",\"urlTemplate\":\"https:\/\/deroorarebooks.com\/es\/?s={search_term_string}\"},\"query-input\":{\"@type\":\"PropertyValueSpecification\",\"valueRequired\":true,\"valueName\":\"search_term_string\"}}],\"inLanguage\":\"nl-NL\"},{\"@type\":\"Organization\",\"@id\":\"https:\/\/deroorarebooks.com\/es\/#organization\",\"name\":\"Antiquariaat De Roo\",\"url\":\"https:\/\/deroorarebooks.com\/es\/\",\"logo\":{\"@type\":\"ImageObject\",\"inLanguage\":\"nl-NL\",\"@id\":\"https:\/\/deroorarebooks.com\/es\/#\/schema\/logo\/image\/\",\"url\":\"https:\/\/deroorarebooks.com\/wp-content\/uploads\/2020\/07\/Logo_Zwart_rood_750.png\",\"contentUrl\":\"https:\/\/deroorarebooks.com\/wp-content\/uploads\/2020\/07\/Logo_Zwart_rood_750.png\",\"width\":750,\"height\":221,\"caption\":\"Antiquariaat De Roo\"},\"image\":{\"@id\":\"https:\/\/deroorarebooks.com\/es\/#\/schema\/logo\/image\/\"}}]}<\/script>\n<!-- \/ Yoast SEO Premium plugin. -->","yoast_head_json":{"title":"Finely bound in highly elaborate paneled plum morocco gilt by Corfmat - Antiquariaat De Roo","robots":{"index":"index","follow":"follow","max-snippet":"max-snippet:-1","max-image-preview":"max-image-preview:large","max-video-preview":"max-video-preview:-1"},"canonical":"https:\/\/deroorarebooks.com\/nl\/product\/eucologe-ou-livre-d-eglise-a-l-usage-de-paris-contenant-l-office-de-tous-les-dimanches-et-fetes-de-l-annee-nouvelle-edition\/","og_locale":"nl_NL","og_type":"article","og_title":"Finely bound in highly elaborate paneled plum morocco gilt by Corfmat","og_description":"Eucologe ou Livre d&#8217; \u00c9glise a l&#8217; Usage de Paris,\u00a0contenant l&#8217; Office de Tous les Dimanches et F\u00eates de l&#8217; Ann\u00e9e. Nouvelle \u00c9dition. (10) 818 p. H. 15 x W. 8,5 x D. 4 cm. Finely bound in highly elaborate paneled plum morocco gilt by Corfmat incorporating red, tan, and green morocco onlays and monogram [...]","og_url":"https:\/\/deroorarebooks.com\/nl\/product\/eucologe-ou-livre-d-eglise-a-l-usage-de-paris-contenant-l-office-de-tous-les-dimanches-et-fetes-de-l-annee-nouvelle-edition\/","og_site_name":"Antiquariaat De Roo","article_modified_time":"2025-09-25T15:05:18+00:00","og_image":[{"width":1684,"height":1920,"url":"https:\/\/deroorarebooks.com\/wp-content\/uploads\/2021\/08\/IMG_0129.jpg","type":"image\/jpeg"}],"twitter_card":"summary_large_image","twitter_misc":{"Geschatte leestijd":"2 minuten"},"schema":{"@context":"https:\/\/schema.org","@graph":[{"@type":"WebPage","@id":"https:\/\/deroorarebooks.com\/product\/eucologe-ou-livre-d-eglise-a-l-usage-de-paris-contenant-l-office-de-tous-les-dimanches-et-fetes-de-l-annee-nouvelle-edition\/","url":"https:\/\/deroorarebooks.com\/product\/eucologe-ou-livre-d-eglise-a-l-usage-de-paris-contenant-l-office-de-tous-les-dimanches-et-fetes-de-l-annee-nouvelle-edition\/","name":"Finely bound in highly elaborate paneled plum morocco gilt by Corfmat - Antiquariaat De Roo","isPartOf":{"@id":"https:\/\/deroorarebooks.com\/es\/#website"},"primaryImageOfPage":{"@id":"https:\/\/deroorarebooks.com\/product\/eucologe-ou-livre-d-eglise-a-l-usage-de-paris-contenant-l-office-de-tous-les-dimanches-et-fetes-de-l-annee-nouvelle-edition\/#primaryimage"},"image":{"@id":"https:\/\/deroorarebooks.com\/product\/eucologe-ou-livre-d-eglise-a-l-usage-de-paris-contenant-l-office-de-tous-les-dimanches-et-fetes-de-l-annee-nouvelle-edition\/#primaryimage"},"thumbnailUrl":"https:\/\/deroorarebooks.com\/wp-content\/uploads\/2021\/08\/IMG_0129.jpg","datePublished":"2021-08-25T06:40:29+00:00","dateModified":"2025-09-25T15:05:18+00:00","breadcrumb":{"@id":"https:\/\/deroorarebooks.com\/product\/eucologe-ou-livre-d-eglise-a-l-usage-de-paris-contenant-l-office-de-tous-les-dimanches-et-fetes-de-l-annee-nouvelle-edition\/#breadcrumb"},"inLanguage":"nl-NL","potentialAction":[{"@type":"ReadAction","target":["https:\/\/deroorarebooks.com\/product\/eucologe-ou-livre-d-eglise-a-l-usage-de-paris-contenant-l-office-de-tous-les-dimanches-et-fetes-de-l-annee-nouvelle-edition\/"]}]},{"@type":"ImageObject","inLanguage":"nl-NL","@id":"https:\/\/deroorarebooks.com\/product\/eucologe-ou-livre-d-eglise-a-l-usage-de-paris-contenant-l-office-de-tous-les-dimanches-et-fetes-de-l-annee-nouvelle-edition\/#primaryimage","url":"https:\/\/deroorarebooks.com\/wp-content\/uploads\/2021\/08\/IMG_0129.jpg","contentUrl":"https:\/\/deroorarebooks.com\/wp-content\/uploads\/2021\/08\/IMG_0129.jpg","width":1684,"height":1920},{"@type":"BreadcrumbList","@id":"https:\/\/deroorarebooks.com\/product\/eucologe-ou-livre-d-eglise-a-l-usage-de-paris-contenant-l-office-de-tous-les-dimanches-et-fetes-de-l-annee-nouvelle-edition\/#breadcrumb","itemListElement":[{"@type":"ListItem","position":1,"name":"Home","item":"https:\/\/deroorarebooks.com\/"},{"@type":"ListItem","position":2,"name":"Shop","item":"https:\/\/deroorarebooks.com\/shop\/"},{"@type":"ListItem","position":3,"name":"Finely bound in highly elaborate paneled plum morocco gilt by Corfmat"}]},{"@type":"WebSite","@id":"https:\/\/deroorarebooks.com\/es\/#website","url":"https:\/\/deroorarebooks.com\/es\/","name":"Antiquariaat De Roo","description":"Fine bindings, Theology, (Church) History, Hand-coloured works, Globes","publisher":{"@id":"https:\/\/deroorarebooks.com\/es\/#organization"},"potentialAction":[{"@type":"SearchAction","target":{"@type":"EntryPoint","urlTemplate":"https:\/\/deroorarebooks.com\/es\/?s={search_term_string}"},"query-input":{"@type":"PropertyValueSpecification","valueRequired":true,"valueName":"search_term_string"}}],"inLanguage":"nl-NL"},{"@type":"Organization","@id":"https:\/\/deroorarebooks.com\/es\/#organization","name":"Antiquariaat De Roo","url":"https:\/\/deroorarebooks.com\/es\/","logo":{"@type":"ImageObject","inLanguage":"nl-NL","@id":"https:\/\/deroorarebooks.com\/es\/#\/schema\/logo\/image\/","url":"https:\/\/deroorarebooks.com\/wp-content\/uploads\/2020\/07\/Logo_Zwart_rood_750.png","contentUrl":"https:\/\/deroorarebooks.com\/wp-content\/uploads\/2020\/07\/Logo_Zwart_rood_750.png","width":750,"height":221,"caption":"Antiquariaat De Roo"},"image":{"@id":"https:\/\/deroorarebooks.com\/es\/#\/schema\/logo\/image\/"}}]}},"_links":{"self":[{"href":"https:\/\/deroorarebooks.com\/nl\/wp-json\/wp\/v2\/product\/10979","targetHints":{"allow":["GET"]}}],"collection":[{"href":"https:\/\/deroorarebooks.com\/nl\/wp-json\/wp\/v2\/product"}],"about":[{"href":"https:\/\/deroorarebooks.com\/nl\/wp-json\/wp\/v2\/types\/product"}],"wp:featuredmedia":[{"embeddable":true,"href":"https:\/\/deroorarebooks.com\/nl\/wp-json\/wp\/v2\/media\/11158"}],"wp:attachment":[{"href":"https:\/\/deroorarebooks.com\/nl\/wp-json\/wp\/v2\/media?parent=10979"}],"wp:term":[{"taxonomy":"product_brand","embeddable":true,"href":"https:\/\/deroorarebooks.com\/nl\/wp-json\/wp\/v2\/product_brand?post=10979"},{"taxonomy":"product_cat","embeddable":true,"href":"https:\/\/deroorarebooks.com\/nl\/wp-json\/wp\/v2\/product_cat?post=10979"},{"taxonomy":"product_tag","embeddable":true,"href":"https:\/\/deroorarebooks.com\/nl\/wp-json\/wp\/v2\/product_tag?post=10979"}],"curies":[{"name":"wp","href":"https:\/\/api.w.org\/{rel}","templated":true}]}}