{"id":22926,"date":"2024-01-18T09:48:09","date_gmt":"2024-01-18T08:48:09","guid":{"rendered":"https:\/\/deroorarebooks.com\/?post_type=product&#038;p=22926"},"modified":"2024-03-28T09:14:12","modified_gmt":"2024-03-28T08:14:12","slug":"faits-memorables-des-empereurs-de-la-chine-tires-des-annales-chinoises-dedies-a-madame-orne-de-24-estampes-in-4o-gravees-par-helman-dapres-les-dessins-originaux-de-la-chine-tires-du-cabinet-de","status":"publish","type":"product","link":"https:\/\/deroorarebooks.com\/es\/producto\/faits-memorables-des-empereurs-de-la-chine-tires-des-annales-chinoises-dedies-a-madame-orne-de-24-estampes-in-4o-gravees-par-helman-dapres-les-dessins-originaux-de-la-chine-tires-du-cabinet-de\/","title":{"rendered":"Faits m\u00e9morables des empereurs de la Chine, tir\u00e9s des annales Chinoises, d\u00e9di\u00e9s \u00e0 Madame, orn\u00e9 de 24 estampes in 4o grav\u00e9es par Helman, d&#8217;apr\u00e8s les dessins originaux de la Chine, tir\u00e9s du cabinet de Mr Bertin [\u2026]."},"content":{"rendered":"<p>Rebound half vellum, Folio. Engraved serie, consisting of a title-page, dedication and 24 illustrations with 24 text pages, all printed on one side of a leaf. A handsome work by the French engraver and printseller Isodore-Stanislas Helman (1743 1806\/9). with scenes from Chinese history. &#8220;The emperor&#8217;s mirror&#8221; was a very popular Chinese work with stories and illustrations of Chinese emperors. Overall a good copy with the bookplate of &#8220;Le Chevallier de Besenval de Bronstatt Capitan aux garves Suisses.&#8221;<\/p>","protected":false},"excerpt":{"rendered":"<p>Rebound half vellum, Folio. Engraved serie, consisting of a title-page, dedication and 24 illustrations with 24 text pages, all printed on one side of a leaf. A handsome work by the French engraver and printseller Isodore-Stanislas Helman (1743 1806\/9). with scenes from Chinese history. &#8220;The emperor&#8217;s mirror&#8221; was a very popular Chinese work with stories [&#8230;]","protected":false},"featured_media":23160,"template":"","meta":[],"product_brand":[],"product_cat":[20,3231],"product_tag":[427],"class_list":{"0":"post-22926","1":"product","2":"type-product","3":"status-publish","4":"has-post-thumbnail","6":"product_cat-highlights","7":"product_cat-history","8":"product_tag-gravures","9":"pa_author-2-helman-isodore-stanislas","10":"pa_publisher-paris-chez-lauteur-graveur-de-madame-rue-st-honore-et-chez-m-ponce-gravuer-de-mgr-comte-dartois","12":"first","13":"instock","14":"purchasable","15":"product-type-simple"},"yoast_head":"<!-- This site is optimized with the Yoast SEO Premium plugin v22.1 (Yoast SEO v26.0) - https:\/\/yoast.com\/wordpress\/plugins\/seo\/ -->\n<title>Faits m\u00e9morables des empereurs de la Chine, tir\u00e9s des annales Chinoises, d\u00e9di\u00e9s \u00e0 Madame, orn\u00e9 de 24 estampes in 4o grav\u00e9es par Helman, d&#039;apr\u00e8s les dessins originaux de la Chine, tir\u00e9s du cabinet de Mr Bertin [\u2026]. - Antiquariaat De Roo<\/title>\n<meta name=\"robots\" content=\"index, follow, max-snippet:-1, max-image-preview:large, max-video-preview:-1\" \/>\n<link rel=\"canonical\" href=\"https:\/\/deroorarebooks.com\/es\/producto\/faits-memorables-des-empereurs-de-la-chine-tires-des-annales-chinoises-dedies-a-madame-orne-de-24-estampes-in-4o-gravees-par-helman-dapres-les-dessins-originaux-de-la-chine-tires-du-cabinet-de\/\" \/>\n<meta property=\"og:locale\" content=\"es_ES\" \/>\n<meta property=\"og:type\" content=\"article\" \/>\n<meta property=\"og:title\" content=\"Faits m\u00e9morables des empereurs de la Chine, tir\u00e9s des annales Chinoises, d\u00e9di\u00e9s \u00e0 Madame, orn\u00e9 de 24 estampes in 4o grav\u00e9es par Helman, d&#039;apr\u00e8s les dessins originaux de la Chine, tir\u00e9s du cabinet de Mr Bertin [\u2026].\" \/>\n<meta property=\"og:description\" content=\"Rebound half vellum, Folio. Engraved serie, consisting of a title-page, dedication and 24 illustrations with 24 text pages, all printed on one side of a leaf. A handsome work by the French engraver and printseller Isodore-Stanislas Helman (1743 1806\/9). with scenes from Chinese history. &#8220;The emperor&#8217;s mirror&#8221; was a very popular Chinese work with stories [...]\" \/>\n<meta property=\"og:url\" content=\"https:\/\/deroorarebooks.com\/es\/producto\/faits-memorables-des-empereurs-de-la-chine-tires-des-annales-chinoises-dedies-a-madame-orne-de-24-estampes-in-4o-gravees-par-helman-dapres-les-dessins-originaux-de-la-chine-tires-du-cabinet-de\/\" \/>\n<meta property=\"og:site_name\" content=\"Antiquariaat De Roo\" \/>\n<meta property=\"article:modified_time\" content=\"2024-03-28T08:14:12+00:00\" \/>\n<meta property=\"og:image\" content=\"https:\/\/deroorarebooks.com\/wp-content\/uploads\/2024\/01\/1223-faits-memorables-6-1.jpg\" \/>\n\t<meta property=\"og:image:width\" content=\"1425\" \/>\n\t<meta property=\"og:image:height\" content=\"1920\" \/>\n\t<meta property=\"og:image:type\" content=\"image\/jpeg\" \/>\n<meta name=\"twitter:card\" content=\"summary_large_image\" \/>\n<meta name=\"twitter:label1\" content=\"Tiempo de lectura\" \/>\n\t<meta name=\"twitter:data1\" content=\"1 minuto\" \/>\n<script type=\"application\/ld+json\" class=\"yoast-schema-graph\">{\"@context\":\"https:\/\/schema.org\",\"@graph\":[{\"@type\":\"WebPage\",\"@id\":\"https:\/\/deroorarebooks.com\/product\/faits-memorables-des-empereurs-de-la-chine-tires-des-annales-chinoises-dedies-a-madame-orne-de-24-estampes-in-4o-gravees-par-helman-dapres-les-dessins-originaux-de-la-chine-tires-du-cabinet-de\/\",\"url\":\"https:\/\/deroorarebooks.com\/product\/faits-memorables-des-empereurs-de-la-chine-tires-des-annales-chinoises-dedies-a-madame-orne-de-24-estampes-in-4o-gravees-par-helman-dapres-les-dessins-originaux-de-la-chine-tires-du-cabinet-de\/\",\"name\":\"Faits m\u00e9morables des empereurs de la Chine, tir\u00e9s des annales Chinoises, d\u00e9di\u00e9s \u00e0 Madame, orn\u00e9 de 24 estampes in 4o grav\u00e9es par Helman, d'apr\u00e8s les dessins originaux de la Chine, tir\u00e9s du cabinet de Mr Bertin [\u2026]. - Antiquariaat De Roo\",\"isPartOf\":{\"@id\":\"https:\/\/deroorarebooks.com\/es\/#website\"},\"primaryImageOfPage\":{\"@id\":\"https:\/\/deroorarebooks.com\/product\/faits-memorables-des-empereurs-de-la-chine-tires-des-annales-chinoises-dedies-a-madame-orne-de-24-estampes-in-4o-gravees-par-helman-dapres-les-dessins-originaux-de-la-chine-tires-du-cabinet-de\/#primaryimage\"},\"image\":{\"@id\":\"https:\/\/deroorarebooks.com\/product\/faits-memorables-des-empereurs-de-la-chine-tires-des-annales-chinoises-dedies-a-madame-orne-de-24-estampes-in-4o-gravees-par-helman-dapres-les-dessins-originaux-de-la-chine-tires-du-cabinet-de\/#primaryimage\"},\"thumbnailUrl\":\"https:\/\/deroorarebooks.com\/wp-content\/uploads\/2024\/01\/1223-faits-memorables-6-1.jpg\",\"datePublished\":\"2024-01-18T08:48:09+00:00\",\"dateModified\":\"2024-03-28T08:14:12+00:00\",\"breadcrumb\":{\"@id\":\"https:\/\/deroorarebooks.com\/product\/faits-memorables-des-empereurs-de-la-chine-tires-des-annales-chinoises-dedies-a-madame-orne-de-24-estampes-in-4o-gravees-par-helman-dapres-les-dessins-originaux-de-la-chine-tires-du-cabinet-de\/#breadcrumb\"},\"inLanguage\":\"es\",\"potentialAction\":[{\"@type\":\"ReadAction\",\"target\":[\"https:\/\/deroorarebooks.com\/product\/faits-memorables-des-empereurs-de-la-chine-tires-des-annales-chinoises-dedies-a-madame-orne-de-24-estampes-in-4o-gravees-par-helman-dapres-les-dessins-originaux-de-la-chine-tires-du-cabinet-de\/\"]}]},{\"@type\":\"ImageObject\",\"inLanguage\":\"es\",\"@id\":\"https:\/\/deroorarebooks.com\/product\/faits-memorables-des-empereurs-de-la-chine-tires-des-annales-chinoises-dedies-a-madame-orne-de-24-estampes-in-4o-gravees-par-helman-dapres-les-dessins-originaux-de-la-chine-tires-du-cabinet-de\/#primaryimage\",\"url\":\"https:\/\/deroorarebooks.com\/wp-content\/uploads\/2024\/01\/1223-faits-memorables-6-1.jpg\",\"contentUrl\":\"https:\/\/deroorarebooks.com\/wp-content\/uploads\/2024\/01\/1223-faits-memorables-6-1.jpg\",\"width\":1425,\"height\":1920},{\"@type\":\"BreadcrumbList\",\"@id\":\"https:\/\/deroorarebooks.com\/product\/faits-memorables-des-empereurs-de-la-chine-tires-des-annales-chinoises-dedies-a-madame-orne-de-24-estampes-in-4o-gravees-par-helman-dapres-les-dessins-originaux-de-la-chine-tires-du-cabinet-de\/#breadcrumb\",\"itemListElement\":[{\"@type\":\"ListItem\",\"position\":1,\"name\":\"Home\",\"item\":\"https:\/\/deroorarebooks.com\/\"},{\"@type\":\"ListItem\",\"position\":2,\"name\":\"Shop\",\"item\":\"https:\/\/deroorarebooks.com\/shop\/\"},{\"@type\":\"ListItem\",\"position\":3,\"name\":\"Faits m\u00e9morables des empereurs de la Chine, tir\u00e9s des annales Chinoises, d\u00e9di\u00e9s \u00e0 Madame, orn\u00e9 de 24 estampes in 4o grav\u00e9es par Helman, d'apr\u00e8s les dessins originaux de la Chine, tir\u00e9s du cabinet de Mr Bertin [\u2026].\"}]},{\"@type\":\"WebSite\",\"@id\":\"https:\/\/deroorarebooks.com\/es\/#website\",\"url\":\"https:\/\/deroorarebooks.com\/es\/\",\"name\":\"Antiquariaat De Roo\",\"description\":\"Fine bindings, Theology, (Church) History, Hand-coloured works, Globes\",\"publisher\":{\"@id\":\"https:\/\/deroorarebooks.com\/es\/#organization\"},\"potentialAction\":[{\"@type\":\"SearchAction\",\"target\":{\"@type\":\"EntryPoint\",\"urlTemplate\":\"https:\/\/deroorarebooks.com\/es\/?s={search_term_string}\"},\"query-input\":{\"@type\":\"PropertyValueSpecification\",\"valueRequired\":true,\"valueName\":\"search_term_string\"}}],\"inLanguage\":\"es\"},{\"@type\":\"Organization\",\"@id\":\"https:\/\/deroorarebooks.com\/es\/#organization\",\"name\":\"Antiquariaat De Roo\",\"url\":\"https:\/\/deroorarebooks.com\/es\/\",\"logo\":{\"@type\":\"ImageObject\",\"inLanguage\":\"es\",\"@id\":\"https:\/\/deroorarebooks.com\/es\/#\/schema\/logo\/image\/\",\"url\":\"https:\/\/deroorarebooks.com\/wp-content\/uploads\/2020\/07\/Logo_Zwart_rood_750.png\",\"contentUrl\":\"https:\/\/deroorarebooks.com\/wp-content\/uploads\/2020\/07\/Logo_Zwart_rood_750.png\",\"width\":750,\"height\":221,\"caption\":\"Antiquariaat De Roo\"},\"image\":{\"@id\":\"https:\/\/deroorarebooks.com\/es\/#\/schema\/logo\/image\/\"}}]}<\/script>\n<!-- \/ Yoast SEO Premium plugin. -->","yoast_head_json":{"title":"Faits m\u00e9morables des empereurs de la Chine, tir\u00e9s des annales Chinoises, d\u00e9di\u00e9s \u00e0 Madame, orn\u00e9 de 24 estampes in 4o grav\u00e9es par Helman, d'apr\u00e8s les dessins originaux de la Chine, tir\u00e9s du cabinet de Mr Bertin [\u2026]. - Antiquariaat De Roo","robots":{"index":"index","follow":"follow","max-snippet":"max-snippet:-1","max-image-preview":"max-image-preview:large","max-video-preview":"max-video-preview:-1"},"canonical":"https:\/\/deroorarebooks.com\/es\/producto\/faits-memorables-des-empereurs-de-la-chine-tires-des-annales-chinoises-dedies-a-madame-orne-de-24-estampes-in-4o-gravees-par-helman-dapres-les-dessins-originaux-de-la-chine-tires-du-cabinet-de\/","og_locale":"es_ES","og_type":"article","og_title":"Faits m\u00e9morables des empereurs de la Chine, tir\u00e9s des annales Chinoises, d\u00e9di\u00e9s \u00e0 Madame, orn\u00e9 de 24 estampes in 4o grav\u00e9es par Helman, d'apr\u00e8s les dessins originaux de la Chine, tir\u00e9s du cabinet de Mr Bertin [\u2026].","og_description":"Rebound half vellum, Folio. Engraved serie, consisting of a title-page, dedication and 24 illustrations with 24 text pages, all printed on one side of a leaf. A handsome work by the French engraver and printseller Isodore-Stanislas Helman (1743 1806\/9). with scenes from Chinese history. &#8220;The emperor&#8217;s mirror&#8221; was a very popular Chinese work with stories [...]","og_url":"https:\/\/deroorarebooks.com\/es\/producto\/faits-memorables-des-empereurs-de-la-chine-tires-des-annales-chinoises-dedies-a-madame-orne-de-24-estampes-in-4o-gravees-par-helman-dapres-les-dessins-originaux-de-la-chine-tires-du-cabinet-de\/","og_site_name":"Antiquariaat De Roo","article_modified_time":"2024-03-28T08:14:12+00:00","og_image":[{"width":1425,"height":1920,"url":"https:\/\/deroorarebooks.com\/wp-content\/uploads\/2024\/01\/1223-faits-memorables-6-1.jpg","type":"image\/jpeg"}],"twitter_card":"summary_large_image","twitter_misc":{"Tiempo de lectura":"1 minuto"},"schema":{"@context":"https:\/\/schema.org","@graph":[{"@type":"WebPage","@id":"https:\/\/deroorarebooks.com\/product\/faits-memorables-des-empereurs-de-la-chine-tires-des-annales-chinoises-dedies-a-madame-orne-de-24-estampes-in-4o-gravees-par-helman-dapres-les-dessins-originaux-de-la-chine-tires-du-cabinet-de\/","url":"https:\/\/deroorarebooks.com\/product\/faits-memorables-des-empereurs-de-la-chine-tires-des-annales-chinoises-dedies-a-madame-orne-de-24-estampes-in-4o-gravees-par-helman-dapres-les-dessins-originaux-de-la-chine-tires-du-cabinet-de\/","name":"Faits m\u00e9morables des empereurs de la Chine, tir\u00e9s des annales Chinoises, d\u00e9di\u00e9s \u00e0 Madame, orn\u00e9 de 24 estampes in 4o grav\u00e9es par Helman, d'apr\u00e8s les dessins originaux de la Chine, tir\u00e9s du cabinet de Mr Bertin [\u2026]. - Antiquariaat De Roo","isPartOf":{"@id":"https:\/\/deroorarebooks.com\/es\/#website"},"primaryImageOfPage":{"@id":"https:\/\/deroorarebooks.com\/product\/faits-memorables-des-empereurs-de-la-chine-tires-des-annales-chinoises-dedies-a-madame-orne-de-24-estampes-in-4o-gravees-par-helman-dapres-les-dessins-originaux-de-la-chine-tires-du-cabinet-de\/#primaryimage"},"image":{"@id":"https:\/\/deroorarebooks.com\/product\/faits-memorables-des-empereurs-de-la-chine-tires-des-annales-chinoises-dedies-a-madame-orne-de-24-estampes-in-4o-gravees-par-helman-dapres-les-dessins-originaux-de-la-chine-tires-du-cabinet-de\/#primaryimage"},"thumbnailUrl":"https:\/\/deroorarebooks.com\/wp-content\/uploads\/2024\/01\/1223-faits-memorables-6-1.jpg","datePublished":"2024-01-18T08:48:09+00:00","dateModified":"2024-03-28T08:14:12+00:00","breadcrumb":{"@id":"https:\/\/deroorarebooks.com\/product\/faits-memorables-des-empereurs-de-la-chine-tires-des-annales-chinoises-dedies-a-madame-orne-de-24-estampes-in-4o-gravees-par-helman-dapres-les-dessins-originaux-de-la-chine-tires-du-cabinet-de\/#breadcrumb"},"inLanguage":"es","potentialAction":[{"@type":"ReadAction","target":["https:\/\/deroorarebooks.com\/product\/faits-memorables-des-empereurs-de-la-chine-tires-des-annales-chinoises-dedies-a-madame-orne-de-24-estampes-in-4o-gravees-par-helman-dapres-les-dessins-originaux-de-la-chine-tires-du-cabinet-de\/"]}]},{"@type":"ImageObject","inLanguage":"es","@id":"https:\/\/deroorarebooks.com\/product\/faits-memorables-des-empereurs-de-la-chine-tires-des-annales-chinoises-dedies-a-madame-orne-de-24-estampes-in-4o-gravees-par-helman-dapres-les-dessins-originaux-de-la-chine-tires-du-cabinet-de\/#primaryimage","url":"https:\/\/deroorarebooks.com\/wp-content\/uploads\/2024\/01\/1223-faits-memorables-6-1.jpg","contentUrl":"https:\/\/deroorarebooks.com\/wp-content\/uploads\/2024\/01\/1223-faits-memorables-6-1.jpg","width":1425,"height":1920},{"@type":"BreadcrumbList","@id":"https:\/\/deroorarebooks.com\/product\/faits-memorables-des-empereurs-de-la-chine-tires-des-annales-chinoises-dedies-a-madame-orne-de-24-estampes-in-4o-gravees-par-helman-dapres-les-dessins-originaux-de-la-chine-tires-du-cabinet-de\/#breadcrumb","itemListElement":[{"@type":"ListItem","position":1,"name":"Home","item":"https:\/\/deroorarebooks.com\/"},{"@type":"ListItem","position":2,"name":"Shop","item":"https:\/\/deroorarebooks.com\/shop\/"},{"@type":"ListItem","position":3,"name":"Faits m\u00e9morables des empereurs de la Chine, tir\u00e9s des annales Chinoises, d\u00e9di\u00e9s \u00e0 Madame, orn\u00e9 de 24 estampes in 4o grav\u00e9es par Helman, d'apr\u00e8s les dessins originaux de la Chine, tir\u00e9s du cabinet de Mr Bertin [\u2026]."}]},{"@type":"WebSite","@id":"https:\/\/deroorarebooks.com\/es\/#website","url":"https:\/\/deroorarebooks.com\/es\/","name":"Antiquariaat De Roo","description":"Fine bindings, Theology, (Church) History, Hand-coloured works, Globes","publisher":{"@id":"https:\/\/deroorarebooks.com\/es\/#organization"},"potentialAction":[{"@type":"SearchAction","target":{"@type":"EntryPoint","urlTemplate":"https:\/\/deroorarebooks.com\/es\/?s={search_term_string}"},"query-input":{"@type":"PropertyValueSpecification","valueRequired":true,"valueName":"search_term_string"}}],"inLanguage":"es"},{"@type":"Organization","@id":"https:\/\/deroorarebooks.com\/es\/#organization","name":"Antiquariaat De Roo","url":"https:\/\/deroorarebooks.com\/es\/","logo":{"@type":"ImageObject","inLanguage":"es","@id":"https:\/\/deroorarebooks.com\/es\/#\/schema\/logo\/image\/","url":"https:\/\/deroorarebooks.com\/wp-content\/uploads\/2020\/07\/Logo_Zwart_rood_750.png","contentUrl":"https:\/\/deroorarebooks.com\/wp-content\/uploads\/2020\/07\/Logo_Zwart_rood_750.png","width":750,"height":221,"caption":"Antiquariaat De Roo"},"image":{"@id":"https:\/\/deroorarebooks.com\/es\/#\/schema\/logo\/image\/"}}]}},"_links":{"self":[{"href":"https:\/\/deroorarebooks.com\/es\/wp-json\/wp\/v2\/product\/22926","targetHints":{"allow":["GET"]}}],"collection":[{"href":"https:\/\/deroorarebooks.com\/es\/wp-json\/wp\/v2\/product"}],"about":[{"href":"https:\/\/deroorarebooks.com\/es\/wp-json\/wp\/v2\/types\/product"}],"wp:featuredmedia":[{"embeddable":true,"href":"https:\/\/deroorarebooks.com\/es\/wp-json\/wp\/v2\/media\/23160"}],"wp:attachment":[{"href":"https:\/\/deroorarebooks.com\/es\/wp-json\/wp\/v2\/media?parent=22926"}],"wp:term":[{"taxonomy":"product_brand","embeddable":true,"href":"https:\/\/deroorarebooks.com\/es\/wp-json\/wp\/v2\/product_brand?post=22926"},{"taxonomy":"product_cat","embeddable":true,"href":"https:\/\/deroorarebooks.com\/es\/wp-json\/wp\/v2\/product_cat?post=22926"},{"taxonomy":"product_tag","embeddable":true,"href":"https:\/\/deroorarebooks.com\/es\/wp-json\/wp\/v2\/product_tag?post=22926"}],"curies":[{"name":"wp","href":"https:\/\/api.w.org\/{rel}","templated":true}]}}