{"id":20122,"date":"2023-07-13T09:45:51","date_gmt":"2023-07-13T07:45:51","guid":{"rendered":"https:\/\/deroorarebooks.com\/?post_type=product&#038;p=20122"},"modified":"2025-12-01T18:48:04","modified_gmt":"2025-12-01T17:48:04","slug":"gravure-met-randversieringen-van-filips-de-goede-hertog-van-bourgondie","status":"publish","type":"product","link":"https:\/\/deroorarebooks.com\/es\/producto\/gravure-met-randversieringen-van-filips-de-goede-hertog-van-bourgondie\/","title":{"rendered":"Gravure met randversieringen van Filips de Goede, Hertog van Bourgondi\u00eb"},"content":{"rendered":"<p>Filips III van Bourgondi\u00eb, 1396 &#8211; 1467, was hertog van Bourgondi\u00eb van 1419 tot aan zijn dood. Als landsheer (graaf of hertog) van het graafschap Vlaanderen, het hertogdom Brabant, het graafschap Namen en het hertogdom Limburg heeft hij een belangrijke rol gespeeld in de geschiedenis van de Nederlanden. Hij is de stichter van de Orde van het Gulden Vlies. Deze gravure met randversieringen werd opgenomen in het boek: Tooneel Der Vereenigde Nederlanden [&#8230;], uitgegeven door F.Halma &amp; Brou\u00ebrius van Nidek in 1725. H. 33 x B. 24 cm. Handgekleurd.<\/p>","protected":false},"excerpt":{"rendered":"<p>Filips III van Bourgondi\u00eb, 1396 &#8211; 1467, was hertog van Bourgondi\u00eb van 1419 tot aan zijn dood. Als landsheer (graaf of hertog) van het graafschap Vlaanderen, het hertogdom Brabant, het graafschap Namen en het hertogdom Limburg heeft hij een belangrijke rol gespeeld in de geschiedenis van de Nederlanden. Hij is de stichter van de Orde [&#8230;]","protected":false},"featured_media":20330,"template":"","meta":[],"product_brand":[],"product_cat":[3231],"product_tag":[427,833],"class_list":{"0":"post-20122","1":"product","2":"type-product","3":"status-publish","4":"has-post-thumbnail","6":"product_cat-history","7":"product_tag-gravures","8":"product_tag-handgekleurd","9":"pa_author-2-filips-de-goede","10":"pa_author-2-portret","11":"pa_publisher-amsterdam-f-halma","13":"first","14":"instock","15":"purchasable","16":"product-type-simple"},"yoast_head":"<!-- This site is optimized with the Yoast SEO Premium plugin v22.1 (Yoast SEO v26.0) - https:\/\/yoast.com\/wordpress\/plugins\/seo\/ -->\n<title>Gravure met randversieringen van Filips de Goede, Hertog van Bourgondi\u00eb - Antiquariaat De Roo<\/title>\n<meta name=\"robots\" content=\"index, follow, max-snippet:-1, max-image-preview:large, max-video-preview:-1\" \/>\n<link rel=\"canonical\" href=\"https:\/\/deroorarebooks.com\/es\/producto\/gravure-met-randversieringen-van-filips-de-goede-hertog-van-bourgondie\/\" \/>\n<meta property=\"og:locale\" content=\"es_ES\" \/>\n<meta property=\"og:type\" content=\"article\" \/>\n<meta property=\"og:title\" content=\"Gravure met randversieringen van Filips de Goede, Hertog van Bourgondi\u00eb\" \/>\n<meta property=\"og:description\" content=\"Filips III van Bourgondi\u00eb, 1396 &#8211; 1467, was hertog van Bourgondi\u00eb van 1419 tot aan zijn dood. Als landsheer (graaf of hertog) van het graafschap Vlaanderen, het hertogdom Brabant, het graafschap Namen en het hertogdom Limburg heeft hij een belangrijke rol gespeeld in de geschiedenis van de Nederlanden. Hij is de stichter van de Orde [...]\" \/>\n<meta property=\"og:url\" content=\"https:\/\/deroorarebooks.com\/es\/producto\/gravure-met-randversieringen-van-filips-de-goede-hertog-van-bourgondie\/\" \/>\n<meta property=\"og:site_name\" content=\"Antiquariaat De Roo\" \/>\n<meta property=\"article:modified_time\" content=\"2025-12-01T17:48:04+00:00\" \/>\n<meta property=\"og:image\" content=\"https:\/\/deroorarebooks.com\/wp-content\/uploads\/2023\/07\/0723-philips-borgonje-1.jpg\" \/>\n\t<meta property=\"og:image:width\" content=\"1304\" \/>\n\t<meta property=\"og:image:height\" content=\"1920\" \/>\n\t<meta property=\"og:image:type\" content=\"image\/jpeg\" \/>\n<meta name=\"twitter:card\" content=\"summary_large_image\" \/>\n<script type=\"application\/ld+json\" class=\"yoast-schema-graph\">{\"@context\":\"https:\/\/schema.org\",\"@graph\":[{\"@type\":\"WebPage\",\"@id\":\"https:\/\/deroorarebooks.com\/product\/gravure-met-randversieringen-van-filips-de-goede-hertog-van-bourgondie\/\",\"url\":\"https:\/\/deroorarebooks.com\/product\/gravure-met-randversieringen-van-filips-de-goede-hertog-van-bourgondie\/\",\"name\":\"Gravure met randversieringen van Filips de Goede, Hertog van Bourgondi\u00eb - Antiquariaat De Roo\",\"isPartOf\":{\"@id\":\"https:\/\/deroorarebooks.com\/es\/#website\"},\"primaryImageOfPage\":{\"@id\":\"https:\/\/deroorarebooks.com\/product\/gravure-met-randversieringen-van-filips-de-goede-hertog-van-bourgondie\/#primaryimage\"},\"image\":{\"@id\":\"https:\/\/deroorarebooks.com\/product\/gravure-met-randversieringen-van-filips-de-goede-hertog-van-bourgondie\/#primaryimage\"},\"thumbnailUrl\":\"https:\/\/deroorarebooks.com\/wp-content\/uploads\/2023\/07\/0723-philips-borgonje-1.jpg\",\"datePublished\":\"2023-07-13T07:45:51+00:00\",\"dateModified\":\"2025-12-01T17:48:04+00:00\",\"breadcrumb\":{\"@id\":\"https:\/\/deroorarebooks.com\/product\/gravure-met-randversieringen-van-filips-de-goede-hertog-van-bourgondie\/#breadcrumb\"},\"inLanguage\":\"es\",\"potentialAction\":[{\"@type\":\"ReadAction\",\"target\":[\"https:\/\/deroorarebooks.com\/product\/gravure-met-randversieringen-van-filips-de-goede-hertog-van-bourgondie\/\"]}]},{\"@type\":\"ImageObject\",\"inLanguage\":\"es\",\"@id\":\"https:\/\/deroorarebooks.com\/product\/gravure-met-randversieringen-van-filips-de-goede-hertog-van-bourgondie\/#primaryimage\",\"url\":\"https:\/\/deroorarebooks.com\/wp-content\/uploads\/2023\/07\/0723-philips-borgonje-1.jpg\",\"contentUrl\":\"https:\/\/deroorarebooks.com\/wp-content\/uploads\/2023\/07\/0723-philips-borgonje-1.jpg\",\"width\":1304,\"height\":1920},{\"@type\":\"BreadcrumbList\",\"@id\":\"https:\/\/deroorarebooks.com\/product\/gravure-met-randversieringen-van-filips-de-goede-hertog-van-bourgondie\/#breadcrumb\",\"itemListElement\":[{\"@type\":\"ListItem\",\"position\":1,\"name\":\"Home\",\"item\":\"https:\/\/deroorarebooks.com\/\"},{\"@type\":\"ListItem\",\"position\":2,\"name\":\"Shop\",\"item\":\"https:\/\/deroorarebooks.com\/shop\/\"},{\"@type\":\"ListItem\",\"position\":3,\"name\":\"Gravure met randversieringen van Filips de Goede, Hertog van Bourgondi\u00eb\"}]},{\"@type\":\"WebSite\",\"@id\":\"https:\/\/deroorarebooks.com\/es\/#website\",\"url\":\"https:\/\/deroorarebooks.com\/es\/\",\"name\":\"Antiquariaat De Roo\",\"description\":\"Fine bindings, Theology, (Church) History, Hand-coloured works, Globes\",\"publisher\":{\"@id\":\"https:\/\/deroorarebooks.com\/es\/#organization\"},\"potentialAction\":[{\"@type\":\"SearchAction\",\"target\":{\"@type\":\"EntryPoint\",\"urlTemplate\":\"https:\/\/deroorarebooks.com\/es\/?s={search_term_string}\"},\"query-input\":{\"@type\":\"PropertyValueSpecification\",\"valueRequired\":true,\"valueName\":\"search_term_string\"}}],\"inLanguage\":\"es\"},{\"@type\":\"Organization\",\"@id\":\"https:\/\/deroorarebooks.com\/es\/#organization\",\"name\":\"Antiquariaat De Roo\",\"url\":\"https:\/\/deroorarebooks.com\/es\/\",\"logo\":{\"@type\":\"ImageObject\",\"inLanguage\":\"es\",\"@id\":\"https:\/\/deroorarebooks.com\/es\/#\/schema\/logo\/image\/\",\"url\":\"https:\/\/deroorarebooks.com\/wp-content\/uploads\/2020\/07\/Logo_Zwart_rood_750.png\",\"contentUrl\":\"https:\/\/deroorarebooks.com\/wp-content\/uploads\/2020\/07\/Logo_Zwart_rood_750.png\",\"width\":750,\"height\":221,\"caption\":\"Antiquariaat De Roo\"},\"image\":{\"@id\":\"https:\/\/deroorarebooks.com\/es\/#\/schema\/logo\/image\/\"}}]}<\/script>\n<!-- \/ Yoast SEO Premium plugin. -->","yoast_head_json":{"title":"Gravure met randversieringen van Filips de Goede, Hertog van Bourgondi\u00eb - Antiquariaat De Roo","robots":{"index":"index","follow":"follow","max-snippet":"max-snippet:-1","max-image-preview":"max-image-preview:large","max-video-preview":"max-video-preview:-1"},"canonical":"https:\/\/deroorarebooks.com\/es\/producto\/gravure-met-randversieringen-van-filips-de-goede-hertog-van-bourgondie\/","og_locale":"es_ES","og_type":"article","og_title":"Gravure met randversieringen van Filips de Goede, Hertog van Bourgondi\u00eb","og_description":"Filips III van Bourgondi\u00eb, 1396 &#8211; 1467, was hertog van Bourgondi\u00eb van 1419 tot aan zijn dood. Als landsheer (graaf of hertog) van het graafschap Vlaanderen, het hertogdom Brabant, het graafschap Namen en het hertogdom Limburg heeft hij een belangrijke rol gespeeld in de geschiedenis van de Nederlanden. Hij is de stichter van de Orde [...]","og_url":"https:\/\/deroorarebooks.com\/es\/producto\/gravure-met-randversieringen-van-filips-de-goede-hertog-van-bourgondie\/","og_site_name":"Antiquariaat De Roo","article_modified_time":"2025-12-01T17:48:04+00:00","og_image":[{"width":1304,"height":1920,"url":"https:\/\/deroorarebooks.com\/wp-content\/uploads\/2023\/07\/0723-philips-borgonje-1.jpg","type":"image\/jpeg"}],"twitter_card":"summary_large_image","schema":{"@context":"https:\/\/schema.org","@graph":[{"@type":"WebPage","@id":"https:\/\/deroorarebooks.com\/product\/gravure-met-randversieringen-van-filips-de-goede-hertog-van-bourgondie\/","url":"https:\/\/deroorarebooks.com\/product\/gravure-met-randversieringen-van-filips-de-goede-hertog-van-bourgondie\/","name":"Gravure met randversieringen van Filips de Goede, Hertog van Bourgondi\u00eb - Antiquariaat De Roo","isPartOf":{"@id":"https:\/\/deroorarebooks.com\/es\/#website"},"primaryImageOfPage":{"@id":"https:\/\/deroorarebooks.com\/product\/gravure-met-randversieringen-van-filips-de-goede-hertog-van-bourgondie\/#primaryimage"},"image":{"@id":"https:\/\/deroorarebooks.com\/product\/gravure-met-randversieringen-van-filips-de-goede-hertog-van-bourgondie\/#primaryimage"},"thumbnailUrl":"https:\/\/deroorarebooks.com\/wp-content\/uploads\/2023\/07\/0723-philips-borgonje-1.jpg","datePublished":"2023-07-13T07:45:51+00:00","dateModified":"2025-12-01T17:48:04+00:00","breadcrumb":{"@id":"https:\/\/deroorarebooks.com\/product\/gravure-met-randversieringen-van-filips-de-goede-hertog-van-bourgondie\/#breadcrumb"},"inLanguage":"es","potentialAction":[{"@type":"ReadAction","target":["https:\/\/deroorarebooks.com\/product\/gravure-met-randversieringen-van-filips-de-goede-hertog-van-bourgondie\/"]}]},{"@type":"ImageObject","inLanguage":"es","@id":"https:\/\/deroorarebooks.com\/product\/gravure-met-randversieringen-van-filips-de-goede-hertog-van-bourgondie\/#primaryimage","url":"https:\/\/deroorarebooks.com\/wp-content\/uploads\/2023\/07\/0723-philips-borgonje-1.jpg","contentUrl":"https:\/\/deroorarebooks.com\/wp-content\/uploads\/2023\/07\/0723-philips-borgonje-1.jpg","width":1304,"height":1920},{"@type":"BreadcrumbList","@id":"https:\/\/deroorarebooks.com\/product\/gravure-met-randversieringen-van-filips-de-goede-hertog-van-bourgondie\/#breadcrumb","itemListElement":[{"@type":"ListItem","position":1,"name":"Home","item":"https:\/\/deroorarebooks.com\/"},{"@type":"ListItem","position":2,"name":"Shop","item":"https:\/\/deroorarebooks.com\/shop\/"},{"@type":"ListItem","position":3,"name":"Gravure met randversieringen van Filips de Goede, Hertog van Bourgondi\u00eb"}]},{"@type":"WebSite","@id":"https:\/\/deroorarebooks.com\/es\/#website","url":"https:\/\/deroorarebooks.com\/es\/","name":"Antiquariaat De Roo","description":"Fine bindings, Theology, (Church) History, Hand-coloured works, Globes","publisher":{"@id":"https:\/\/deroorarebooks.com\/es\/#organization"},"potentialAction":[{"@type":"SearchAction","target":{"@type":"EntryPoint","urlTemplate":"https:\/\/deroorarebooks.com\/es\/?s={search_term_string}"},"query-input":{"@type":"PropertyValueSpecification","valueRequired":true,"valueName":"search_term_string"}}],"inLanguage":"es"},{"@type":"Organization","@id":"https:\/\/deroorarebooks.com\/es\/#organization","name":"Antiquariaat De Roo","url":"https:\/\/deroorarebooks.com\/es\/","logo":{"@type":"ImageObject","inLanguage":"es","@id":"https:\/\/deroorarebooks.com\/es\/#\/schema\/logo\/image\/","url":"https:\/\/deroorarebooks.com\/wp-content\/uploads\/2020\/07\/Logo_Zwart_rood_750.png","contentUrl":"https:\/\/deroorarebooks.com\/wp-content\/uploads\/2020\/07\/Logo_Zwart_rood_750.png","width":750,"height":221,"caption":"Antiquariaat De Roo"},"image":{"@id":"https:\/\/deroorarebooks.com\/es\/#\/schema\/logo\/image\/"}}]}},"_links":{"self":[{"href":"https:\/\/deroorarebooks.com\/es\/wp-json\/wp\/v2\/product\/20122","targetHints":{"allow":["GET"]}}],"collection":[{"href":"https:\/\/deroorarebooks.com\/es\/wp-json\/wp\/v2\/product"}],"about":[{"href":"https:\/\/deroorarebooks.com\/es\/wp-json\/wp\/v2\/types\/product"}],"wp:featuredmedia":[{"embeddable":true,"href":"https:\/\/deroorarebooks.com\/es\/wp-json\/wp\/v2\/media\/20330"}],"wp:attachment":[{"href":"https:\/\/deroorarebooks.com\/es\/wp-json\/wp\/v2\/media?parent=20122"}],"wp:term":[{"taxonomy":"product_brand","embeddable":true,"href":"https:\/\/deroorarebooks.com\/es\/wp-json\/wp\/v2\/product_brand?post=20122"},{"taxonomy":"product_cat","embeddable":true,"href":"https:\/\/deroorarebooks.com\/es\/wp-json\/wp\/v2\/product_cat?post=20122"},{"taxonomy":"product_tag","embeddable":true,"href":"https:\/\/deroorarebooks.com\/es\/wp-json\/wp\/v2\/product_tag?post=20122"}],"curies":[{"name":"wp","href":"https:\/\/api.w.org\/{rel}","templated":true}]}}