{"id":6423,"date":"2020-06-30T16:08:07","date_gmt":"2020-06-30T14:08:07","guid":{"rendered":"https:\/\/deroorarebooks.com\/product\/die-heilige-bibel-nach-s-herrn-d-martini-lutheri-deutscher-dolmetschung-und-erklarung-vermoge-des-heil-geistes-im-grund-text-richtiger-anleitung-der-cohaerentz-und-der-gantzen-handlung-eines-j\/"},"modified":"2021-09-09T13:35:45","modified_gmt":"2021-09-09T11:35:45","slug":"die-heilige-bibel-nach-s-herrn-d-martini-lutheri-deutscher-dolmetschung-und-erklarung-vermoge-des-heil-geistes-im-grund-text-richtiger-anleitung-der-cohaerentz-und-der-gantzen-handlung-eines-j","status":"publish","type":"product","link":"https:\/\/deroorarebooks.com\/de\/produkt\/die-heilige-bibel-nach-s-herrn-d-martini-lutheri-deutscher-dolmetschung-und-erklarung-vermoge-des-heil-geistes-im-grund-text-richtiger-anleitung-der-cohaerentz-und-der-gantzen-handlung-eines-j\/","title":{"rendered":"Die Heilige Bibel nach S. Herrn D. Martini Lutheri Deutscher Dolmetschung, und Erkl\u00e4rung, verm\u00f6ge des Heil. Geistes, im Grund-Text, Richtiger Anleitung der Cohaerentz, und der gantzen Handlung eines jeglichen Texts, Auch Vergleichung der gleichlautenden Spr\u00fcche, enthaltenen eigenen Sinn und Meinung, Nechst ordentlicher Eintheilung eines jeden Buches und Capittels, und Erwegung der nachdr\u00fccklichen Wort, und Redens-Ark in der Heil. Sprache, sonderlich aber Der Evangelischen allein seligmachenden Warheit, gr\u00fcnd- und deutlich er\u00f6rtert, und mit Anf\u00fchrung Herrn Lutheri deutschen, und verdeutschten Schrifften, also abgefasset, dass der eigentliche Buchst\u00e4bliche Verstand, und gutes Theils auch der heilsame Gebrauch der Heil. Schrifft f\u00fcrgestellet ist, Mit grossem Fleiss, und Kosten ausgearbeit, und verfasset, von D. Abraham Calovio, Im Jahr Christi (1681). welches ist das 5681ste Jahr, von Erschaffung der Welt."},"content":{"rendered":"<p>3 volumes, (52) 1189 (2378 columns) (28) 601 (1202 columns) (1), (32) 524 (1048 columns) (28) 688 (1376 columns) (1), (48) 602 (1204 columns) (26) 751 (1502 columns) (96) (1) p. Blind-stamped Leather with 5 raised bands, each board equipped with 5 brass studs, Folio<\/p>\n<p>Facsimile Edition of the famous Bach Bible in 3 volumes, all kept in a perfectly fitting wooden case decorated with gilt. The set contains a true and complete reprint of Bach&#8217;s Bible, being a German Bible with extensive commentaries by Abraham Calov(ius) founded on the writings of Martin Luther. This is the first complete facsimile-edition of Bach&#8217;s Bible published by the Dutch publisher Uitgeverij Van Wijnen after the original being preserved in Concordia Seminary Library, St. Louis. Each volume contains Bach&#8217;s handwritten monogram on the title page and the set contains a total of 348 additions by Bach. Among which many underlined passages -both in red and black ink-, various corrections of typographical and grammatical errors, but most importantly his comments in the margins. A unique glimpse into Bach&#8217;s personal beliefs and how he understood his vocation.<\/p>","protected":false},"excerpt":{"rendered":"<p>3 volumes, (52) 1189 (2378 columns) (28) 601 (1202 columns) (1), (32) 524 (1048 columns) (28) 688 (1376 columns) (1), (48) 602 (1204 columns) (26) 751 (1502 columns) (96) (1) p. Blind-stamped Leather with 5 raised bands, each board equipped with 5 brass studs, Folio Facsimile Edition of the famous Bach Bible in 3 volumes, [&#8230;]","protected":false},"featured_media":6424,"template":"","meta":[],"product_brand":[],"product_cat":[21,18],"product_tag":[832],"class_list":{"0":"post-6423","1":"product","2":"type-product","3":"status-publish","4":"has-post-thumbnail","6":"product_cat-bibles","7":"product_cat-religion","8":"product_tag-duits","9":"pa_author-2-bach-bible","10":"pa_author-2-bach-johann-sebastian","11":"pa_author-2-calovius-abraham","12":"pa_author-2-luther-martin","13":"pa_publisher-wittenberg-christian-schrodtern","15":"first","16":"instock","17":"purchasable","18":"product-type-simple"},"yoast_head":"<!-- This site is optimized with the Yoast SEO Premium plugin v22.1 (Yoast SEO v26.0) - https:\/\/yoast.com\/wordpress\/plugins\/seo\/ -->\n<title>Die Heilige Bibel nach S. Herrn D. Martini Lutheri Deutscher Dolmetschung, und Erkl\u00e4rung, verm\u00f6ge des Heil. Geistes, im Grund-Text, Richtiger Anleitung der Cohaerentz, und der gantzen Handlung eines jeglichen Texts, Auch Vergleichung der gleichlautenden Spr\u00fcche, enthaltenen eigenen Sinn und Meinung, Nechst ordentlicher Eintheilung eines jeden Buches und Capittels, und Erwegung der nachdr\u00fccklichen Wort, und Redens-Ark in der Heil. Sprache, sonderlich aber Der Evangelischen allein seligmachenden Warheit, gr\u00fcnd- und deutlich er\u00f6rtert, und mit Anf\u00fchrung Herrn Lutheri deutschen, und verdeutschten Schrifften, also abgefasset, dass der eigentliche Buchst\u00e4bliche Verstand, und gutes Theils auch der heilsame Gebrauch der Heil. Schrifft f\u00fcrgestellet ist, Mit grossem Fleiss, und Kosten ausgearbeit, und verfasset, von D. Abraham Calovio, Im Jahr Christi (1681). welches ist das 5681ste Jahr, von Erschaffung der Welt. - Antiquariaat De Roo<\/title>\n<meta name=\"robots\" content=\"index, follow, max-snippet:-1, max-image-preview:large, max-video-preview:-1\" \/>\n<link rel=\"canonical\" href=\"https:\/\/deroorarebooks.com\/de\/produkt\/die-heilige-bibel-nach-s-herrn-d-martini-lutheri-deutscher-dolmetschung-und-erklarung-vermoge-des-heil-geistes-im-grund-text-richtiger-anleitung-der-cohaerentz-und-der-gantzen-handlung-eines-j\/\" \/>\n<meta property=\"og:locale\" content=\"de_DE\" \/>\n<meta property=\"og:type\" content=\"article\" \/>\n<meta property=\"og:title\" content=\"Die Heilige Bibel nach S. Herrn D. Martini Lutheri Deutscher Dolmetschung, und Erkl\u00e4rung, verm\u00f6ge des Heil. Geistes, im Grund-Text, Richtiger Anleitung der Cohaerentz, und der gantzen Handlung eines jeglichen Texts, Auch Vergleichung der gleichlautenden Spr\u00fcche, enthaltenen eigenen Sinn und Meinung, Nechst ordentlicher Eintheilung eines jeden Buches und Capittels, und Erwegung der nachdr\u00fccklichen Wort, und Redens-Ark in der Heil. Sprache, sonderlich aber Der Evangelischen allein seligmachenden Warheit, gr\u00fcnd- und deutlich er\u00f6rtert, und mit Anf\u00fchrung Herrn Lutheri deutschen, und verdeutschten Schrifften, also abgefasset, dass der eigentliche Buchst\u00e4bliche Verstand, und gutes Theils auch der heilsame Gebrauch der Heil. Schrifft f\u00fcrgestellet ist, Mit grossem Fleiss, und Kosten ausgearbeit, und verfasset, von D. Abraham Calovio, Im Jahr Christi (1681). welches ist das 5681ste Jahr, von Erschaffung der Welt.\" \/>\n<meta property=\"og:description\" content=\"3 volumes, (52) 1189 (2378 columns) (28) 601 (1202 columns) (1), (32) 524 (1048 columns) (28) 688 (1376 columns) (1), (48) 602 (1204 columns) (26) 751 (1502 columns) (96) (1) p. Blind-stamped Leather with 5 raised bands, each board equipped with 5 brass studs, Folio Facsimile Edition of the famous Bach Bible in 3 volumes, [...]\" \/>\n<meta property=\"og:url\" content=\"https:\/\/deroorarebooks.com\/de\/produkt\/die-heilige-bibel-nach-s-herrn-d-martini-lutheri-deutscher-dolmetschung-und-erklarung-vermoge-des-heil-geistes-im-grund-text-richtiger-anleitung-der-cohaerentz-und-der-gantzen-handlung-eines-j\/\" \/>\n<meta property=\"og:site_name\" content=\"Antiquariaat De Roo\" \/>\n<meta property=\"article:modified_time\" content=\"2021-09-09T11:35:45+00:00\" \/>\n<meta property=\"og:image\" content=\"https:\/\/deroorarebooks.com\/wp-content\/uploads\/2020\/06\/IMG_0003.jpg\" \/>\n\t<meta property=\"og:image:width\" content=\"800\" \/>\n\t<meta property=\"og:image:height\" content=\"587\" \/>\n\t<meta property=\"og:image:type\" content=\"image\/jpeg\" \/>\n<meta name=\"twitter:card\" content=\"summary_large_image\" \/>\n<meta name=\"twitter:label1\" content=\"Gesch\u00e4tzte Lesezeit\" \/>\n\t<meta name=\"twitter:data1\" content=\"1\u00a0Minute\" \/>\n<script type=\"application\/ld+json\" class=\"yoast-schema-graph\">{\"@context\":\"https:\/\/schema.org\",\"@graph\":[{\"@type\":\"WebPage\",\"@id\":\"https:\/\/deroorarebooks.com\/zh\/product\/die-heilige-bibel-nach-s-herrn-d-martini-lutheri-deutscher-dolmetschung-und-erklarung-vermoge-des-heil-geistes-im-grund-text-richtiger-anleitung-der-cohaerentz-und-der-gantzen-handlung-eines-j\/\",\"url\":\"https:\/\/deroorarebooks.com\/zh\/product\/die-heilige-bibel-nach-s-herrn-d-martini-lutheri-deutscher-dolmetschung-und-erklarung-vermoge-des-heil-geistes-im-grund-text-richtiger-anleitung-der-cohaerentz-und-der-gantzen-handlung-eines-j\/\",\"name\":\"Die Heilige Bibel nach S. Herrn D. Martini Lutheri Deutscher Dolmetschung, und Erkl\u00e4rung, verm\u00f6ge des Heil. Geistes, im Grund-Text, Richtiger Anleitung der Cohaerentz, und der gantzen Handlung eines jeglichen Texts, Auch Vergleichung der gleichlautenden Spr\u00fcche, enthaltenen eigenen Sinn und Meinung, Nechst ordentlicher Eintheilung eines jeden Buches und Capittels, und Erwegung der nachdr\u00fccklichen Wort, und Redens-Ark in der Heil. Sprache, sonderlich aber Der Evangelischen allein seligmachenden Warheit, gr\u00fcnd- und deutlich er\u00f6rtert, und mit Anf\u00fchrung Herrn Lutheri deutschen, und verdeutschten Schrifften, also abgefasset, dass der eigentliche Buchst\u00e4bliche Verstand, und gutes Theils auch der heilsame Gebrauch der Heil. Schrifft f\u00fcrgestellet ist, Mit grossem Fleiss, und Kosten ausgearbeit, und verfasset, von D. Abraham Calovio, Im Jahr Christi (1681). welches ist das 5681ste Jahr, von Erschaffung der Welt. - Antiquariaat De Roo\",\"isPartOf\":{\"@id\":\"https:\/\/deroorarebooks.com\/es\/#website\"},\"primaryImageOfPage\":{\"@id\":\"https:\/\/deroorarebooks.com\/zh\/product\/die-heilige-bibel-nach-s-herrn-d-martini-lutheri-deutscher-dolmetschung-und-erklarung-vermoge-des-heil-geistes-im-grund-text-richtiger-anleitung-der-cohaerentz-und-der-gantzen-handlung-eines-j\/#primaryimage\"},\"image\":{\"@id\":\"https:\/\/deroorarebooks.com\/zh\/product\/die-heilige-bibel-nach-s-herrn-d-martini-lutheri-deutscher-dolmetschung-und-erklarung-vermoge-des-heil-geistes-im-grund-text-richtiger-anleitung-der-cohaerentz-und-der-gantzen-handlung-eines-j\/#primaryimage\"},\"thumbnailUrl\":\"https:\/\/deroorarebooks.com\/wp-content\/uploads\/2020\/06\/IMG_0003.jpg\",\"datePublished\":\"2020-06-30T14:08:07+00:00\",\"dateModified\":\"2021-09-09T11:35:45+00:00\",\"breadcrumb\":{\"@id\":\"https:\/\/deroorarebooks.com\/zh\/product\/die-heilige-bibel-nach-s-herrn-d-martini-lutheri-deutscher-dolmetschung-und-erklarung-vermoge-des-heil-geistes-im-grund-text-richtiger-anleitung-der-cohaerentz-und-der-gantzen-handlung-eines-j\/#breadcrumb\"},\"inLanguage\":\"de\",\"potentialAction\":[{\"@type\":\"ReadAction\",\"target\":[\"https:\/\/deroorarebooks.com\/zh\/product\/die-heilige-bibel-nach-s-herrn-d-martini-lutheri-deutscher-dolmetschung-und-erklarung-vermoge-des-heil-geistes-im-grund-text-richtiger-anleitung-der-cohaerentz-und-der-gantzen-handlung-eines-j\/\"]}]},{\"@type\":\"ImageObject\",\"inLanguage\":\"de\",\"@id\":\"https:\/\/deroorarebooks.com\/zh\/product\/die-heilige-bibel-nach-s-herrn-d-martini-lutheri-deutscher-dolmetschung-und-erklarung-vermoge-des-heil-geistes-im-grund-text-richtiger-anleitung-der-cohaerentz-und-der-gantzen-handlung-eines-j\/#primaryimage\",\"url\":\"https:\/\/deroorarebooks.com\/wp-content\/uploads\/2020\/06\/IMG_0003.jpg\",\"contentUrl\":\"https:\/\/deroorarebooks.com\/wp-content\/uploads\/2020\/06\/IMG_0003.jpg\",\"width\":800,\"height\":587},{\"@type\":\"BreadcrumbList\",\"@id\":\"https:\/\/deroorarebooks.com\/zh\/product\/die-heilige-bibel-nach-s-herrn-d-martini-lutheri-deutscher-dolmetschung-und-erklarung-vermoge-des-heil-geistes-im-grund-text-richtiger-anleitung-der-cohaerentz-und-der-gantzen-handlung-eines-j\/#breadcrumb\",\"itemListElement\":[{\"@type\":\"ListItem\",\"position\":1,\"name\":\"Home\",\"item\":\"https:\/\/deroorarebooks.com\/\"},{\"@type\":\"ListItem\",\"position\":2,\"name\":\"Shop\",\"item\":\"https:\/\/deroorarebooks.com\/shop\/\"},{\"@type\":\"ListItem\",\"position\":3,\"name\":\"Die Heilige Bibel nach S. Herrn D. Martini Lutheri Deutscher Dolmetschung, und Erkl\u00e4rung, verm\u00f6ge des Heil. Geistes, im Grund-Text, Richtiger Anleitung der Cohaerentz, und der gantzen Handlung eines jeglichen Texts,[...]\"}]},{\"@type\":\"WebSite\",\"@id\":\"https:\/\/deroorarebooks.com\/es\/#website\",\"url\":\"https:\/\/deroorarebooks.com\/es\/\",\"name\":\"Antiquariaat De Roo\",\"description\":\"Fine bindings, Theology, (Church) History, Hand-coloured works, Globes\",\"publisher\":{\"@id\":\"https:\/\/deroorarebooks.com\/es\/#organization\"},\"potentialAction\":[{\"@type\":\"SearchAction\",\"target\":{\"@type\":\"EntryPoint\",\"urlTemplate\":\"https:\/\/deroorarebooks.com\/es\/?s={search_term_string}\"},\"query-input\":{\"@type\":\"PropertyValueSpecification\",\"valueRequired\":true,\"valueName\":\"search_term_string\"}}],\"inLanguage\":\"de\"},{\"@type\":\"Organization\",\"@id\":\"https:\/\/deroorarebooks.com\/es\/#organization\",\"name\":\"Antiquariaat De Roo\",\"url\":\"https:\/\/deroorarebooks.com\/es\/\",\"logo\":{\"@type\":\"ImageObject\",\"inLanguage\":\"de\",\"@id\":\"https:\/\/deroorarebooks.com\/es\/#\/schema\/logo\/image\/\",\"url\":\"https:\/\/deroorarebooks.com\/wp-content\/uploads\/2020\/07\/Logo_Zwart_rood_750.png\",\"contentUrl\":\"https:\/\/deroorarebooks.com\/wp-content\/uploads\/2020\/07\/Logo_Zwart_rood_750.png\",\"width\":750,\"height\":221,\"caption\":\"Antiquariaat De Roo\"},\"image\":{\"@id\":\"https:\/\/deroorarebooks.com\/es\/#\/schema\/logo\/image\/\"}}]}<\/script>\n<!-- \/ Yoast SEO Premium plugin. -->","yoast_head_json":{"title":"Die Heilige Bibel nach S. Herrn D. Martini Lutheri Deutscher Dolmetschung, und Erkl\u00e4rung, verm\u00f6ge des Heil. Geistes, im Grund-Text, Richtiger Anleitung der Cohaerentz, und der gantzen Handlung eines jeglichen Texts, Auch Vergleichung der gleichlautenden Spr\u00fcche, enthaltenen eigenen Sinn und Meinung, Nechst ordentlicher Eintheilung eines jeden Buches und Capittels, und Erwegung der nachdr\u00fccklichen Wort, und Redens-Ark in der Heil. Sprache, sonderlich aber Der Evangelischen allein seligmachenden Warheit, gr\u00fcnd- und deutlich er\u00f6rtert, und mit Anf\u00fchrung Herrn Lutheri deutschen, und verdeutschten Schrifften, also abgefasset, dass der eigentliche Buchst\u00e4bliche Verstand, und gutes Theils auch der heilsame Gebrauch der Heil. Schrifft f\u00fcrgestellet ist, Mit grossem Fleiss, und Kosten ausgearbeit, und verfasset, von D. Abraham Calovio, Im Jahr Christi (1681). welches ist das 5681ste Jahr, von Erschaffung der Welt. - Antiquariaat De Roo","robots":{"index":"index","follow":"follow","max-snippet":"max-snippet:-1","max-image-preview":"max-image-preview:large","max-video-preview":"max-video-preview:-1"},"canonical":"https:\/\/deroorarebooks.com\/de\/produkt\/die-heilige-bibel-nach-s-herrn-d-martini-lutheri-deutscher-dolmetschung-und-erklarung-vermoge-des-heil-geistes-im-grund-text-richtiger-anleitung-der-cohaerentz-und-der-gantzen-handlung-eines-j\/","og_locale":"de_DE","og_type":"article","og_title":"Die Heilige Bibel nach S. Herrn D. Martini Lutheri Deutscher Dolmetschung, und Erkl\u00e4rung, verm\u00f6ge des Heil. Geistes, im Grund-Text, Richtiger Anleitung der Cohaerentz, und der gantzen Handlung eines jeglichen Texts, Auch Vergleichung der gleichlautenden Spr\u00fcche, enthaltenen eigenen Sinn und Meinung, Nechst ordentlicher Eintheilung eines jeden Buches und Capittels, und Erwegung der nachdr\u00fccklichen Wort, und Redens-Ark in der Heil. Sprache, sonderlich aber Der Evangelischen allein seligmachenden Warheit, gr\u00fcnd- und deutlich er\u00f6rtert, und mit Anf\u00fchrung Herrn Lutheri deutschen, und verdeutschten Schrifften, also abgefasset, dass der eigentliche Buchst\u00e4bliche Verstand, und gutes Theils auch der heilsame Gebrauch der Heil. Schrifft f\u00fcrgestellet ist, Mit grossem Fleiss, und Kosten ausgearbeit, und verfasset, von D. Abraham Calovio, Im Jahr Christi (1681). welches ist das 5681ste Jahr, von Erschaffung der Welt.","og_description":"3 volumes, (52) 1189 (2378 columns) (28) 601 (1202 columns) (1), (32) 524 (1048 columns) (28) 688 (1376 columns) (1), (48) 602 (1204 columns) (26) 751 (1502 columns) (96) (1) p. Blind-stamped Leather with 5 raised bands, each board equipped with 5 brass studs, Folio Facsimile Edition of the famous Bach Bible in 3 volumes, [...]","og_url":"https:\/\/deroorarebooks.com\/de\/produkt\/die-heilige-bibel-nach-s-herrn-d-martini-lutheri-deutscher-dolmetschung-und-erklarung-vermoge-des-heil-geistes-im-grund-text-richtiger-anleitung-der-cohaerentz-und-der-gantzen-handlung-eines-j\/","og_site_name":"Antiquariaat De Roo","article_modified_time":"2021-09-09T11:35:45+00:00","og_image":[{"width":800,"height":587,"url":"https:\/\/deroorarebooks.com\/wp-content\/uploads\/2020\/06\/IMG_0003.jpg","type":"image\/jpeg"}],"twitter_card":"summary_large_image","twitter_misc":{"Gesch\u00e4tzte Lesezeit":"1\u00a0Minute"},"schema":{"@context":"https:\/\/schema.org","@graph":[{"@type":"WebPage","@id":"https:\/\/deroorarebooks.com\/zh\/product\/die-heilige-bibel-nach-s-herrn-d-martini-lutheri-deutscher-dolmetschung-und-erklarung-vermoge-des-heil-geistes-im-grund-text-richtiger-anleitung-der-cohaerentz-und-der-gantzen-handlung-eines-j\/","url":"https:\/\/deroorarebooks.com\/zh\/product\/die-heilige-bibel-nach-s-herrn-d-martini-lutheri-deutscher-dolmetschung-und-erklarung-vermoge-des-heil-geistes-im-grund-text-richtiger-anleitung-der-cohaerentz-und-der-gantzen-handlung-eines-j\/","name":"Die Heilige Bibel nach S. Herrn D. Martini Lutheri Deutscher Dolmetschung, und Erkl\u00e4rung, verm\u00f6ge des Heil. Geistes, im Grund-Text, Richtiger Anleitung der Cohaerentz, und der gantzen Handlung eines jeglichen Texts, Auch Vergleichung der gleichlautenden Spr\u00fcche, enthaltenen eigenen Sinn und Meinung, Nechst ordentlicher Eintheilung eines jeden Buches und Capittels, und Erwegung der nachdr\u00fccklichen Wort, und Redens-Ark in der Heil. Sprache, sonderlich aber Der Evangelischen allein seligmachenden Warheit, gr\u00fcnd- und deutlich er\u00f6rtert, und mit Anf\u00fchrung Herrn Lutheri deutschen, und verdeutschten Schrifften, also abgefasset, dass der eigentliche Buchst\u00e4bliche Verstand, und gutes Theils auch der heilsame Gebrauch der Heil. Schrifft f\u00fcrgestellet ist, Mit grossem Fleiss, und Kosten ausgearbeit, und verfasset, von D. Abraham Calovio, Im Jahr Christi (1681). welches ist das 5681ste Jahr, von Erschaffung der Welt. - Antiquariaat De Roo","isPartOf":{"@id":"https:\/\/deroorarebooks.com\/es\/#website"},"primaryImageOfPage":{"@id":"https:\/\/deroorarebooks.com\/zh\/product\/die-heilige-bibel-nach-s-herrn-d-martini-lutheri-deutscher-dolmetschung-und-erklarung-vermoge-des-heil-geistes-im-grund-text-richtiger-anleitung-der-cohaerentz-und-der-gantzen-handlung-eines-j\/#primaryimage"},"image":{"@id":"https:\/\/deroorarebooks.com\/zh\/product\/die-heilige-bibel-nach-s-herrn-d-martini-lutheri-deutscher-dolmetschung-und-erklarung-vermoge-des-heil-geistes-im-grund-text-richtiger-anleitung-der-cohaerentz-und-der-gantzen-handlung-eines-j\/#primaryimage"},"thumbnailUrl":"https:\/\/deroorarebooks.com\/wp-content\/uploads\/2020\/06\/IMG_0003.jpg","datePublished":"2020-06-30T14:08:07+00:00","dateModified":"2021-09-09T11:35:45+00:00","breadcrumb":{"@id":"https:\/\/deroorarebooks.com\/zh\/product\/die-heilige-bibel-nach-s-herrn-d-martini-lutheri-deutscher-dolmetschung-und-erklarung-vermoge-des-heil-geistes-im-grund-text-richtiger-anleitung-der-cohaerentz-und-der-gantzen-handlung-eines-j\/#breadcrumb"},"inLanguage":"de","potentialAction":[{"@type":"ReadAction","target":["https:\/\/deroorarebooks.com\/zh\/product\/die-heilige-bibel-nach-s-herrn-d-martini-lutheri-deutscher-dolmetschung-und-erklarung-vermoge-des-heil-geistes-im-grund-text-richtiger-anleitung-der-cohaerentz-und-der-gantzen-handlung-eines-j\/"]}]},{"@type":"ImageObject","inLanguage":"de","@id":"https:\/\/deroorarebooks.com\/zh\/product\/die-heilige-bibel-nach-s-herrn-d-martini-lutheri-deutscher-dolmetschung-und-erklarung-vermoge-des-heil-geistes-im-grund-text-richtiger-anleitung-der-cohaerentz-und-der-gantzen-handlung-eines-j\/#primaryimage","url":"https:\/\/deroorarebooks.com\/wp-content\/uploads\/2020\/06\/IMG_0003.jpg","contentUrl":"https:\/\/deroorarebooks.com\/wp-content\/uploads\/2020\/06\/IMG_0003.jpg","width":800,"height":587},{"@type":"BreadcrumbList","@id":"https:\/\/deroorarebooks.com\/zh\/product\/die-heilige-bibel-nach-s-herrn-d-martini-lutheri-deutscher-dolmetschung-und-erklarung-vermoge-des-heil-geistes-im-grund-text-richtiger-anleitung-der-cohaerentz-und-der-gantzen-handlung-eines-j\/#breadcrumb","itemListElement":[{"@type":"ListItem","position":1,"name":"Home","item":"https:\/\/deroorarebooks.com\/"},{"@type":"ListItem","position":2,"name":"Shop","item":"https:\/\/deroorarebooks.com\/shop\/"},{"@type":"ListItem","position":3,"name":"Die Heilige Bibel nach S. Herrn D. Martini Lutheri Deutscher Dolmetschung, und Erkl\u00e4rung, verm\u00f6ge des Heil. Geistes, im Grund-Text, Richtiger Anleitung der Cohaerentz, und der gantzen Handlung eines jeglichen Texts,[...]"}]},{"@type":"WebSite","@id":"https:\/\/deroorarebooks.com\/es\/#website","url":"https:\/\/deroorarebooks.com\/es\/","name":"Antiquariaat De Roo","description":"Fine bindings, Theology, (Church) History, Hand-coloured works, Globes","publisher":{"@id":"https:\/\/deroorarebooks.com\/es\/#organization"},"potentialAction":[{"@type":"SearchAction","target":{"@type":"EntryPoint","urlTemplate":"https:\/\/deroorarebooks.com\/es\/?s={search_term_string}"},"query-input":{"@type":"PropertyValueSpecification","valueRequired":true,"valueName":"search_term_string"}}],"inLanguage":"de"},{"@type":"Organization","@id":"https:\/\/deroorarebooks.com\/es\/#organization","name":"Antiquariaat De Roo","url":"https:\/\/deroorarebooks.com\/es\/","logo":{"@type":"ImageObject","inLanguage":"de","@id":"https:\/\/deroorarebooks.com\/es\/#\/schema\/logo\/image\/","url":"https:\/\/deroorarebooks.com\/wp-content\/uploads\/2020\/07\/Logo_Zwart_rood_750.png","contentUrl":"https:\/\/deroorarebooks.com\/wp-content\/uploads\/2020\/07\/Logo_Zwart_rood_750.png","width":750,"height":221,"caption":"Antiquariaat De Roo"},"image":{"@id":"https:\/\/deroorarebooks.com\/es\/#\/schema\/logo\/image\/"}}]}},"_links":{"self":[{"href":"https:\/\/deroorarebooks.com\/de\/wp-json\/wp\/v2\/product\/6423","targetHints":{"allow":["GET"]}}],"collection":[{"href":"https:\/\/deroorarebooks.com\/de\/wp-json\/wp\/v2\/product"}],"about":[{"href":"https:\/\/deroorarebooks.com\/de\/wp-json\/wp\/v2\/types\/product"}],"wp:featuredmedia":[{"embeddable":true,"href":"https:\/\/deroorarebooks.com\/de\/wp-json\/wp\/v2\/media\/6424"}],"wp:attachment":[{"href":"https:\/\/deroorarebooks.com\/de\/wp-json\/wp\/v2\/media?parent=6423"}],"wp:term":[{"taxonomy":"product_brand","embeddable":true,"href":"https:\/\/deroorarebooks.com\/de\/wp-json\/wp\/v2\/product_brand?post=6423"},{"taxonomy":"product_cat","embeddable":true,"href":"https:\/\/deroorarebooks.com\/de\/wp-json\/wp\/v2\/product_cat?post=6423"},{"taxonomy":"product_tag","embeddable":true,"href":"https:\/\/deroorarebooks.com\/de\/wp-json\/wp\/v2\/product_tag?post=6423"}],"curies":[{"name":"wp","href":"https:\/\/api.w.org\/{rel}","templated":true}]}}