{"id":6288,"date":"2020-06-30T16:06:26","date_gmt":"2020-06-30T14:06:26","guid":{"rendered":"https:\/\/deroorarebooks.com\/product\/gesigt-vande-seer-oude-en-beroemde-stad-dordrecht-geleegen-in-hollandt-te-sien-by-de-vuyl-poort-la-tres-ancienne-et-fameuse-ville-de-dordrecht-en-hollande-vue-du-cote-de-la-porte-nommee-de-vuyl-poo\/"},"modified":"2025-12-01T18:58:48","modified_gmt":"2025-12-01T17:58:48","slug":"gesigt-vande-seer-oude-en-beroemde-stad-dordrecht-geleegen-in-hollandt-te-sien-by-de-vuyl-poort-la-tres-ancienne-et-fameuse-ville-de-dordrecht-en-hollande-vue-du-cote-de-la-porte-nommee-de-vuyl-poo","status":"publish","type":"product","link":"https:\/\/deroorarebooks.com\/de\/produkt\/gesigt-vande-seer-oude-en-beroemde-stad-dordrecht-geleegen-in-hollandt-te-sien-by-de-vuyl-poort-la-tres-ancienne-et-fameuse-ville-de-dordrecht-en-hollande-vue-du-cote-de-la-porte-nommee-de-vuyl-poo\/","title":{"rendered":"Gesigt vande seer oude en beroemde stad Dordrecht geleegen in Hollandt te sien by de Vuyl Poort. \/ La tr\u00e8s ancienne et fameuse ville de Dordrecht en Hollande vue du c\u00f2te de la porte nomm\u00e9e de Vuyl Poort."},"content":{"rendered":"<p>Fraaie en scherpe gravure op groot formaat met het zicht op Dordrecht ter hoogte van de Hooi- en Bomkade, gezien vanaf de rivier de Maas. Naast de haven zijn veel bekende punten zichtbaar zoals de Grote Kerk, het stadhuis en zelfs de toren van de Augustijnenkerk zijn te zien. De gravure bestaat uit 2 delen welke in het midden verbonden zijn. De totale afmeting inclusief lijst is 65 x 106 cm., de gravure zelf is 57 x 97 cm. en is vanwege het formaat van de prent gedrukt met 2 koperplaten. De gravure is later ingelijst in een fraai bewerkte donkerbruine houten lijst welke aan de binnenzijde is gedecoreerd met goudverf. Enkele kleine beschadigingen aan de lijst, verder in zeer goede staat en een fraaie aanvulling op het interieur.<\/p>","protected":false},"excerpt":{"rendered":"<p>Fraaie en scherpe gravure op groot formaat met het zicht op Dordrecht ter hoogte van de Hooi- en Bomkade, gezien vanaf de rivier de Maas. Naast de haven zijn veel bekende punten zichtbaar zoals de Grote Kerk, het stadhuis en zelfs de toren van de Augustijnenkerk zijn te zien. De gravure bestaat uit 2 delen [&#8230;]","protected":false},"featured_media":6289,"template":"","meta":[],"product_brand":[],"product_cat":[22,20],"product_tag":[427],"class_list":{"0":"post-6288","1":"product","2":"type-product","3":"status-publish","4":"has-post-thumbnail","6":"product_cat-cartography","7":"product_cat-highlights","8":"product_tag-gravures","9":"pa_author-2-gravure-dordrecht","10":"pa_publisher-amsterdam-leonard-schenk-naar-abraham-rademaker","12":"first","13":"instock","14":"sale","15":"purchasable","16":"product-type-simple"},"yoast_head":"<!-- This site is optimized with the Yoast SEO Premium plugin v22.1 (Yoast SEO v26.0) - https:\/\/yoast.com\/wordpress\/plugins\/seo\/ -->\n<title>Gesigt vande seer oude en beroemde stad Dordrecht geleegen in Hollandt te sien by de Vuyl Poort. \/ La tr\u00e8s ancienne et fameuse ville de Dordrecht en Hollande vue du c\u00f2te de la porte nomm\u00e9e de Vuyl Poort. - Antiquariaat De Roo<\/title>\n<meta name=\"robots\" content=\"index, follow, max-snippet:-1, max-image-preview:large, max-video-preview:-1\" \/>\n<link rel=\"canonical\" href=\"https:\/\/deroorarebooks.com\/de\/produkt\/gesigt-vande-seer-oude-en-beroemde-stad-dordrecht-geleegen-in-hollandt-te-sien-by-de-vuyl-poort-la-tres-ancienne-et-fameuse-ville-de-dordrecht-en-hollande-vue-du-cote-de-la-porte-nommee-de-vuyl-poo\/\" \/>\n<meta property=\"og:locale\" content=\"de_DE\" \/>\n<meta property=\"og:type\" content=\"article\" \/>\n<meta property=\"og:title\" content=\"Gesigt vande seer oude en beroemde stad Dordrecht geleegen in Hollandt te sien by de Vuyl Poort. \/ La tr\u00e8s ancienne et fameuse ville de Dordrecht en Hollande vue du c\u00f2te de la porte nomm\u00e9e de Vuyl Poort.\" \/>\n<meta property=\"og:description\" content=\"Fraaie en scherpe gravure op groot formaat met het zicht op Dordrecht ter hoogte van de Hooi- en Bomkade, gezien vanaf de rivier de Maas. Naast de haven zijn veel bekende punten zichtbaar zoals de Grote Kerk, het stadhuis en zelfs de toren van de Augustijnenkerk zijn te zien. De gravure bestaat uit 2 delen [...]\" \/>\n<meta property=\"og:url\" content=\"https:\/\/deroorarebooks.com\/de\/produkt\/gesigt-vande-seer-oude-en-beroemde-stad-dordrecht-geleegen-in-hollandt-te-sien-by-de-vuyl-poort-la-tres-ancienne-et-fameuse-ville-de-dordrecht-en-hollande-vue-du-cote-de-la-porte-nommee-de-vuyl-poo\/\" \/>\n<meta property=\"og:site_name\" content=\"Antiquariaat De Roo\" \/>\n<meta property=\"article:modified_time\" content=\"2025-12-01T17:58:48+00:00\" \/>\n<meta property=\"og:image\" content=\"https:\/\/deroorarebooks.com\/wp-content\/uploads\/2020\/06\/16642IMG_0106.jpg\" \/>\n\t<meta property=\"og:image:width\" content=\"640\" \/>\n\t<meta property=\"og:image:height\" content=\"392\" \/>\n\t<meta property=\"og:image:type\" content=\"image\/jpeg\" \/>\n<meta name=\"twitter:card\" content=\"summary_large_image\" \/>\n<meta name=\"twitter:label1\" content=\"Gesch\u00e4tzte Lesezeit\" \/>\n\t<meta name=\"twitter:data1\" content=\"1\u00a0Minute\" \/>\n<script type=\"application\/ld+json\" class=\"yoast-schema-graph\">{\"@context\":\"https:\/\/schema.org\",\"@graph\":[{\"@type\":\"WebPage\",\"@id\":\"https:\/\/deroorarebooks.com\/product\/gesigt-vande-seer-oude-en-beroemde-stad-dordrecht-geleegen-in-hollandt-te-sien-by-de-vuyl-poort-la-tres-ancienne-et-fameuse-ville-de-dordrecht-en-hollande-vue-du-cote-de-la-porte-nommee-de-vuyl-poo\/\",\"url\":\"https:\/\/deroorarebooks.com\/product\/gesigt-vande-seer-oude-en-beroemde-stad-dordrecht-geleegen-in-hollandt-te-sien-by-de-vuyl-poort-la-tres-ancienne-et-fameuse-ville-de-dordrecht-en-hollande-vue-du-cote-de-la-porte-nommee-de-vuyl-poo\/\",\"name\":\"Gesigt vande seer oude en beroemde stad Dordrecht geleegen in Hollandt te sien by de Vuyl Poort. \/ La tr\u00e8s ancienne et fameuse ville de Dordrecht en Hollande vue du c\u00f2te de la porte nomm\u00e9e de Vuyl Poort. - Antiquariaat De Roo\",\"isPartOf\":{\"@id\":\"https:\/\/deroorarebooks.com\/es\/#website\"},\"primaryImageOfPage\":{\"@id\":\"https:\/\/deroorarebooks.com\/product\/gesigt-vande-seer-oude-en-beroemde-stad-dordrecht-geleegen-in-hollandt-te-sien-by-de-vuyl-poort-la-tres-ancienne-et-fameuse-ville-de-dordrecht-en-hollande-vue-du-cote-de-la-porte-nommee-de-vuyl-poo\/#primaryimage\"},\"image\":{\"@id\":\"https:\/\/deroorarebooks.com\/product\/gesigt-vande-seer-oude-en-beroemde-stad-dordrecht-geleegen-in-hollandt-te-sien-by-de-vuyl-poort-la-tres-ancienne-et-fameuse-ville-de-dordrecht-en-hollande-vue-du-cote-de-la-porte-nommee-de-vuyl-poo\/#primaryimage\"},\"thumbnailUrl\":\"https:\/\/deroorarebooks.com\/wp-content\/uploads\/2020\/06\/16642IMG_0106.jpg\",\"datePublished\":\"2020-06-30T14:06:26+00:00\",\"dateModified\":\"2025-12-01T17:58:48+00:00\",\"breadcrumb\":{\"@id\":\"https:\/\/deroorarebooks.com\/product\/gesigt-vande-seer-oude-en-beroemde-stad-dordrecht-geleegen-in-hollandt-te-sien-by-de-vuyl-poort-la-tres-ancienne-et-fameuse-ville-de-dordrecht-en-hollande-vue-du-cote-de-la-porte-nommee-de-vuyl-poo\/#breadcrumb\"},\"inLanguage\":\"de\",\"potentialAction\":[{\"@type\":\"ReadAction\",\"target\":[\"https:\/\/deroorarebooks.com\/product\/gesigt-vande-seer-oude-en-beroemde-stad-dordrecht-geleegen-in-hollandt-te-sien-by-de-vuyl-poort-la-tres-ancienne-et-fameuse-ville-de-dordrecht-en-hollande-vue-du-cote-de-la-porte-nommee-de-vuyl-poo\/\"]}]},{\"@type\":\"ImageObject\",\"inLanguage\":\"de\",\"@id\":\"https:\/\/deroorarebooks.com\/product\/gesigt-vande-seer-oude-en-beroemde-stad-dordrecht-geleegen-in-hollandt-te-sien-by-de-vuyl-poort-la-tres-ancienne-et-fameuse-ville-de-dordrecht-en-hollande-vue-du-cote-de-la-porte-nommee-de-vuyl-poo\/#primaryimage\",\"url\":\"https:\/\/deroorarebooks.com\/wp-content\/uploads\/2020\/06\/16642IMG_0106.jpg\",\"contentUrl\":\"https:\/\/deroorarebooks.com\/wp-content\/uploads\/2020\/06\/16642IMG_0106.jpg\",\"width\":640,\"height\":392},{\"@type\":\"BreadcrumbList\",\"@id\":\"https:\/\/deroorarebooks.com\/product\/gesigt-vande-seer-oude-en-beroemde-stad-dordrecht-geleegen-in-hollandt-te-sien-by-de-vuyl-poort-la-tres-ancienne-et-fameuse-ville-de-dordrecht-en-hollande-vue-du-cote-de-la-porte-nommee-de-vuyl-poo\/#breadcrumb\",\"itemListElement\":[{\"@type\":\"ListItem\",\"position\":1,\"name\":\"Home\",\"item\":\"https:\/\/deroorarebooks.com\/\"},{\"@type\":\"ListItem\",\"position\":2,\"name\":\"Shop\",\"item\":\"https:\/\/deroorarebooks.com\/shop\/\"},{\"@type\":\"ListItem\",\"position\":3,\"name\":\"Gesigt vande seer oude en beroemde stad Dordrecht geleegen in Hollandt te sien by de Vuyl Poort. \/ La tr\u00e8s ancienne et fameuse ville de Dordrecht en Hollande vue du c\u00f2te de la porte nomm\u00e9e de Vuyl Poort.\"}]},{\"@type\":\"WebSite\",\"@id\":\"https:\/\/deroorarebooks.com\/es\/#website\",\"url\":\"https:\/\/deroorarebooks.com\/es\/\",\"name\":\"Antiquariaat De Roo\",\"description\":\"Fine bindings, Theology, (Church) History, Hand-coloured works, Globes\",\"publisher\":{\"@id\":\"https:\/\/deroorarebooks.com\/es\/#organization\"},\"potentialAction\":[{\"@type\":\"SearchAction\",\"target\":{\"@type\":\"EntryPoint\",\"urlTemplate\":\"https:\/\/deroorarebooks.com\/es\/?s={search_term_string}\"},\"query-input\":{\"@type\":\"PropertyValueSpecification\",\"valueRequired\":true,\"valueName\":\"search_term_string\"}}],\"inLanguage\":\"de\"},{\"@type\":\"Organization\",\"@id\":\"https:\/\/deroorarebooks.com\/es\/#organization\",\"name\":\"Antiquariaat De Roo\",\"url\":\"https:\/\/deroorarebooks.com\/es\/\",\"logo\":{\"@type\":\"ImageObject\",\"inLanguage\":\"de\",\"@id\":\"https:\/\/deroorarebooks.com\/es\/#\/schema\/logo\/image\/\",\"url\":\"https:\/\/deroorarebooks.com\/wp-content\/uploads\/2020\/07\/Logo_Zwart_rood_750.png\",\"contentUrl\":\"https:\/\/deroorarebooks.com\/wp-content\/uploads\/2020\/07\/Logo_Zwart_rood_750.png\",\"width\":750,\"height\":221,\"caption\":\"Antiquariaat De Roo\"},\"image\":{\"@id\":\"https:\/\/deroorarebooks.com\/es\/#\/schema\/logo\/image\/\"}}]}<\/script>\n<!-- \/ Yoast SEO Premium plugin. -->","yoast_head_json":{"title":"Gesigt vande seer oude en beroemde stad Dordrecht geleegen in Hollandt te sien by de Vuyl Poort. \/ La tr\u00e8s ancienne et fameuse ville de Dordrecht en Hollande vue du c\u00f2te de la porte nomm\u00e9e de Vuyl Poort. - Antiquariaat De Roo","robots":{"index":"index","follow":"follow","max-snippet":"max-snippet:-1","max-image-preview":"max-image-preview:large","max-video-preview":"max-video-preview:-1"},"canonical":"https:\/\/deroorarebooks.com\/de\/produkt\/gesigt-vande-seer-oude-en-beroemde-stad-dordrecht-geleegen-in-hollandt-te-sien-by-de-vuyl-poort-la-tres-ancienne-et-fameuse-ville-de-dordrecht-en-hollande-vue-du-cote-de-la-porte-nommee-de-vuyl-poo\/","og_locale":"de_DE","og_type":"article","og_title":"Gesigt vande seer oude en beroemde stad Dordrecht geleegen in Hollandt te sien by de Vuyl Poort. \/ La tr\u00e8s ancienne et fameuse ville de Dordrecht en Hollande vue du c\u00f2te de la porte nomm\u00e9e de Vuyl Poort.","og_description":"Fraaie en scherpe gravure op groot formaat met het zicht op Dordrecht ter hoogte van de Hooi- en Bomkade, gezien vanaf de rivier de Maas. Naast de haven zijn veel bekende punten zichtbaar zoals de Grote Kerk, het stadhuis en zelfs de toren van de Augustijnenkerk zijn te zien. De gravure bestaat uit 2 delen [...]","og_url":"https:\/\/deroorarebooks.com\/de\/produkt\/gesigt-vande-seer-oude-en-beroemde-stad-dordrecht-geleegen-in-hollandt-te-sien-by-de-vuyl-poort-la-tres-ancienne-et-fameuse-ville-de-dordrecht-en-hollande-vue-du-cote-de-la-porte-nommee-de-vuyl-poo\/","og_site_name":"Antiquariaat De Roo","article_modified_time":"2025-12-01T17:58:48+00:00","og_image":[{"width":640,"height":392,"url":"https:\/\/deroorarebooks.com\/wp-content\/uploads\/2020\/06\/16642IMG_0106.jpg","type":"image\/jpeg"}],"twitter_card":"summary_large_image","twitter_misc":{"Gesch\u00e4tzte Lesezeit":"1\u00a0Minute"},"schema":{"@context":"https:\/\/schema.org","@graph":[{"@type":"WebPage","@id":"https:\/\/deroorarebooks.com\/product\/gesigt-vande-seer-oude-en-beroemde-stad-dordrecht-geleegen-in-hollandt-te-sien-by-de-vuyl-poort-la-tres-ancienne-et-fameuse-ville-de-dordrecht-en-hollande-vue-du-cote-de-la-porte-nommee-de-vuyl-poo\/","url":"https:\/\/deroorarebooks.com\/product\/gesigt-vande-seer-oude-en-beroemde-stad-dordrecht-geleegen-in-hollandt-te-sien-by-de-vuyl-poort-la-tres-ancienne-et-fameuse-ville-de-dordrecht-en-hollande-vue-du-cote-de-la-porte-nommee-de-vuyl-poo\/","name":"Gesigt vande seer oude en beroemde stad Dordrecht geleegen in Hollandt te sien by de Vuyl Poort. \/ La tr\u00e8s ancienne et fameuse ville de Dordrecht en Hollande vue du c\u00f2te de la porte nomm\u00e9e de Vuyl Poort. - Antiquariaat De Roo","isPartOf":{"@id":"https:\/\/deroorarebooks.com\/es\/#website"},"primaryImageOfPage":{"@id":"https:\/\/deroorarebooks.com\/product\/gesigt-vande-seer-oude-en-beroemde-stad-dordrecht-geleegen-in-hollandt-te-sien-by-de-vuyl-poort-la-tres-ancienne-et-fameuse-ville-de-dordrecht-en-hollande-vue-du-cote-de-la-porte-nommee-de-vuyl-poo\/#primaryimage"},"image":{"@id":"https:\/\/deroorarebooks.com\/product\/gesigt-vande-seer-oude-en-beroemde-stad-dordrecht-geleegen-in-hollandt-te-sien-by-de-vuyl-poort-la-tres-ancienne-et-fameuse-ville-de-dordrecht-en-hollande-vue-du-cote-de-la-porte-nommee-de-vuyl-poo\/#primaryimage"},"thumbnailUrl":"https:\/\/deroorarebooks.com\/wp-content\/uploads\/2020\/06\/16642IMG_0106.jpg","datePublished":"2020-06-30T14:06:26+00:00","dateModified":"2025-12-01T17:58:48+00:00","breadcrumb":{"@id":"https:\/\/deroorarebooks.com\/product\/gesigt-vande-seer-oude-en-beroemde-stad-dordrecht-geleegen-in-hollandt-te-sien-by-de-vuyl-poort-la-tres-ancienne-et-fameuse-ville-de-dordrecht-en-hollande-vue-du-cote-de-la-porte-nommee-de-vuyl-poo\/#breadcrumb"},"inLanguage":"de","potentialAction":[{"@type":"ReadAction","target":["https:\/\/deroorarebooks.com\/product\/gesigt-vande-seer-oude-en-beroemde-stad-dordrecht-geleegen-in-hollandt-te-sien-by-de-vuyl-poort-la-tres-ancienne-et-fameuse-ville-de-dordrecht-en-hollande-vue-du-cote-de-la-porte-nommee-de-vuyl-poo\/"]}]},{"@type":"ImageObject","inLanguage":"de","@id":"https:\/\/deroorarebooks.com\/product\/gesigt-vande-seer-oude-en-beroemde-stad-dordrecht-geleegen-in-hollandt-te-sien-by-de-vuyl-poort-la-tres-ancienne-et-fameuse-ville-de-dordrecht-en-hollande-vue-du-cote-de-la-porte-nommee-de-vuyl-poo\/#primaryimage","url":"https:\/\/deroorarebooks.com\/wp-content\/uploads\/2020\/06\/16642IMG_0106.jpg","contentUrl":"https:\/\/deroorarebooks.com\/wp-content\/uploads\/2020\/06\/16642IMG_0106.jpg","width":640,"height":392},{"@type":"BreadcrumbList","@id":"https:\/\/deroorarebooks.com\/product\/gesigt-vande-seer-oude-en-beroemde-stad-dordrecht-geleegen-in-hollandt-te-sien-by-de-vuyl-poort-la-tres-ancienne-et-fameuse-ville-de-dordrecht-en-hollande-vue-du-cote-de-la-porte-nommee-de-vuyl-poo\/#breadcrumb","itemListElement":[{"@type":"ListItem","position":1,"name":"Home","item":"https:\/\/deroorarebooks.com\/"},{"@type":"ListItem","position":2,"name":"Shop","item":"https:\/\/deroorarebooks.com\/shop\/"},{"@type":"ListItem","position":3,"name":"Gesigt vande seer oude en beroemde stad Dordrecht geleegen in Hollandt te sien by de Vuyl Poort. \/ La tr\u00e8s ancienne et fameuse ville de Dordrecht en Hollande vue du c\u00f2te de la porte nomm\u00e9e de Vuyl Poort."}]},{"@type":"WebSite","@id":"https:\/\/deroorarebooks.com\/es\/#website","url":"https:\/\/deroorarebooks.com\/es\/","name":"Antiquariaat De Roo","description":"Fine bindings, Theology, (Church) History, Hand-coloured works, Globes","publisher":{"@id":"https:\/\/deroorarebooks.com\/es\/#organization"},"potentialAction":[{"@type":"SearchAction","target":{"@type":"EntryPoint","urlTemplate":"https:\/\/deroorarebooks.com\/es\/?s={search_term_string}"},"query-input":{"@type":"PropertyValueSpecification","valueRequired":true,"valueName":"search_term_string"}}],"inLanguage":"de"},{"@type":"Organization","@id":"https:\/\/deroorarebooks.com\/es\/#organization","name":"Antiquariaat De Roo","url":"https:\/\/deroorarebooks.com\/es\/","logo":{"@type":"ImageObject","inLanguage":"de","@id":"https:\/\/deroorarebooks.com\/es\/#\/schema\/logo\/image\/","url":"https:\/\/deroorarebooks.com\/wp-content\/uploads\/2020\/07\/Logo_Zwart_rood_750.png","contentUrl":"https:\/\/deroorarebooks.com\/wp-content\/uploads\/2020\/07\/Logo_Zwart_rood_750.png","width":750,"height":221,"caption":"Antiquariaat De Roo"},"image":{"@id":"https:\/\/deroorarebooks.com\/es\/#\/schema\/logo\/image\/"}}]}},"_links":{"self":[{"href":"https:\/\/deroorarebooks.com\/de\/wp-json\/wp\/v2\/product\/6288","targetHints":{"allow":["GET"]}}],"collection":[{"href":"https:\/\/deroorarebooks.com\/de\/wp-json\/wp\/v2\/product"}],"about":[{"href":"https:\/\/deroorarebooks.com\/de\/wp-json\/wp\/v2\/types\/product"}],"wp:featuredmedia":[{"embeddable":true,"href":"https:\/\/deroorarebooks.com\/de\/wp-json\/wp\/v2\/media\/6289"}],"wp:attachment":[{"href":"https:\/\/deroorarebooks.com\/de\/wp-json\/wp\/v2\/media?parent=6288"}],"wp:term":[{"taxonomy":"product_brand","embeddable":true,"href":"https:\/\/deroorarebooks.com\/de\/wp-json\/wp\/v2\/product_brand?post=6288"},{"taxonomy":"product_cat","embeddable":true,"href":"https:\/\/deroorarebooks.com\/de\/wp-json\/wp\/v2\/product_cat?post=6288"},{"taxonomy":"product_tag","embeddable":true,"href":"https:\/\/deroorarebooks.com\/de\/wp-json\/wp\/v2\/product_tag?post=6288"}],"curies":[{"name":"wp","href":"https:\/\/api.w.org\/{rel}","templated":true}]}}