{"id":5855,"date":"2020-06-30T16:02:32","date_gmt":"2020-06-30T14:02:32","guid":{"rendered":"https:\/\/deroorarebooks.com\/product\/harmonia-confessionvm-fidei-orthodoxarum-reformatarum-ecclesiarum-quae-in-praecipuis-guibusque-europae-regnis-nationibus-prouinciis-sacram-euangelij-doctrinam-pure-profitentur-quarum-catalo\/"},"modified":"2025-11-13T17:15:27","modified_gmt":"2025-11-13T16:15:27","slug":"harmonia-confessionvm-fidei-orthodoxarum-reformatarum-ecclesiarum-quae-in-praecipuis-guibusque-europae-regnis-nationibus-prouinciis-sacram-euangelij-doctrinam-pure-profitentur-quarum-catalo","status":"publish","type":"product","link":"https:\/\/deroorarebooks.com\/de\/produkt\/harmonia-confessionvm-fidei-orthodoxarum-reformatarum-ecclesiarum-quae-in-praecipuis-guibusque-europae-regnis-nationibus-prouinciis-sacram-euangelij-doctrinam-pure-profitentur-quarum-catalo\/","title":{"rendered":"Harmonia Confessionvm Fidei, Orthodoxarum, &amp; Reformatarum Ecclesiarum, quae in praecipuis guibusque Europae Regnis, Nationibus, &amp; Prouinciis, sacram Euangelij doctrinam pur\u00e8 profitentur: quarum catalogum &amp; ordinem sequentes paginae indicabunt. Additae sunt ad calcem breuissimae obseruationes: quibus, tum illustratur obscura, tum quae in speciem pugnare inter se videri possunt, perspicu\u00e8, atque modestissim\u00e8 conciliantur: &amp; si qua adhuc controuersa manent, syncer\u00e8 indicantur. Quae omnia, Ecclesiarum Gallicarum, &amp; Belgicarum nomine, subiiciuntur libero &amp; prudenti reliquarum omnium, iudicio."},"content":{"rendered":"<p>(24, folding table) 224, 298 (6), (40, 6) p. Contemporary folding Vellum with 4 raised bands, 4&deg; (The text block is slightly browned throughout, the bottom corner of page 115-118 is teared off, therefore a few letters of the marginal comments are missing. Rare and important collection of confessions, edited by the Swiss Reformed theologian Jean-Fran&ccedil;ois Salvard, c.1530-1585 (with the help of Theodore Beza and Lambert Daneau). The work contains a compilation of a total of 11 Protestant confessions of faith, beginning with the Confession of Augsburg of 1530 and ending with the Bohemian Confession of 1575. The work incorporates Swiss, French, English and Dutch Confessions and was intended as a defense of the Protestant, and particulary Reformed, doctrine against the constant attacks of Romanists and Lutherans.) <\/p>\n<p><em>Bakhuizen van den Brink, J.N. (1949). De Harmonia Confessionum van 1581 en de Gereformeerde Kerken in Nederland, in Nederland Archief voor Kerkgeschiedenis Volume 37 \/ B&uuml;sser, F. (1984). Freedom in reformed confessions of the 16th Century, in Zwingliana Band XVI Heft 4<\/em><\/p>","protected":false},"excerpt":{"rendered":"<p>(24, folding table) 224, 298 (6), (40, 6) p. Contemporary folding Vellum with 4 raised bands, 4&deg; (The text block is slightly browned throughout, the bottom corner of page 115-118 is teared off, therefore a few letters of the marginal comments are missing. Rare and important collection of confessions, edited by the Swiss Reformed theologian [&#8230;]","protected":false},"featured_media":5856,"template":"","meta":[],"product_brand":[],"product_cat":[18,19],"product_tag":[1116,1117,377],"class_list":{"0":"post-5855","1":"product","2":"type-product","3":"status-publish","4":"has-post-thumbnail","6":"product_cat-religion","7":"product_cat-religion-latin","8":"product_tag-reformatie","9":"product_tag-systematische-theologie","10":"product_tag-theologie","11":"pa_author-2-salvard-francois","12":"pa_publisher-geneva-petrus-santandreanus","14":"first","15":"instock","16":"sale","17":"purchasable","18":"product-type-simple"},"yoast_head":"<!-- This site is optimized with the Yoast SEO Premium plugin v22.1 (Yoast SEO v26.0) - https:\/\/yoast.com\/wordpress\/plugins\/seo\/ -->\n<title>Harmonia Confessionvm Fidei, Orthodoxarum, &amp; Reformatarum Ecclesiarum, quae in praecipuis guibusque Europae Regnis, Nationibus, &amp; Prouinciis, sacram Euangelij doctrinam pur\u00e8 profitentur: quarum catalogum &amp; ordinem sequentes paginae indicabunt. Additae sunt ad calcem breuissimae obseruationes: quibus, tum illustratur obscura, tum quae in speciem pugnare inter se videri possunt, perspicu\u00e8, atque modestissim\u00e8 conciliantur: &amp; si qua adhuc controuersa manent, syncer\u00e8 indicantur. Quae omnia, Ecclesiarum Gallicarum, &amp; Belgicarum nomine, subiiciuntur libero &amp; prudenti reliquarum omnium, iudicio. - Antiquariaat De Roo<\/title>\n<meta name=\"robots\" content=\"index, follow, max-snippet:-1, max-image-preview:large, max-video-preview:-1\" \/>\n<link rel=\"canonical\" href=\"https:\/\/deroorarebooks.com\/de\/produkt\/harmonia-confessionvm-fidei-orthodoxarum-reformatarum-ecclesiarum-quae-in-praecipuis-guibusque-europae-regnis-nationibus-prouinciis-sacram-euangelij-doctrinam-pure-profitentur-quarum-catalo\/\" \/>\n<meta property=\"og:locale\" content=\"de_DE\" \/>\n<meta property=\"og:type\" content=\"article\" \/>\n<meta property=\"og:title\" content=\"Harmonia Confessionvm Fidei, Orthodoxarum, &amp; Reformatarum Ecclesiarum, quae in praecipuis guibusque Europae Regnis, Nationibus, &amp; Prouinciis, sacram Euangelij doctrinam pur\u00e8 profitentur: quarum catalogum &amp; ordinem sequentes paginae indicabunt. Additae sunt ad calcem breuissimae obseruationes: quibus, tum illustratur obscura, tum quae in speciem pugnare inter se videri possunt, perspicu\u00e8, atque modestissim\u00e8 conciliantur: &amp; si qua adhuc controuersa manent, syncer\u00e8 indicantur. Quae omnia, Ecclesiarum Gallicarum, &amp; Belgicarum nomine, subiiciuntur libero &amp; prudenti reliquarum omnium, iudicio.\" \/>\n<meta property=\"og:description\" content=\"(24, folding table) 224, 298 (6), (40, 6) p. Contemporary folding Vellum with 4 raised bands, 4&deg; (The text block is slightly browned throughout, the bottom corner of page 115-118 is teared off, therefore a few letters of the marginal comments are missing. Rare and important collection of confessions, edited by the Swiss Reformed theologian [...]\" \/>\n<meta property=\"og:url\" content=\"https:\/\/deroorarebooks.com\/de\/produkt\/harmonia-confessionvm-fidei-orthodoxarum-reformatarum-ecclesiarum-quae-in-praecipuis-guibusque-europae-regnis-nationibus-prouinciis-sacram-euangelij-doctrinam-pure-profitentur-quarum-catalo\/\" \/>\n<meta property=\"og:site_name\" content=\"Antiquariaat De Roo\" \/>\n<meta property=\"article:modified_time\" content=\"2025-11-13T16:15:27+00:00\" \/>\n<meta property=\"og:image\" content=\"https:\/\/deroorarebooks.com\/wp-content\/uploads\/2020\/06\/17307IMG_1441.jpg\" \/>\n\t<meta property=\"og:image:width\" content=\"480\" \/>\n\t<meta property=\"og:image:height\" content=\"621\" \/>\n\t<meta property=\"og:image:type\" content=\"image\/jpeg\" \/>\n<meta name=\"twitter:card\" content=\"summary_large_image\" \/>\n<meta name=\"twitter:label1\" content=\"Gesch\u00e4tzte Lesezeit\" \/>\n\t<meta name=\"twitter:data1\" content=\"1\u00a0Minute\" \/>\n<script type=\"application\/ld+json\" class=\"yoast-schema-graph\">{\"@context\":\"https:\/\/schema.org\",\"@graph\":[{\"@type\":\"WebPage\",\"@id\":\"https:\/\/deroorarebooks.com\/product\/harmonia-confessionvm-fidei-orthodoxarum-reformatarum-ecclesiarum-quae-in-praecipuis-guibusque-europae-regnis-nationibus-prouinciis-sacram-euangelij-doctrinam-pure-profitentur-quarum-catalo\/\",\"url\":\"https:\/\/deroorarebooks.com\/product\/harmonia-confessionvm-fidei-orthodoxarum-reformatarum-ecclesiarum-quae-in-praecipuis-guibusque-europae-regnis-nationibus-prouinciis-sacram-euangelij-doctrinam-pure-profitentur-quarum-catalo\/\",\"name\":\"Harmonia Confessionvm Fidei, Orthodoxarum, &amp; Reformatarum Ecclesiarum, quae in praecipuis guibusque Europae Regnis, Nationibus, &amp; Prouinciis, sacram Euangelij doctrinam pur\u00e8 profitentur: quarum catalogum &amp; ordinem sequentes paginae indicabunt. Additae sunt ad calcem breuissimae obseruationes: quibus, tum illustratur obscura, tum quae in speciem pugnare inter se videri possunt, perspicu\u00e8, atque modestissim\u00e8 conciliantur: &amp; si qua adhuc controuersa manent, syncer\u00e8 indicantur. Quae omnia, Ecclesiarum Gallicarum, &amp; Belgicarum nomine, subiiciuntur libero &amp; prudenti reliquarum omnium, iudicio. - Antiquariaat De Roo\",\"isPartOf\":{\"@id\":\"https:\/\/deroorarebooks.com\/es\/#website\"},\"primaryImageOfPage\":{\"@id\":\"https:\/\/deroorarebooks.com\/product\/harmonia-confessionvm-fidei-orthodoxarum-reformatarum-ecclesiarum-quae-in-praecipuis-guibusque-europae-regnis-nationibus-prouinciis-sacram-euangelij-doctrinam-pure-profitentur-quarum-catalo\/#primaryimage\"},\"image\":{\"@id\":\"https:\/\/deroorarebooks.com\/product\/harmonia-confessionvm-fidei-orthodoxarum-reformatarum-ecclesiarum-quae-in-praecipuis-guibusque-europae-regnis-nationibus-prouinciis-sacram-euangelij-doctrinam-pure-profitentur-quarum-catalo\/#primaryimage\"},\"thumbnailUrl\":\"https:\/\/deroorarebooks.com\/wp-content\/uploads\/2020\/06\/17307IMG_1441.jpg\",\"datePublished\":\"2020-06-30T14:02:32+00:00\",\"dateModified\":\"2025-11-13T16:15:27+00:00\",\"breadcrumb\":{\"@id\":\"https:\/\/deroorarebooks.com\/product\/harmonia-confessionvm-fidei-orthodoxarum-reformatarum-ecclesiarum-quae-in-praecipuis-guibusque-europae-regnis-nationibus-prouinciis-sacram-euangelij-doctrinam-pure-profitentur-quarum-catalo\/#breadcrumb\"},\"inLanguage\":\"de\",\"potentialAction\":[{\"@type\":\"ReadAction\",\"target\":[\"https:\/\/deroorarebooks.com\/product\/harmonia-confessionvm-fidei-orthodoxarum-reformatarum-ecclesiarum-quae-in-praecipuis-guibusque-europae-regnis-nationibus-prouinciis-sacram-euangelij-doctrinam-pure-profitentur-quarum-catalo\/\"]}]},{\"@type\":\"ImageObject\",\"inLanguage\":\"de\",\"@id\":\"https:\/\/deroorarebooks.com\/product\/harmonia-confessionvm-fidei-orthodoxarum-reformatarum-ecclesiarum-quae-in-praecipuis-guibusque-europae-regnis-nationibus-prouinciis-sacram-euangelij-doctrinam-pure-profitentur-quarum-catalo\/#primaryimage\",\"url\":\"https:\/\/deroorarebooks.com\/wp-content\/uploads\/2020\/06\/17307IMG_1441.jpg\",\"contentUrl\":\"https:\/\/deroorarebooks.com\/wp-content\/uploads\/2020\/06\/17307IMG_1441.jpg\",\"width\":480,\"height\":621},{\"@type\":\"BreadcrumbList\",\"@id\":\"https:\/\/deroorarebooks.com\/product\/harmonia-confessionvm-fidei-orthodoxarum-reformatarum-ecclesiarum-quae-in-praecipuis-guibusque-europae-regnis-nationibus-prouinciis-sacram-euangelij-doctrinam-pure-profitentur-quarum-catalo\/#breadcrumb\",\"itemListElement\":[{\"@type\":\"ListItem\",\"position\":1,\"name\":\"Home\",\"item\":\"https:\/\/deroorarebooks.com\/\"},{\"@type\":\"ListItem\",\"position\":2,\"name\":\"Shop\",\"item\":\"https:\/\/deroorarebooks.com\/shop\/\"},{\"@type\":\"ListItem\",\"position\":3,\"name\":\"Harmonia Confessionvm Fidei, Orthodoxarum, &amp; Reformatarum Ecclesiarum, quae in praecipuis guibusque Europae Regnis, Nationibus, &amp; Prouinciis, sacram Euangelij doctrinam pur\u00e8 profitentur: quarum catalogum &amp; ordinem sequentes paginae indicabunt. Additae sunt ad calcem breuissimae obseruationes: quibus, tum illustratur obscura, tum quae in speciem pugnare inter se videri possunt, perspicu\u00e8, atque modestissim\u00e8 conciliantur: &amp; si qua adhuc controuersa manent, syncer\u00e8 indicantur. Quae omnia, Ecclesiarum Gallicarum, &amp; Belgicarum nomine, subiiciuntur libero &amp; prudenti reliquarum omnium, iudicio.\"}]},{\"@type\":\"WebSite\",\"@id\":\"https:\/\/deroorarebooks.com\/es\/#website\",\"url\":\"https:\/\/deroorarebooks.com\/es\/\",\"name\":\"Antiquariaat De Roo\",\"description\":\"Fine bindings, Theology, (Church) History, Hand-coloured works, Globes\",\"publisher\":{\"@id\":\"https:\/\/deroorarebooks.com\/es\/#organization\"},\"potentialAction\":[{\"@type\":\"SearchAction\",\"target\":{\"@type\":\"EntryPoint\",\"urlTemplate\":\"https:\/\/deroorarebooks.com\/es\/?s={search_term_string}\"},\"query-input\":{\"@type\":\"PropertyValueSpecification\",\"valueRequired\":true,\"valueName\":\"search_term_string\"}}],\"inLanguage\":\"de\"},{\"@type\":\"Organization\",\"@id\":\"https:\/\/deroorarebooks.com\/es\/#organization\",\"name\":\"Antiquariaat De Roo\",\"url\":\"https:\/\/deroorarebooks.com\/es\/\",\"logo\":{\"@type\":\"ImageObject\",\"inLanguage\":\"de\",\"@id\":\"https:\/\/deroorarebooks.com\/es\/#\/schema\/logo\/image\/\",\"url\":\"https:\/\/deroorarebooks.com\/wp-content\/uploads\/2020\/07\/Logo_Zwart_rood_750.png\",\"contentUrl\":\"https:\/\/deroorarebooks.com\/wp-content\/uploads\/2020\/07\/Logo_Zwart_rood_750.png\",\"width\":750,\"height\":221,\"caption\":\"Antiquariaat De Roo\"},\"image\":{\"@id\":\"https:\/\/deroorarebooks.com\/es\/#\/schema\/logo\/image\/\"}}]}<\/script>\n<!-- \/ Yoast SEO Premium plugin. -->","yoast_head_json":{"title":"Harmonia Confessionvm Fidei, Orthodoxarum, &amp; Reformatarum Ecclesiarum, quae in praecipuis guibusque Europae Regnis, Nationibus, &amp; Prouinciis, sacram Euangelij doctrinam pur\u00e8 profitentur: quarum catalogum &amp; ordinem sequentes paginae indicabunt. Additae sunt ad calcem breuissimae obseruationes: quibus, tum illustratur obscura, tum quae in speciem pugnare inter se videri possunt, perspicu\u00e8, atque modestissim\u00e8 conciliantur: &amp; si qua adhuc controuersa manent, syncer\u00e8 indicantur. Quae omnia, Ecclesiarum Gallicarum, &amp; Belgicarum nomine, subiiciuntur libero &amp; prudenti reliquarum omnium, iudicio. - Antiquariaat De Roo","robots":{"index":"index","follow":"follow","max-snippet":"max-snippet:-1","max-image-preview":"max-image-preview:large","max-video-preview":"max-video-preview:-1"},"canonical":"https:\/\/deroorarebooks.com\/de\/produkt\/harmonia-confessionvm-fidei-orthodoxarum-reformatarum-ecclesiarum-quae-in-praecipuis-guibusque-europae-regnis-nationibus-prouinciis-sacram-euangelij-doctrinam-pure-profitentur-quarum-catalo\/","og_locale":"de_DE","og_type":"article","og_title":"Harmonia Confessionvm Fidei, Orthodoxarum, &amp; Reformatarum Ecclesiarum, quae in praecipuis guibusque Europae Regnis, Nationibus, &amp; Prouinciis, sacram Euangelij doctrinam pur\u00e8 profitentur: quarum catalogum &amp; ordinem sequentes paginae indicabunt. Additae sunt ad calcem breuissimae obseruationes: quibus, tum illustratur obscura, tum quae in speciem pugnare inter se videri possunt, perspicu\u00e8, atque modestissim\u00e8 conciliantur: &amp; si qua adhuc controuersa manent, syncer\u00e8 indicantur. Quae omnia, Ecclesiarum Gallicarum, &amp; Belgicarum nomine, subiiciuntur libero &amp; prudenti reliquarum omnium, iudicio.","og_description":"(24, folding table) 224, 298 (6), (40, 6) p. Contemporary folding Vellum with 4 raised bands, 4&deg; (The text block is slightly browned throughout, the bottom corner of page 115-118 is teared off, therefore a few letters of the marginal comments are missing. Rare and important collection of confessions, edited by the Swiss Reformed theologian [...]","og_url":"https:\/\/deroorarebooks.com\/de\/produkt\/harmonia-confessionvm-fidei-orthodoxarum-reformatarum-ecclesiarum-quae-in-praecipuis-guibusque-europae-regnis-nationibus-prouinciis-sacram-euangelij-doctrinam-pure-profitentur-quarum-catalo\/","og_site_name":"Antiquariaat De Roo","article_modified_time":"2025-11-13T16:15:27+00:00","og_image":[{"width":480,"height":621,"url":"https:\/\/deroorarebooks.com\/wp-content\/uploads\/2020\/06\/17307IMG_1441.jpg","type":"image\/jpeg"}],"twitter_card":"summary_large_image","twitter_misc":{"Gesch\u00e4tzte Lesezeit":"1\u00a0Minute"},"schema":{"@context":"https:\/\/schema.org","@graph":[{"@type":"WebPage","@id":"https:\/\/deroorarebooks.com\/product\/harmonia-confessionvm-fidei-orthodoxarum-reformatarum-ecclesiarum-quae-in-praecipuis-guibusque-europae-regnis-nationibus-prouinciis-sacram-euangelij-doctrinam-pure-profitentur-quarum-catalo\/","url":"https:\/\/deroorarebooks.com\/product\/harmonia-confessionvm-fidei-orthodoxarum-reformatarum-ecclesiarum-quae-in-praecipuis-guibusque-europae-regnis-nationibus-prouinciis-sacram-euangelij-doctrinam-pure-profitentur-quarum-catalo\/","name":"Harmonia Confessionvm Fidei, Orthodoxarum, &amp; Reformatarum Ecclesiarum, quae in praecipuis guibusque Europae Regnis, Nationibus, &amp; Prouinciis, sacram Euangelij doctrinam pur\u00e8 profitentur: quarum catalogum &amp; ordinem sequentes paginae indicabunt. Additae sunt ad calcem breuissimae obseruationes: quibus, tum illustratur obscura, tum quae in speciem pugnare inter se videri possunt, perspicu\u00e8, atque modestissim\u00e8 conciliantur: &amp; si qua adhuc controuersa manent, syncer\u00e8 indicantur. Quae omnia, Ecclesiarum Gallicarum, &amp; Belgicarum nomine, subiiciuntur libero &amp; prudenti reliquarum omnium, iudicio. - Antiquariaat De Roo","isPartOf":{"@id":"https:\/\/deroorarebooks.com\/es\/#website"},"primaryImageOfPage":{"@id":"https:\/\/deroorarebooks.com\/product\/harmonia-confessionvm-fidei-orthodoxarum-reformatarum-ecclesiarum-quae-in-praecipuis-guibusque-europae-regnis-nationibus-prouinciis-sacram-euangelij-doctrinam-pure-profitentur-quarum-catalo\/#primaryimage"},"image":{"@id":"https:\/\/deroorarebooks.com\/product\/harmonia-confessionvm-fidei-orthodoxarum-reformatarum-ecclesiarum-quae-in-praecipuis-guibusque-europae-regnis-nationibus-prouinciis-sacram-euangelij-doctrinam-pure-profitentur-quarum-catalo\/#primaryimage"},"thumbnailUrl":"https:\/\/deroorarebooks.com\/wp-content\/uploads\/2020\/06\/17307IMG_1441.jpg","datePublished":"2020-06-30T14:02:32+00:00","dateModified":"2025-11-13T16:15:27+00:00","breadcrumb":{"@id":"https:\/\/deroorarebooks.com\/product\/harmonia-confessionvm-fidei-orthodoxarum-reformatarum-ecclesiarum-quae-in-praecipuis-guibusque-europae-regnis-nationibus-prouinciis-sacram-euangelij-doctrinam-pure-profitentur-quarum-catalo\/#breadcrumb"},"inLanguage":"de","potentialAction":[{"@type":"ReadAction","target":["https:\/\/deroorarebooks.com\/product\/harmonia-confessionvm-fidei-orthodoxarum-reformatarum-ecclesiarum-quae-in-praecipuis-guibusque-europae-regnis-nationibus-prouinciis-sacram-euangelij-doctrinam-pure-profitentur-quarum-catalo\/"]}]},{"@type":"ImageObject","inLanguage":"de","@id":"https:\/\/deroorarebooks.com\/product\/harmonia-confessionvm-fidei-orthodoxarum-reformatarum-ecclesiarum-quae-in-praecipuis-guibusque-europae-regnis-nationibus-prouinciis-sacram-euangelij-doctrinam-pure-profitentur-quarum-catalo\/#primaryimage","url":"https:\/\/deroorarebooks.com\/wp-content\/uploads\/2020\/06\/17307IMG_1441.jpg","contentUrl":"https:\/\/deroorarebooks.com\/wp-content\/uploads\/2020\/06\/17307IMG_1441.jpg","width":480,"height":621},{"@type":"BreadcrumbList","@id":"https:\/\/deroorarebooks.com\/product\/harmonia-confessionvm-fidei-orthodoxarum-reformatarum-ecclesiarum-quae-in-praecipuis-guibusque-europae-regnis-nationibus-prouinciis-sacram-euangelij-doctrinam-pure-profitentur-quarum-catalo\/#breadcrumb","itemListElement":[{"@type":"ListItem","position":1,"name":"Home","item":"https:\/\/deroorarebooks.com\/"},{"@type":"ListItem","position":2,"name":"Shop","item":"https:\/\/deroorarebooks.com\/shop\/"},{"@type":"ListItem","position":3,"name":"Harmonia Confessionvm Fidei, Orthodoxarum, &amp; Reformatarum Ecclesiarum, quae in praecipuis guibusque Europae Regnis, Nationibus, &amp; Prouinciis, sacram Euangelij doctrinam pur\u00e8 profitentur: quarum catalogum &amp; ordinem sequentes paginae indicabunt. Additae sunt ad calcem breuissimae obseruationes: quibus, tum illustratur obscura, tum quae in speciem pugnare inter se videri possunt, perspicu\u00e8, atque modestissim\u00e8 conciliantur: &amp; si qua adhuc controuersa manent, syncer\u00e8 indicantur. Quae omnia, Ecclesiarum Gallicarum, &amp; Belgicarum nomine, subiiciuntur libero &amp; prudenti reliquarum omnium, iudicio."}]},{"@type":"WebSite","@id":"https:\/\/deroorarebooks.com\/es\/#website","url":"https:\/\/deroorarebooks.com\/es\/","name":"Antiquariaat De Roo","description":"Fine bindings, Theology, (Church) History, Hand-coloured works, Globes","publisher":{"@id":"https:\/\/deroorarebooks.com\/es\/#organization"},"potentialAction":[{"@type":"SearchAction","target":{"@type":"EntryPoint","urlTemplate":"https:\/\/deroorarebooks.com\/es\/?s={search_term_string}"},"query-input":{"@type":"PropertyValueSpecification","valueRequired":true,"valueName":"search_term_string"}}],"inLanguage":"de"},{"@type":"Organization","@id":"https:\/\/deroorarebooks.com\/es\/#organization","name":"Antiquariaat De Roo","url":"https:\/\/deroorarebooks.com\/es\/","logo":{"@type":"ImageObject","inLanguage":"de","@id":"https:\/\/deroorarebooks.com\/es\/#\/schema\/logo\/image\/","url":"https:\/\/deroorarebooks.com\/wp-content\/uploads\/2020\/07\/Logo_Zwart_rood_750.png","contentUrl":"https:\/\/deroorarebooks.com\/wp-content\/uploads\/2020\/07\/Logo_Zwart_rood_750.png","width":750,"height":221,"caption":"Antiquariaat De Roo"},"image":{"@id":"https:\/\/deroorarebooks.com\/es\/#\/schema\/logo\/image\/"}}]}},"_links":{"self":[{"href":"https:\/\/deroorarebooks.com\/de\/wp-json\/wp\/v2\/product\/5855","targetHints":{"allow":["GET"]}}],"collection":[{"href":"https:\/\/deroorarebooks.com\/de\/wp-json\/wp\/v2\/product"}],"about":[{"href":"https:\/\/deroorarebooks.com\/de\/wp-json\/wp\/v2\/types\/product"}],"wp:featuredmedia":[{"embeddable":true,"href":"https:\/\/deroorarebooks.com\/de\/wp-json\/wp\/v2\/media\/5856"}],"wp:attachment":[{"href":"https:\/\/deroorarebooks.com\/de\/wp-json\/wp\/v2\/media?parent=5855"}],"wp:term":[{"taxonomy":"product_brand","embeddable":true,"href":"https:\/\/deroorarebooks.com\/de\/wp-json\/wp\/v2\/product_brand?post=5855"},{"taxonomy":"product_cat","embeddable":true,"href":"https:\/\/deroorarebooks.com\/de\/wp-json\/wp\/v2\/product_cat?post=5855"},{"taxonomy":"product_tag","embeddable":true,"href":"https:\/\/deroorarebooks.com\/de\/wp-json\/wp\/v2\/product_tag?post=5855"}],"curies":[{"name":"wp","href":"https:\/\/api.w.org\/{rel}","templated":true}]}}