{"id":2875,"date":"2020-06-30T15:39:40","date_gmt":"2020-06-30T13:39:40","guid":{"rendered":"https:\/\/deroorarebooks.com\/product\/petri-du-moulin-oder-molinaei-vaters-und-sohns-auserlesene-zur-andacht-und-erbauung-dienliche-geistreiche-schrifften-sammtlich-aus-denen-originalien-ins-teutsche-grostentheils-zum-erstenmahle-theils\/"},"modified":"2025-12-01T18:22:35","modified_gmt":"2025-12-01T17:22:35","slug":"petri-du-moulin-oder-molinaei-vaters-und-sohns-auserlesene-zur-andacht-und-erbauung-dienliche-geistreiche-schrifften-sammtlich-aus-denen-originalien-ins-teutsche-grostentheils-zum-erstenmahle-theils","status":"publish","type":"product","link":"https:\/\/deroorarebooks.com\/de\/produkt\/petri-du-moulin-oder-molinaei-vaters-und-sohns-auserlesene-zur-andacht-und-erbauung-dienliche-geistreiche-schrifften-sammtlich-aus-denen-originalien-ins-teutsche-grostentheils-zum-erstenmahle-theils\/","title":{"rendered":"Petri du Moulin oder Molinaei Vaters und Sohns Auserlesene zur Andacht und Erbauung dienliche Geistreiche Schrifften S\u00e4mmtlich aus denen Originalien ins Teutsche gr\u00f6stentheils zum erstenmahle, theils aber auffs neue mit m\u00f6gligster Accuratesse \u00fcbersetzt, auch mit n\u00f6thigen Anmerckungen, ausf\u00fchrlichen Register und glaubw\u00fcrdiger Lebens-Beschreibung derer beyden Herrn du Moulin versehen von M. Jo. Daniel Jacobi."},"content":{"rendered":"<p><span style=\"font-size: 14.4px\">3 volumes in 1 binding, (36) 320, (14) 418, 370 (28) p. Contemporary Leather with raised bands, 4\u00b0 (Edges of the binding worn and spine split at the hinges, tekst block browned throughout.)<\/span><\/p>","protected":false},"excerpt":{"rendered":"<p>3 volumes in 1 binding, (36) 320, (14) 418, 370 (28) p. Contemporary Leather with raised bands, 4\u00b0 (Edges of the binding worn and spine split at the hinges, tekst block browned throughout.)<\/p>","protected":false},"featured_media":2876,"template":"","meta":[],"product_brand":[],"product_cat":[18],"product_tag":[832,377],"class_list":{"0":"post-2875","1":"product","2":"type-product","3":"status-publish","4":"has-post-thumbnail","6":"product_cat-religion","7":"product_tag-duits","8":"product_tag-theologie","9":"pa_author-2-jacobi-johann-daniel","10":"pa_author-2-moulin-jr-pierre-du","11":"pa_author-2-moulin-pierre-du","12":"pa_publisher-leipzig-theophilo-giorgi","14":"first","15":"instock","16":"purchasable","17":"product-type-simple"},"yoast_head":"<!-- This site is optimized with the Yoast SEO Premium plugin v22.1 (Yoast SEO v26.0) - https:\/\/yoast.com\/wordpress\/plugins\/seo\/ -->\n<title>Petri du Moulin oder Molinaei Vaters und Sohns Auserlesene zur Andacht und Erbauung dienliche Geistreiche Schrifften S\u00e4mmtlich aus denen Originalien ins Teutsche gr\u00f6stentheils zum erstenmahle, theils aber auffs neue mit m\u00f6gligster Accuratesse \u00fcbersetzt, auch mit n\u00f6thigen Anmerckungen, ausf\u00fchrlichen Register und glaubw\u00fcrdiger Lebens-Beschreibung derer beyden Herrn du Moulin versehen von M. Jo. Daniel Jacobi. - Antiquariaat De Roo<\/title>\n<meta name=\"robots\" content=\"index, follow, max-snippet:-1, max-image-preview:large, max-video-preview:-1\" \/>\n<link rel=\"canonical\" href=\"https:\/\/deroorarebooks.com\/de\/produkt\/petri-du-moulin-oder-molinaei-vaters-und-sohns-auserlesene-zur-andacht-und-erbauung-dienliche-geistreiche-schrifften-sammtlich-aus-denen-originalien-ins-teutsche-grostentheils-zum-erstenmahle-theils\/\" \/>\n<meta property=\"og:locale\" content=\"de_DE\" \/>\n<meta property=\"og:type\" content=\"article\" \/>\n<meta property=\"og:title\" content=\"Petri du Moulin oder Molinaei Vaters und Sohns Auserlesene zur Andacht und Erbauung dienliche Geistreiche Schrifften S\u00e4mmtlich aus denen Originalien ins Teutsche gr\u00f6stentheils zum erstenmahle, theils aber auffs neue mit m\u00f6gligster Accuratesse \u00fcbersetzt, auch mit n\u00f6thigen Anmerckungen, ausf\u00fchrlichen Register und glaubw\u00fcrdiger Lebens-Beschreibung derer beyden Herrn du Moulin versehen von M. Jo. Daniel Jacobi.\" \/>\n<meta property=\"og:description\" content=\"3 volumes in 1 binding, (36) 320, (14) 418, 370 (28) p. Contemporary Leather with raised bands, 4\u00b0 (Edges of the binding worn and spine split at the hinges, tekst block browned throughout.)\" \/>\n<meta property=\"og:url\" content=\"https:\/\/deroorarebooks.com\/de\/produkt\/petri-du-moulin-oder-molinaei-vaters-und-sohns-auserlesene-zur-andacht-und-erbauung-dienliche-geistreiche-schrifften-sammtlich-aus-denen-originalien-ins-teutsche-grostentheils-zum-erstenmahle-theils\/\" \/>\n<meta property=\"og:site_name\" content=\"Antiquariaat De Roo\" \/>\n<meta property=\"article:modified_time\" content=\"2025-12-01T17:22:35+00:00\" \/>\n<meta property=\"og:image\" content=\"https:\/\/deroorarebooks.com\/wp-content\/uploads\/2020\/06\/16-moulin-1.jpg\" \/>\n\t<meta property=\"og:image:width\" content=\"600\" \/>\n\t<meta property=\"og:image:height\" content=\"654\" \/>\n\t<meta property=\"og:image:type\" content=\"image\/jpeg\" \/>\n<meta name=\"twitter:card\" content=\"summary_large_image\" \/>\n<script type=\"application\/ld+json\" class=\"yoast-schema-graph\">{\"@context\":\"https:\/\/schema.org\",\"@graph\":[{\"@type\":\"WebPage\",\"@id\":\"https:\/\/deroorarebooks.com\/product\/petri-du-moulin-oder-molinaei-vaters-und-sohns-auserlesene-zur-andacht-und-erbauung-dienliche-geistreiche-schrifften-sammtlich-aus-denen-originalien-ins-teutsche-grostentheils-zum-erstenmahle-theils\/\",\"url\":\"https:\/\/deroorarebooks.com\/product\/petri-du-moulin-oder-molinaei-vaters-und-sohns-auserlesene-zur-andacht-und-erbauung-dienliche-geistreiche-schrifften-sammtlich-aus-denen-originalien-ins-teutsche-grostentheils-zum-erstenmahle-theils\/\",\"name\":\"Petri du Moulin oder Molinaei Vaters und Sohns Auserlesene zur Andacht und Erbauung dienliche Geistreiche Schrifften S\u00e4mmtlich aus denen Originalien ins Teutsche gr\u00f6stentheils zum erstenmahle, theils aber auffs neue mit m\u00f6gligster Accuratesse \u00fcbersetzt, auch mit n\u00f6thigen Anmerckungen, ausf\u00fchrlichen Register und glaubw\u00fcrdiger Lebens-Beschreibung derer beyden Herrn du Moulin versehen von M. Jo. Daniel Jacobi. - Antiquariaat De Roo\",\"isPartOf\":{\"@id\":\"https:\/\/deroorarebooks.com\/es\/#website\"},\"primaryImageOfPage\":{\"@id\":\"https:\/\/deroorarebooks.com\/product\/petri-du-moulin-oder-molinaei-vaters-und-sohns-auserlesene-zur-andacht-und-erbauung-dienliche-geistreiche-schrifften-sammtlich-aus-denen-originalien-ins-teutsche-grostentheils-zum-erstenmahle-theils\/#primaryimage\"},\"image\":{\"@id\":\"https:\/\/deroorarebooks.com\/product\/petri-du-moulin-oder-molinaei-vaters-und-sohns-auserlesene-zur-andacht-und-erbauung-dienliche-geistreiche-schrifften-sammtlich-aus-denen-originalien-ins-teutsche-grostentheils-zum-erstenmahle-theils\/#primaryimage\"},\"thumbnailUrl\":\"https:\/\/deroorarebooks.com\/wp-content\/uploads\/2020\/06\/16-moulin-1.jpg\",\"datePublished\":\"2020-06-30T13:39:40+00:00\",\"dateModified\":\"2025-12-01T17:22:35+00:00\",\"breadcrumb\":{\"@id\":\"https:\/\/deroorarebooks.com\/product\/petri-du-moulin-oder-molinaei-vaters-und-sohns-auserlesene-zur-andacht-und-erbauung-dienliche-geistreiche-schrifften-sammtlich-aus-denen-originalien-ins-teutsche-grostentheils-zum-erstenmahle-theils\/#breadcrumb\"},\"inLanguage\":\"de\",\"potentialAction\":[{\"@type\":\"ReadAction\",\"target\":[\"https:\/\/deroorarebooks.com\/product\/petri-du-moulin-oder-molinaei-vaters-und-sohns-auserlesene-zur-andacht-und-erbauung-dienliche-geistreiche-schrifften-sammtlich-aus-denen-originalien-ins-teutsche-grostentheils-zum-erstenmahle-theils\/\"]}]},{\"@type\":\"ImageObject\",\"inLanguage\":\"de\",\"@id\":\"https:\/\/deroorarebooks.com\/product\/petri-du-moulin-oder-molinaei-vaters-und-sohns-auserlesene-zur-andacht-und-erbauung-dienliche-geistreiche-schrifften-sammtlich-aus-denen-originalien-ins-teutsche-grostentheils-zum-erstenmahle-theils\/#primaryimage\",\"url\":\"https:\/\/deroorarebooks.com\/wp-content\/uploads\/2020\/06\/16-moulin-1.jpg\",\"contentUrl\":\"https:\/\/deroorarebooks.com\/wp-content\/uploads\/2020\/06\/16-moulin-1.jpg\",\"width\":600,\"height\":654},{\"@type\":\"BreadcrumbList\",\"@id\":\"https:\/\/deroorarebooks.com\/product\/petri-du-moulin-oder-molinaei-vaters-und-sohns-auserlesene-zur-andacht-und-erbauung-dienliche-geistreiche-schrifften-sammtlich-aus-denen-originalien-ins-teutsche-grostentheils-zum-erstenmahle-theils\/#breadcrumb\",\"itemListElement\":[{\"@type\":\"ListItem\",\"position\":1,\"name\":\"Home\",\"item\":\"https:\/\/deroorarebooks.com\/\"},{\"@type\":\"ListItem\",\"position\":2,\"name\":\"Shop\",\"item\":\"https:\/\/deroorarebooks.com\/shop\/\"},{\"@type\":\"ListItem\",\"position\":3,\"name\":\"Petri du Moulin oder Molinaei Vaters und Sohns Auserlesene zur Andacht und Erbauung dienliche Geistreiche Schrifften S\u00e4mmtlich aus denen Originalien ins Teutsche gr\u00f6stentheils zum erstenmahle, theils aber auffs neue mit m\u00f6gligster Accuratesse \u00fcbersetzt, auch mit n\u00f6thigen Anmerckungen, ausf\u00fchrlichen Register und glaubw\u00fcrdiger Lebens-Beschreibung derer beyden Herrn du Moulin versehen von M. Jo. Daniel Jacobi.\"}]},{\"@type\":\"WebSite\",\"@id\":\"https:\/\/deroorarebooks.com\/es\/#website\",\"url\":\"https:\/\/deroorarebooks.com\/es\/\",\"name\":\"Antiquariaat De Roo\",\"description\":\"Fine bindings, Theology, (Church) History, Hand-coloured works, Globes\",\"publisher\":{\"@id\":\"https:\/\/deroorarebooks.com\/es\/#organization\"},\"potentialAction\":[{\"@type\":\"SearchAction\",\"target\":{\"@type\":\"EntryPoint\",\"urlTemplate\":\"https:\/\/deroorarebooks.com\/es\/?s={search_term_string}\"},\"query-input\":{\"@type\":\"PropertyValueSpecification\",\"valueRequired\":true,\"valueName\":\"search_term_string\"}}],\"inLanguage\":\"de\"},{\"@type\":\"Organization\",\"@id\":\"https:\/\/deroorarebooks.com\/es\/#organization\",\"name\":\"Antiquariaat De Roo\",\"url\":\"https:\/\/deroorarebooks.com\/es\/\",\"logo\":{\"@type\":\"ImageObject\",\"inLanguage\":\"de\",\"@id\":\"https:\/\/deroorarebooks.com\/es\/#\/schema\/logo\/image\/\",\"url\":\"https:\/\/deroorarebooks.com\/wp-content\/uploads\/2020\/07\/Logo_Zwart_rood_750.png\",\"contentUrl\":\"https:\/\/deroorarebooks.com\/wp-content\/uploads\/2020\/07\/Logo_Zwart_rood_750.png\",\"width\":750,\"height\":221,\"caption\":\"Antiquariaat De Roo\"},\"image\":{\"@id\":\"https:\/\/deroorarebooks.com\/es\/#\/schema\/logo\/image\/\"}}]}<\/script>\n<!-- \/ Yoast SEO Premium plugin. -->","yoast_head_json":{"title":"Petri du Moulin oder Molinaei Vaters und Sohns Auserlesene zur Andacht und Erbauung dienliche Geistreiche Schrifften S\u00e4mmtlich aus denen Originalien ins Teutsche gr\u00f6stentheils zum erstenmahle, theils aber auffs neue mit m\u00f6gligster Accuratesse \u00fcbersetzt, auch mit n\u00f6thigen Anmerckungen, ausf\u00fchrlichen Register und glaubw\u00fcrdiger Lebens-Beschreibung derer beyden Herrn du Moulin versehen von M. Jo. Daniel Jacobi. - Antiquariaat De Roo","robots":{"index":"index","follow":"follow","max-snippet":"max-snippet:-1","max-image-preview":"max-image-preview:large","max-video-preview":"max-video-preview:-1"},"canonical":"https:\/\/deroorarebooks.com\/de\/produkt\/petri-du-moulin-oder-molinaei-vaters-und-sohns-auserlesene-zur-andacht-und-erbauung-dienliche-geistreiche-schrifften-sammtlich-aus-denen-originalien-ins-teutsche-grostentheils-zum-erstenmahle-theils\/","og_locale":"de_DE","og_type":"article","og_title":"Petri du Moulin oder Molinaei Vaters und Sohns Auserlesene zur Andacht und Erbauung dienliche Geistreiche Schrifften S\u00e4mmtlich aus denen Originalien ins Teutsche gr\u00f6stentheils zum erstenmahle, theils aber auffs neue mit m\u00f6gligster Accuratesse \u00fcbersetzt, auch mit n\u00f6thigen Anmerckungen, ausf\u00fchrlichen Register und glaubw\u00fcrdiger Lebens-Beschreibung derer beyden Herrn du Moulin versehen von M. Jo. Daniel Jacobi.","og_description":"3 volumes in 1 binding, (36) 320, (14) 418, 370 (28) p. Contemporary Leather with raised bands, 4\u00b0 (Edges of the binding worn and spine split at the hinges, tekst block browned throughout.)","og_url":"https:\/\/deroorarebooks.com\/de\/produkt\/petri-du-moulin-oder-molinaei-vaters-und-sohns-auserlesene-zur-andacht-und-erbauung-dienliche-geistreiche-schrifften-sammtlich-aus-denen-originalien-ins-teutsche-grostentheils-zum-erstenmahle-theils\/","og_site_name":"Antiquariaat De Roo","article_modified_time":"2025-12-01T17:22:35+00:00","og_image":[{"width":600,"height":654,"url":"https:\/\/deroorarebooks.com\/wp-content\/uploads\/2020\/06\/16-moulin-1.jpg","type":"image\/jpeg"}],"twitter_card":"summary_large_image","schema":{"@context":"https:\/\/schema.org","@graph":[{"@type":"WebPage","@id":"https:\/\/deroorarebooks.com\/product\/petri-du-moulin-oder-molinaei-vaters-und-sohns-auserlesene-zur-andacht-und-erbauung-dienliche-geistreiche-schrifften-sammtlich-aus-denen-originalien-ins-teutsche-grostentheils-zum-erstenmahle-theils\/","url":"https:\/\/deroorarebooks.com\/product\/petri-du-moulin-oder-molinaei-vaters-und-sohns-auserlesene-zur-andacht-und-erbauung-dienliche-geistreiche-schrifften-sammtlich-aus-denen-originalien-ins-teutsche-grostentheils-zum-erstenmahle-theils\/","name":"Petri du Moulin oder Molinaei Vaters und Sohns Auserlesene zur Andacht und Erbauung dienliche Geistreiche Schrifften S\u00e4mmtlich aus denen Originalien ins Teutsche gr\u00f6stentheils zum erstenmahle, theils aber auffs neue mit m\u00f6gligster Accuratesse \u00fcbersetzt, auch mit n\u00f6thigen Anmerckungen, ausf\u00fchrlichen Register und glaubw\u00fcrdiger Lebens-Beschreibung derer beyden Herrn du Moulin versehen von M. Jo. Daniel Jacobi. - Antiquariaat De Roo","isPartOf":{"@id":"https:\/\/deroorarebooks.com\/es\/#website"},"primaryImageOfPage":{"@id":"https:\/\/deroorarebooks.com\/product\/petri-du-moulin-oder-molinaei-vaters-und-sohns-auserlesene-zur-andacht-und-erbauung-dienliche-geistreiche-schrifften-sammtlich-aus-denen-originalien-ins-teutsche-grostentheils-zum-erstenmahle-theils\/#primaryimage"},"image":{"@id":"https:\/\/deroorarebooks.com\/product\/petri-du-moulin-oder-molinaei-vaters-und-sohns-auserlesene-zur-andacht-und-erbauung-dienliche-geistreiche-schrifften-sammtlich-aus-denen-originalien-ins-teutsche-grostentheils-zum-erstenmahle-theils\/#primaryimage"},"thumbnailUrl":"https:\/\/deroorarebooks.com\/wp-content\/uploads\/2020\/06\/16-moulin-1.jpg","datePublished":"2020-06-30T13:39:40+00:00","dateModified":"2025-12-01T17:22:35+00:00","breadcrumb":{"@id":"https:\/\/deroorarebooks.com\/product\/petri-du-moulin-oder-molinaei-vaters-und-sohns-auserlesene-zur-andacht-und-erbauung-dienliche-geistreiche-schrifften-sammtlich-aus-denen-originalien-ins-teutsche-grostentheils-zum-erstenmahle-theils\/#breadcrumb"},"inLanguage":"de","potentialAction":[{"@type":"ReadAction","target":["https:\/\/deroorarebooks.com\/product\/petri-du-moulin-oder-molinaei-vaters-und-sohns-auserlesene-zur-andacht-und-erbauung-dienliche-geistreiche-schrifften-sammtlich-aus-denen-originalien-ins-teutsche-grostentheils-zum-erstenmahle-theils\/"]}]},{"@type":"ImageObject","inLanguage":"de","@id":"https:\/\/deroorarebooks.com\/product\/petri-du-moulin-oder-molinaei-vaters-und-sohns-auserlesene-zur-andacht-und-erbauung-dienliche-geistreiche-schrifften-sammtlich-aus-denen-originalien-ins-teutsche-grostentheils-zum-erstenmahle-theils\/#primaryimage","url":"https:\/\/deroorarebooks.com\/wp-content\/uploads\/2020\/06\/16-moulin-1.jpg","contentUrl":"https:\/\/deroorarebooks.com\/wp-content\/uploads\/2020\/06\/16-moulin-1.jpg","width":600,"height":654},{"@type":"BreadcrumbList","@id":"https:\/\/deroorarebooks.com\/product\/petri-du-moulin-oder-molinaei-vaters-und-sohns-auserlesene-zur-andacht-und-erbauung-dienliche-geistreiche-schrifften-sammtlich-aus-denen-originalien-ins-teutsche-grostentheils-zum-erstenmahle-theils\/#breadcrumb","itemListElement":[{"@type":"ListItem","position":1,"name":"Home","item":"https:\/\/deroorarebooks.com\/"},{"@type":"ListItem","position":2,"name":"Shop","item":"https:\/\/deroorarebooks.com\/shop\/"},{"@type":"ListItem","position":3,"name":"Petri du Moulin oder Molinaei Vaters und Sohns Auserlesene zur Andacht und Erbauung dienliche Geistreiche Schrifften S\u00e4mmtlich aus denen Originalien ins Teutsche gr\u00f6stentheils zum erstenmahle, theils aber auffs neue mit m\u00f6gligster Accuratesse \u00fcbersetzt, auch mit n\u00f6thigen Anmerckungen, ausf\u00fchrlichen Register und glaubw\u00fcrdiger Lebens-Beschreibung derer beyden Herrn du Moulin versehen von M. Jo. Daniel Jacobi."}]},{"@type":"WebSite","@id":"https:\/\/deroorarebooks.com\/es\/#website","url":"https:\/\/deroorarebooks.com\/es\/","name":"Antiquariaat De Roo","description":"Fine bindings, Theology, (Church) History, Hand-coloured works, Globes","publisher":{"@id":"https:\/\/deroorarebooks.com\/es\/#organization"},"potentialAction":[{"@type":"SearchAction","target":{"@type":"EntryPoint","urlTemplate":"https:\/\/deroorarebooks.com\/es\/?s={search_term_string}"},"query-input":{"@type":"PropertyValueSpecification","valueRequired":true,"valueName":"search_term_string"}}],"inLanguage":"de"},{"@type":"Organization","@id":"https:\/\/deroorarebooks.com\/es\/#organization","name":"Antiquariaat De Roo","url":"https:\/\/deroorarebooks.com\/es\/","logo":{"@type":"ImageObject","inLanguage":"de","@id":"https:\/\/deroorarebooks.com\/es\/#\/schema\/logo\/image\/","url":"https:\/\/deroorarebooks.com\/wp-content\/uploads\/2020\/07\/Logo_Zwart_rood_750.png","contentUrl":"https:\/\/deroorarebooks.com\/wp-content\/uploads\/2020\/07\/Logo_Zwart_rood_750.png","width":750,"height":221,"caption":"Antiquariaat De Roo"},"image":{"@id":"https:\/\/deroorarebooks.com\/es\/#\/schema\/logo\/image\/"}}]}},"_links":{"self":[{"href":"https:\/\/deroorarebooks.com\/de\/wp-json\/wp\/v2\/product\/2875","targetHints":{"allow":["GET"]}}],"collection":[{"href":"https:\/\/deroorarebooks.com\/de\/wp-json\/wp\/v2\/product"}],"about":[{"href":"https:\/\/deroorarebooks.com\/de\/wp-json\/wp\/v2\/types\/product"}],"wp:featuredmedia":[{"embeddable":true,"href":"https:\/\/deroorarebooks.com\/de\/wp-json\/wp\/v2\/media\/2876"}],"wp:attachment":[{"href":"https:\/\/deroorarebooks.com\/de\/wp-json\/wp\/v2\/media?parent=2875"}],"wp:term":[{"taxonomy":"product_brand","embeddable":true,"href":"https:\/\/deroorarebooks.com\/de\/wp-json\/wp\/v2\/product_brand?post=2875"},{"taxonomy":"product_cat","embeddable":true,"href":"https:\/\/deroorarebooks.com\/de\/wp-json\/wp\/v2\/product_cat?post=2875"},{"taxonomy":"product_tag","embeddable":true,"href":"https:\/\/deroorarebooks.com\/de\/wp-json\/wp\/v2\/product_tag?post=2875"}],"curies":[{"name":"wp","href":"https:\/\/api.w.org\/{rel}","templated":true}]}}