{"id":26507,"date":"2025-06-06T11:37:31","date_gmt":"2025-06-06T09:37:31","guid":{"rendered":"https:\/\/deroorarebooks.com\/?post_type=product&#038;p=26507"},"modified":"2026-04-16T14:14:43","modified_gmt":"2026-04-16T12:14:43","slug":"theatre-des-martyrs-depuis-la-mort-de-j-christ-jusqua-present-represente-en-tres-belles-tailles-douces-schau-buhne-der-martyr-gezeichet-und-in-kupfer-gestochen-von-iohann-luyken","status":"publish","type":"product","link":"https:\/\/deroorarebooks.com\/de\/produkt\/theatre-des-martyrs-depuis-la-mort-de-j-christ-jusqua-present-represente-en-tres-belles-tailles-douces-schau-buhne-der-martyr-gezeichet-und-in-kupfer-gestochen-von-iohann-luyken\/","title":{"rendered":"A suite of prints, representing the various martyrdoms, first produced for the MM by T.J. van Braght and now expanded"},"content":{"rendered":"<p>Theatre Des Martyrs, Depuis la mort de J. Christ Jusqu&#8217;\u00e1 present, repr\u00e9sent\u00e9 en tres belles tailles-douces. \/ Schau-Buhne der Martyr gezeichet und in Kupfer gestochen von Iohann Luyken.<\/p>\n<p>Titelpagina en 115 genummerde prenten, Origineel Perkament met ribben, 4\u00b0 Oblong.<\/p>\n<p>Zeldzaam werk met een reeks prenten die de verschillende martelingen van de christenen sinds de dood van Christus tot het einde van de 17e eeuw voorstellen. Afbeeldingen van ophanging, verbranding, marteling, onthoofding, kruisiging en koken van voornamelijk doopsgezinde en mennonitische martelaren, van kruisiging tot marteling van hugenoten na de herroeping van het Edict van Nantes in 1685. Jan Luyken maakte de gravures voor het eerst voor \u201cHet Bloedig Tooneel\u201d door T.J. van Bracht in 1685. Voor deze editie uit ca. 1712 werden nog eens 11 platen toegevoegd. Titel en de onderschriften van de gravures in het Frans en Duits.<\/p>\n<p>A suite of prints, representing the various martyrdoms suffered by the Christians since the death of Christ up to the end of the 17th century. Depicting hanging, burning, torture, beheading, crucifixion, and boiling of mainly Anabaptist and Mennonite martyrs, from the Crucifixion to the torture of Huguenots after the revocation of the Edict of Nantes in 1685. Captions are in French and German.<br \/>\nBook size: 27,5 x 22,5 cm. Prints: 14 x 12 cm.<\/p>\n<p>Luyken&#8217;s engravings were first produced for &#8220;Het Bloedig Tooneel&#8221; by T.J. van Bracht in 1685. A further 11 plates were added for this edition. Literature: Van Eeghen-vd Kellen 457 \/ Springer, Mennonite Bibliography 8410.<\/p>","protected":false},"excerpt":{"rendered":"<p>Theatre Des Martyrs, Depuis la mort de J. Christ Jusqu&#8217;\u00e1 present, repr\u00e9sent\u00e9 en tres belles tailles-douces. \/ Schau-Buhne der Martyr gezeichet und in Kupfer gestochen von Iohann Luyken. Titelpagina en 115 genummerde prenten, Origineel Perkament met ribben, 4\u00b0 Oblong. Zeldzaam werk met een reeks prenten die de verschillende martelingen van de christenen sinds de dood [&#8230;]","protected":false},"featured_media":26647,"template":"","meta":[],"product_brand":[],"product_cat":[5421,20,18],"product_tag":[],"class_list":{"0":"post-26507","1":"product","2":"type-product","3":"status-publish","4":"has-post-thumbnail","6":"product_cat-geschiedenis","7":"product_cat-highlights","8":"product_cat-religion","9":"pa_author-2-luyken-jan","10":"pa_publisher-leyde-pierre-vander-aa","12":"first","13":"instock","14":"purchasable","15":"product-type-simple"},"yoast_head":"<!-- This site is optimized with the Yoast SEO Premium plugin v22.1 (Yoast SEO v26.0) - https:\/\/yoast.com\/wordpress\/plugins\/seo\/ -->\n<title>A suite of prints, representing the various martyrdoms, first produced for the MM by T.J. van Braght and now expanded - Antiquariaat De Roo<\/title>\n<meta name=\"robots\" content=\"index, follow, max-snippet:-1, max-image-preview:large, max-video-preview:-1\" \/>\n<link rel=\"canonical\" href=\"https:\/\/deroorarebooks.com\/de\/produkt\/theatre-des-martyrs-depuis-la-mort-de-j-christ-jusqua-present-represente-en-tres-belles-tailles-douces-schau-buhne-der-martyr-gezeichet-und-in-kupfer-gestochen-von-iohann-luyken\/\" \/>\n<meta property=\"og:locale\" content=\"de_DE\" \/>\n<meta property=\"og:type\" content=\"article\" \/>\n<meta property=\"og:title\" content=\"A suite of prints, representing the various martyrdoms, first produced for the MM by T.J. van Braght and now expanded\" \/>\n<meta property=\"og:description\" content=\"Theatre Des Martyrs, Depuis la mort de J. Christ Jusqu&#8217;\u00e1 present, repr\u00e9sent\u00e9 en tres belles tailles-douces. \/ Schau-Buhne der Martyr gezeichet und in Kupfer gestochen von Iohann Luyken. Titelpagina en 115 genummerde prenten, Origineel Perkament met ribben, 4\u00b0 Oblong. Zeldzaam werk met een reeks prenten die de verschillende martelingen van de christenen sinds de dood [...]\" \/>\n<meta property=\"og:url\" content=\"https:\/\/deroorarebooks.com\/de\/produkt\/theatre-des-martyrs-depuis-la-mort-de-j-christ-jusqua-present-represente-en-tres-belles-tailles-douces-schau-buhne-der-martyr-gezeichet-und-in-kupfer-gestochen-von-iohann-luyken\/\" \/>\n<meta property=\"og:site_name\" content=\"Antiquariaat De Roo\" \/>\n<meta property=\"article:modified_time\" content=\"2026-04-16T12:14:43+00:00\" \/>\n<meta property=\"og:image\" content=\"https:\/\/deroorarebooks.com\/wp-content\/uploads\/2025\/06\/20250607_100826.jpg\" \/>\n\t<meta property=\"og:image:width\" content=\"1920\" \/>\n\t<meta property=\"og:image:height\" content=\"1489\" \/>\n\t<meta property=\"og:image:type\" content=\"image\/jpeg\" \/>\n<meta name=\"twitter:card\" content=\"summary_large_image\" \/>\n<meta name=\"twitter:label1\" content=\"Gesch\u00e4tzte Lesezeit\" \/>\n\t<meta name=\"twitter:data1\" content=\"2\u00a0Minuten\" \/>\n<script type=\"application\/ld+json\" class=\"yoast-schema-graph\">{\"@context\":\"https:\/\/schema.org\",\"@graph\":[{\"@type\":\"WebPage\",\"@id\":\"https:\/\/deroorarebooks.com\/product\/theatre-des-martyrs-depuis-la-mort-de-j-christ-jusqua-present-represente-en-tres-belles-tailles-douces-schau-buhne-der-martyr-gezeichet-und-in-kupfer-gestochen-von-iohann-luyken\/\",\"url\":\"https:\/\/deroorarebooks.com\/product\/theatre-des-martyrs-depuis-la-mort-de-j-christ-jusqua-present-represente-en-tres-belles-tailles-douces-schau-buhne-der-martyr-gezeichet-und-in-kupfer-gestochen-von-iohann-luyken\/\",\"name\":\"A suite of prints, representing the various martyrdoms, first produced for the MM by T.J. van Braght and now expanded - Antiquariaat De Roo\",\"isPartOf\":{\"@id\":\"https:\/\/deroorarebooks.com\/es\/#website\"},\"primaryImageOfPage\":{\"@id\":\"https:\/\/deroorarebooks.com\/product\/theatre-des-martyrs-depuis-la-mort-de-j-christ-jusqua-present-represente-en-tres-belles-tailles-douces-schau-buhne-der-martyr-gezeichet-und-in-kupfer-gestochen-von-iohann-luyken\/#primaryimage\"},\"image\":{\"@id\":\"https:\/\/deroorarebooks.com\/product\/theatre-des-martyrs-depuis-la-mort-de-j-christ-jusqua-present-represente-en-tres-belles-tailles-douces-schau-buhne-der-martyr-gezeichet-und-in-kupfer-gestochen-von-iohann-luyken\/#primaryimage\"},\"thumbnailUrl\":\"https:\/\/deroorarebooks.com\/wp-content\/uploads\/2025\/06\/20250607_100826.jpg\",\"datePublished\":\"2025-06-06T09:37:31+00:00\",\"dateModified\":\"2026-04-16T12:14:43+00:00\",\"breadcrumb\":{\"@id\":\"https:\/\/deroorarebooks.com\/product\/theatre-des-martyrs-depuis-la-mort-de-j-christ-jusqua-present-represente-en-tres-belles-tailles-douces-schau-buhne-der-martyr-gezeichet-und-in-kupfer-gestochen-von-iohann-luyken\/#breadcrumb\"},\"inLanguage\":\"de\",\"potentialAction\":[{\"@type\":\"ReadAction\",\"target\":[\"https:\/\/deroorarebooks.com\/product\/theatre-des-martyrs-depuis-la-mort-de-j-christ-jusqua-present-represente-en-tres-belles-tailles-douces-schau-buhne-der-martyr-gezeichet-und-in-kupfer-gestochen-von-iohann-luyken\/\"]}]},{\"@type\":\"ImageObject\",\"inLanguage\":\"de\",\"@id\":\"https:\/\/deroorarebooks.com\/product\/theatre-des-martyrs-depuis-la-mort-de-j-christ-jusqua-present-represente-en-tres-belles-tailles-douces-schau-buhne-der-martyr-gezeichet-und-in-kupfer-gestochen-von-iohann-luyken\/#primaryimage\",\"url\":\"https:\/\/deroorarebooks.com\/wp-content\/uploads\/2025\/06\/20250607_100826.jpg\",\"contentUrl\":\"https:\/\/deroorarebooks.com\/wp-content\/uploads\/2025\/06\/20250607_100826.jpg\",\"width\":1920,\"height\":1489},{\"@type\":\"BreadcrumbList\",\"@id\":\"https:\/\/deroorarebooks.com\/product\/theatre-des-martyrs-depuis-la-mort-de-j-christ-jusqua-present-represente-en-tres-belles-tailles-douces-schau-buhne-der-martyr-gezeichet-und-in-kupfer-gestochen-von-iohann-luyken\/#breadcrumb\",\"itemListElement\":[{\"@type\":\"ListItem\",\"position\":1,\"name\":\"Home\",\"item\":\"https:\/\/deroorarebooks.com\/\"},{\"@type\":\"ListItem\",\"position\":2,\"name\":\"Shop\",\"item\":\"https:\/\/deroorarebooks.com\/shop\/\"},{\"@type\":\"ListItem\",\"position\":3,\"name\":\"A suite of prints, representing the various martyrdoms, first produced for the MM by T.J. van Braght and now expanded\"}]},{\"@type\":\"WebSite\",\"@id\":\"https:\/\/deroorarebooks.com\/es\/#website\",\"url\":\"https:\/\/deroorarebooks.com\/es\/\",\"name\":\"Antiquariaat De Roo\",\"description\":\"Fine bindings, Theology, (Church) History, Hand-coloured works, Globes\",\"publisher\":{\"@id\":\"https:\/\/deroorarebooks.com\/es\/#organization\"},\"potentialAction\":[{\"@type\":\"SearchAction\",\"target\":{\"@type\":\"EntryPoint\",\"urlTemplate\":\"https:\/\/deroorarebooks.com\/es\/?s={search_term_string}\"},\"query-input\":{\"@type\":\"PropertyValueSpecification\",\"valueRequired\":true,\"valueName\":\"search_term_string\"}}],\"inLanguage\":\"de\"},{\"@type\":\"Organization\",\"@id\":\"https:\/\/deroorarebooks.com\/es\/#organization\",\"name\":\"Antiquariaat De Roo\",\"url\":\"https:\/\/deroorarebooks.com\/es\/\",\"logo\":{\"@type\":\"ImageObject\",\"inLanguage\":\"de\",\"@id\":\"https:\/\/deroorarebooks.com\/es\/#\/schema\/logo\/image\/\",\"url\":\"https:\/\/deroorarebooks.com\/wp-content\/uploads\/2020\/07\/Logo_Zwart_rood_750.png\",\"contentUrl\":\"https:\/\/deroorarebooks.com\/wp-content\/uploads\/2020\/07\/Logo_Zwart_rood_750.png\",\"width\":750,\"height\":221,\"caption\":\"Antiquariaat De Roo\"},\"image\":{\"@id\":\"https:\/\/deroorarebooks.com\/es\/#\/schema\/logo\/image\/\"}}]}<\/script>\n<!-- \/ Yoast SEO Premium plugin. -->","yoast_head_json":{"title":"A suite of prints, representing the various martyrdoms, first produced for the MM by T.J. van Braght and now expanded - Antiquariaat De Roo","robots":{"index":"index","follow":"follow","max-snippet":"max-snippet:-1","max-image-preview":"max-image-preview:large","max-video-preview":"max-video-preview:-1"},"canonical":"https:\/\/deroorarebooks.com\/de\/produkt\/theatre-des-martyrs-depuis-la-mort-de-j-christ-jusqua-present-represente-en-tres-belles-tailles-douces-schau-buhne-der-martyr-gezeichet-und-in-kupfer-gestochen-von-iohann-luyken\/","og_locale":"de_DE","og_type":"article","og_title":"A suite of prints, representing the various martyrdoms, first produced for the MM by T.J. van Braght and now expanded","og_description":"Theatre Des Martyrs, Depuis la mort de J. Christ Jusqu&#8217;\u00e1 present, repr\u00e9sent\u00e9 en tres belles tailles-douces. \/ Schau-Buhne der Martyr gezeichet und in Kupfer gestochen von Iohann Luyken. Titelpagina en 115 genummerde prenten, Origineel Perkament met ribben, 4\u00b0 Oblong. Zeldzaam werk met een reeks prenten die de verschillende martelingen van de christenen sinds de dood [...]","og_url":"https:\/\/deroorarebooks.com\/de\/produkt\/theatre-des-martyrs-depuis-la-mort-de-j-christ-jusqua-present-represente-en-tres-belles-tailles-douces-schau-buhne-der-martyr-gezeichet-und-in-kupfer-gestochen-von-iohann-luyken\/","og_site_name":"Antiquariaat De Roo","article_modified_time":"2026-04-16T12:14:43+00:00","og_image":[{"width":1920,"height":1489,"url":"https:\/\/deroorarebooks.com\/wp-content\/uploads\/2025\/06\/20250607_100826.jpg","type":"image\/jpeg"}],"twitter_card":"summary_large_image","twitter_misc":{"Gesch\u00e4tzte Lesezeit":"2\u00a0Minuten"},"schema":{"@context":"https:\/\/schema.org","@graph":[{"@type":"WebPage","@id":"https:\/\/deroorarebooks.com\/product\/theatre-des-martyrs-depuis-la-mort-de-j-christ-jusqua-present-represente-en-tres-belles-tailles-douces-schau-buhne-der-martyr-gezeichet-und-in-kupfer-gestochen-von-iohann-luyken\/","url":"https:\/\/deroorarebooks.com\/product\/theatre-des-martyrs-depuis-la-mort-de-j-christ-jusqua-present-represente-en-tres-belles-tailles-douces-schau-buhne-der-martyr-gezeichet-und-in-kupfer-gestochen-von-iohann-luyken\/","name":"A suite of prints, representing the various martyrdoms, first produced for the MM by T.J. van Braght and now expanded - Antiquariaat De Roo","isPartOf":{"@id":"https:\/\/deroorarebooks.com\/es\/#website"},"primaryImageOfPage":{"@id":"https:\/\/deroorarebooks.com\/product\/theatre-des-martyrs-depuis-la-mort-de-j-christ-jusqua-present-represente-en-tres-belles-tailles-douces-schau-buhne-der-martyr-gezeichet-und-in-kupfer-gestochen-von-iohann-luyken\/#primaryimage"},"image":{"@id":"https:\/\/deroorarebooks.com\/product\/theatre-des-martyrs-depuis-la-mort-de-j-christ-jusqua-present-represente-en-tres-belles-tailles-douces-schau-buhne-der-martyr-gezeichet-und-in-kupfer-gestochen-von-iohann-luyken\/#primaryimage"},"thumbnailUrl":"https:\/\/deroorarebooks.com\/wp-content\/uploads\/2025\/06\/20250607_100826.jpg","datePublished":"2025-06-06T09:37:31+00:00","dateModified":"2026-04-16T12:14:43+00:00","breadcrumb":{"@id":"https:\/\/deroorarebooks.com\/product\/theatre-des-martyrs-depuis-la-mort-de-j-christ-jusqua-present-represente-en-tres-belles-tailles-douces-schau-buhne-der-martyr-gezeichet-und-in-kupfer-gestochen-von-iohann-luyken\/#breadcrumb"},"inLanguage":"de","potentialAction":[{"@type":"ReadAction","target":["https:\/\/deroorarebooks.com\/product\/theatre-des-martyrs-depuis-la-mort-de-j-christ-jusqua-present-represente-en-tres-belles-tailles-douces-schau-buhne-der-martyr-gezeichet-und-in-kupfer-gestochen-von-iohann-luyken\/"]}]},{"@type":"ImageObject","inLanguage":"de","@id":"https:\/\/deroorarebooks.com\/product\/theatre-des-martyrs-depuis-la-mort-de-j-christ-jusqua-present-represente-en-tres-belles-tailles-douces-schau-buhne-der-martyr-gezeichet-und-in-kupfer-gestochen-von-iohann-luyken\/#primaryimage","url":"https:\/\/deroorarebooks.com\/wp-content\/uploads\/2025\/06\/20250607_100826.jpg","contentUrl":"https:\/\/deroorarebooks.com\/wp-content\/uploads\/2025\/06\/20250607_100826.jpg","width":1920,"height":1489},{"@type":"BreadcrumbList","@id":"https:\/\/deroorarebooks.com\/product\/theatre-des-martyrs-depuis-la-mort-de-j-christ-jusqua-present-represente-en-tres-belles-tailles-douces-schau-buhne-der-martyr-gezeichet-und-in-kupfer-gestochen-von-iohann-luyken\/#breadcrumb","itemListElement":[{"@type":"ListItem","position":1,"name":"Home","item":"https:\/\/deroorarebooks.com\/"},{"@type":"ListItem","position":2,"name":"Shop","item":"https:\/\/deroorarebooks.com\/shop\/"},{"@type":"ListItem","position":3,"name":"A suite of prints, representing the various martyrdoms, first produced for the MM by T.J. van Braght and now expanded"}]},{"@type":"WebSite","@id":"https:\/\/deroorarebooks.com\/es\/#website","url":"https:\/\/deroorarebooks.com\/es\/","name":"Antiquariaat De Roo","description":"Fine bindings, Theology, (Church) History, Hand-coloured works, Globes","publisher":{"@id":"https:\/\/deroorarebooks.com\/es\/#organization"},"potentialAction":[{"@type":"SearchAction","target":{"@type":"EntryPoint","urlTemplate":"https:\/\/deroorarebooks.com\/es\/?s={search_term_string}"},"query-input":{"@type":"PropertyValueSpecification","valueRequired":true,"valueName":"search_term_string"}}],"inLanguage":"de"},{"@type":"Organization","@id":"https:\/\/deroorarebooks.com\/es\/#organization","name":"Antiquariaat De Roo","url":"https:\/\/deroorarebooks.com\/es\/","logo":{"@type":"ImageObject","inLanguage":"de","@id":"https:\/\/deroorarebooks.com\/es\/#\/schema\/logo\/image\/","url":"https:\/\/deroorarebooks.com\/wp-content\/uploads\/2020\/07\/Logo_Zwart_rood_750.png","contentUrl":"https:\/\/deroorarebooks.com\/wp-content\/uploads\/2020\/07\/Logo_Zwart_rood_750.png","width":750,"height":221,"caption":"Antiquariaat De Roo"},"image":{"@id":"https:\/\/deroorarebooks.com\/es\/#\/schema\/logo\/image\/"}}]}},"_links":{"self":[{"href":"https:\/\/deroorarebooks.com\/de\/wp-json\/wp\/v2\/product\/26507","targetHints":{"allow":["GET"]}}],"collection":[{"href":"https:\/\/deroorarebooks.com\/de\/wp-json\/wp\/v2\/product"}],"about":[{"href":"https:\/\/deroorarebooks.com\/de\/wp-json\/wp\/v2\/types\/product"}],"wp:featuredmedia":[{"embeddable":true,"href":"https:\/\/deroorarebooks.com\/de\/wp-json\/wp\/v2\/media\/26647"}],"wp:attachment":[{"href":"https:\/\/deroorarebooks.com\/de\/wp-json\/wp\/v2\/media?parent=26507"}],"wp:term":[{"taxonomy":"product_brand","embeddable":true,"href":"https:\/\/deroorarebooks.com\/de\/wp-json\/wp\/v2\/product_brand?post=26507"},{"taxonomy":"product_cat","embeddable":true,"href":"https:\/\/deroorarebooks.com\/de\/wp-json\/wp\/v2\/product_cat?post=26507"},{"taxonomy":"product_tag","embeddable":true,"href":"https:\/\/deroorarebooks.com\/de\/wp-json\/wp\/v2\/product_tag?post=26507"}],"curies":[{"name":"wp","href":"https:\/\/api.w.org\/{rel}","templated":true}]}}